{"id":246366,"date":"2025-11-28T12:16:18","date_gmt":"2025-11-28T09:16:18","guid":{"rendered":"https:\/\/ecoshop.ee\/?post_type=product&#038;p=246366"},"modified":"2026-04-03T22:27:32","modified_gmt":"2026-04-03T19:27:32","slug":"cosmeau-krasas-pastiprinatajs-netirai-velai-10-gab","status":"publish","type":"product","link":"https:\/\/ecoshop.ee\/lv\/puhastusvahendid\/cosmeau-musta-pesu-varvitugevdaja-10tk\/","title":{"rendered":"Cosmeau meln\u0101s ve\u013cas kr\u0101sas pastiprin\u0101t\u0101js, 10 gab."},"content":{"rendered":"<p data-start=\"78\" data-end=\"331\">\u012apa\u0161as kr\u0101su pastiprin\u0101t\u0101ja sloksnes, kas atgrie\u017e dzi\u013cumu izbal\u0113ju\u0161ai melnai ve\u013cai. Vienk\u0101r\u0161i pievienojiet sloksni ve\u013cas ma\u0161\u012bnai regul\u0101r\u0101s mazg\u0101\u0161anas laik\u0101 \u2014 rezult\u0101ts ir tum\u0161\u0101ki, intens\u012bv\u0101ki to\u0146i, ko nevar pan\u0101kt ar parasto meln\u0101s ve\u013cas mazg\u0101\u0161anas l\u012bdzekli.<\/p>\n<p data-start=\"333\" data-end=\"638\">Piez\u012bme! \u0160is nav mazg\u0101\u0161anas l\u012bdzeklis. Izmantojiet <strong data-start=\"367\" data-end=\"388\">tikai melna ve\u013ca<\/strong> Nepievienojiet gai\u0161\u0101m, kr\u0101sain\u0101m vai balt\u0101m dr\u0113b\u0113m \u2014 sloksne var izbalin\u0101t gai\u0161as kr\u0101sas. Ja dr\u0113b\u0113m ir balts logotips vai raksts, t\u0101 ar\u012b var izbal\u0113t. Ikdienas mazg\u0101\u0161anai bez papildu pastiprin\u0101t\u0101ja lab\u0101k piem\u0113rotas ir melnas ve\u013cas sloksnes Cosmeau.<\/p>\n<ul>\n<li data-start=\"640\" data-end=\"833\">Pie\u0161\u0137ir tum\u0161\u0101kai ve\u013cai dzi\u013c\u0101ku toni<\/li>\n<li data-start=\"640\" data-end=\"833\">Viegli lietojams, vienk\u0101r\u0161i pievienojiet parastajai ve\u013cai<\/li>\n<li data-start=\"640\" data-end=\"833\">Piem\u0113rots vis\u0101m temperat\u016br\u0101m<\/li>\n<li data-start=\"640\" data-end=\"833\">Piem\u0113rots vilnai un z\u012bdam<\/li>\n<li data-start=\"640\" data-end=\"833\">\u0112rt\u0101ka un videi draudz\u012bg\u0101ka izv\u0113le<\/li>\n<\/ul>\n<p data-start=\"835\" data-end=\"872\" data-is-last-node=\"\" data-is-only-node=\"\"><em data-start=\"835\" data-end=\"872\" data-is-last-node=\"\">Piez\u012bme: Str\u0113mele piln\u012bb\u0101 neiz\u0161\u0137\u012bd\u012bs.<\/em><\/p>","protected":false},"excerpt":{"rendered":"<p>Spetsiaalsed v\u00e4rvitugevdaja ribad, mis annavad tuhmunud mustale pesule uuesti s\u00fcgavuse. Lisa riba lihtsalt pesumasinasse oma tavalise pesurutiini juurde \u2013 tulemuseks on tumedamad,&hellip;<\/p>","protected":false},"featured_media":246367,"comment_status":"open","ping_status":"closed","template":"","meta":{"wprm-recipe-roundup-name":"","wprm-recipe-roundup-description":""},"product_brand":[11998],"product_cat":[8002],"product_tag":[],"class_list":{"0":"post-246366","1":"product","2":"type-product","3":"status-publish","4":"has-post-thumbnail","6":"product_brand-cosmeau","7":"product_cat-puhastusvahendid","9":"first","10":"instock","11":"taxable","12":"shipping-taxable","13":"purchasable","14":"product-type-simple"},"supplier_id":246354,"supplier_sku":"","barcode":"8720655301407","atum_controlled":true,"out_stock_date":null,"out_stock_threshold":null,"inheritable":false,"inbound_stock":0,"stock_on_hold":0,"sold_today":0,"sales_last_days":1,"reserved_stock":0,"customer_returns":0,"warehouse_damage":0,"lost_in_post":0,"other_logs":0,"out_stock_days":0,"lost_sales":0,"has_location":false,"update_date":"2026-04-07T16:51:56","atum_locations":[],"atum_stock_status":"instock","restock_status":false,"low_stock_amount":"","sales_update_date":"2026-04-07T16:51:56","calc_backorders":null,"aioseo_notices":[],"_links":{"self":[{"href":"https:\/\/ecoshop.ee\/lv\/wp-json\/wp\/v2\/product\/246366","targetHints":{"allow":["GET"]}}],"collection":[{"href":"https:\/\/ecoshop.ee\/lv\/wp-json\/wp\/v2\/product"}],"about":[{"href":"https:\/\/ecoshop.ee\/lv\/wp-json\/wp\/v2\/types\/product"}],"replies":[{"embeddable":true,"href":"https:\/\/ecoshop.ee\/lv\/wp-json\/wp\/v2\/comments?post=246366"}],"version-history":[{"count":0,"href":"https:\/\/ecoshop.ee\/lv\/wp-json\/wp\/v2\/product\/246366\/revisions"}],"wp:featuredmedia":[{"embeddable":true,"href":"https:\/\/ecoshop.ee\/lv\/wp-json\/wp\/v2\/media\/246367"}],"wp:attachment":[{"href":"https:\/\/ecoshop.ee\/lv\/wp-json\/wp\/v2\/media?parent=246366"}],"wp:term":[{"taxonomy":"product_brand","embeddable":true,"href":"https:\/\/ecoshop.ee\/lv\/wp-json\/wp\/v2\/product_brand?post=246366"},{"taxonomy":"product_cat","embeddable":true,"href":"https:\/\/ecoshop.ee\/lv\/wp-json\/wp\/v2\/product_cat?post=246366"},{"taxonomy":"product_tag","embeddable":true,"href":"https:\/\/ecoshop.ee\/lv\/wp-json\/wp\/v2\/product_tag?post=246366"}],"curies":[{"name":"wp","href":"https:\/\/api.w.org\/{rel}","templated":true}]}}