{"id":246370,"date":"2025-11-28T12:43:33","date_gmt":"2025-11-28T09:43:33","guid":{"rendered":"https:\/\/ecoshop.ee\/?post_type=product&#038;p=246370"},"modified":"2025-11-28T12:43:35","modified_gmt":"2025-11-28T09:43:35","slug":"cosmeau-stikla-tirisanas-tabletes-6-gab","status":"publish","type":"product","link":"https:\/\/ecoshop.ee\/lv\/puhastusvahendid\/cosmeau-klaasipuhastustabletid-6tk\/","title":{"rendered":"Cosmeau stikla t\u012br\u012b\u0161anas tabletes, 6 gab."},"content":{"rendered":"<p data-start=\"50\" data-end=\"244\">Efekt\u012bvas stikla t\u012br\u012b\u0161anas tabletes, kas acumirkl\u012b p\u0101rv\u0113r\u0161 kr\u0101na \u016bdeni stikla t\u012br\u012b\u0161anas l\u012bdzekl\u012b. Vienk\u0101r\u0161i ieg\u0101d\u0101jieties smidzin\u0101\u0161anas pudeli vienreiz, piepildiet to ar \u016bdeni, pievienojiet tableti \u2013 un j\u016bs ieg\u016bsiet mirdzo\u0161i t\u012bru rezult\u0101tu bez liekas plastmasas.<\/p>\n<p data-start=\"246\" data-end=\"392\">Vieglas tabletes samazina nevajadz\u012bgu \u016bdens transport\u0113\u0161anu, \u0137\u012bmisko vielu pat\u0113ri\u0146u un iepakojuma atkritumus. \u0112rts veids, k\u0101 uztur\u0113t m\u0101ju t\u012bru un veicin\u0101t ilgtsp\u0113j\u012bbu.<\/p>\n<ul>\n<li data-start=\"394\" data-end=\"511\">Ekonomiska un plastmasas nesaturo\u0161a izv\u0113le<\/li>\n<li data-start=\"394\" data-end=\"511\">Efekt\u012bvi un bez sv\u012btr\u0101m t\u012br\u012b\u0161anas rezult\u0101ti<\/li>\n<li data-start=\"394\" data-end=\"511\">Veg\u0101ns<\/li>\n<li data-start=\"394\" data-end=\"511\">Pieejama uzpildes sist\u0113ma<\/li>\n<\/ul>\n<p data-start=\"513\" data-end=\"623\"><strong data-start=\"513\" data-end=\"536\">Bez smar\u017eas formula<\/strong><br data-start=\"536\" data-end=\"539\" \/>Piem\u0113rots logiem, spogu\u013ciem un jebkurai stikla virsmai \u2013 atst\u0101j virsmu bez sv\u012btr\u0101m un sp\u012bd\u012bgu.<\/p>\n<p data-start=\"625\" data-end=\"747\">Ko dar\u012bt, ja par\u0101d\u0101s sv\u012btras vai migla?<br data-start=\"653\" data-end=\"656\" \/>\u2022 Pievienojiet nedaudz eti\u0137a vai izmantojiet pusi tabletes 500 ml pudelei \u2013 tas pietiks ilg\u0101kam laikam.<\/p>\n<p data-start=\"749\" data-end=\"822\">Ja t\u012br\u012b\u0161anas sp\u0113ja joproj\u0101m ir v\u0101ja:<br data-start=\"780\" data-end=\"783\" \/>\u2022 Lai ieg\u016btu papildu stiprumu, lietojiet dubultu tableti.<\/p>\n<p data-start=\"824\" data-end=\"1006\" data-is-last-node=\"\" data-is-only-node=\"\">Vai es to varu lietot ar savu smidzin\u0101\u0161anas pudeli?<br data-start=\"862\" data-end=\"865\" \/>\u2022 J\u0101! Katrai tabletei nepiecie\u0161ami 500 ml \u016bdens. Ja nepiecie\u0161ams, \u016bdens daudzumu var samazin\u0101t vai palielin\u0101t, lai sasniegtu v\u0113lamo stiprumu un iedarb\u012bbas ilgumu.<\/p>","protected":false},"excerpt":{"rendered":"<p>T\u00f5husad klaasipuhastustabletid, mis muudavad kraanivee hetkega klaasipuhastusvahendiks. Osta pihustipudel vaid korra, t\u00e4ida see veega, lisa tablett \u2013 ja sul on s\u00e4ravpuhas tulemus&hellip;<\/p>","protected":false},"featured_media":246371,"comment_status":"open","ping_status":"closed","template":"","meta":{"wprm-recipe-roundup-name":"","wprm-recipe-roundup-description":""},"product_brand":[11998],"product_cat":[8002],"product_tag":[],"class_list":{"0":"post-246370","1":"product","2":"type-product","3":"status-publish","4":"has-post-thumbnail","6":"product_brand-cosmeau","7":"product_cat-puhastusvahendid","9":"first","10":"instock","11":"sale","12":"taxable","13":"shipping-taxable","14":"purchasable","15":"product-type-simple"},"supplier_id":246354,"supplier_sku":"","barcode":"8720655301254","atum_controlled":true,"out_stock_date":null,"out_stock_threshold":null,"inheritable":false,"inbound_stock":0,"stock_on_hold":0,"sold_today":0,"sales_last_days":0,"reserved_stock":0,"customer_returns":0,"warehouse_damage":0,"lost_in_post":0,"other_logs":0,"out_stock_days":0,"lost_sales":0,"has_location":false,"update_date":"2026-03-07T01:16:09","atum_locations":[],"atum_stock_status":"instock","restock_status":false,"low_stock_amount":"","sales_update_date":"2026-03-07T01:16:09","calc_backorders":null,"aioseo_notices":[],"_links":{"self":[{"href":"https:\/\/ecoshop.ee\/lv\/wp-json\/wp\/v2\/product\/246370","targetHints":{"allow":["GET"]}}],"collection":[{"href":"https:\/\/ecoshop.ee\/lv\/wp-json\/wp\/v2\/product"}],"about":[{"href":"https:\/\/ecoshop.ee\/lv\/wp-json\/wp\/v2\/types\/product"}],"replies":[{"embeddable":true,"href":"https:\/\/ecoshop.ee\/lv\/wp-json\/wp\/v2\/comments?post=246370"}],"version-history":[{"count":0,"href":"https:\/\/ecoshop.ee\/lv\/wp-json\/wp\/v2\/product\/246370\/revisions"}],"wp:featuredmedia":[{"embeddable":true,"href":"https:\/\/ecoshop.ee\/lv\/wp-json\/wp\/v2\/media\/246371"}],"wp:attachment":[{"href":"https:\/\/ecoshop.ee\/lv\/wp-json\/wp\/v2\/media?parent=246370"}],"wp:term":[{"taxonomy":"product_brand","embeddable":true,"href":"https:\/\/ecoshop.ee\/lv\/wp-json\/wp\/v2\/product_brand?post=246370"},{"taxonomy":"product_cat","embeddable":true,"href":"https:\/\/ecoshop.ee\/lv\/wp-json\/wp\/v2\/product_cat?post=246370"},{"taxonomy":"product_tag","embeddable":true,"href":"https:\/\/ecoshop.ee\/lv\/wp-json\/wp\/v2\/product_tag?post=246370"}],"curies":[{"name":"wp","href":"https:\/\/api.w.org\/{rel}","templated":true}]}}