{"id":246374,"date":"2025-11-28T13:00:07","date_gmt":"2025-11-28T10:00:07","guid":{"rendered":"https:\/\/ecoshop.ee\/?post_type=product&#038;p=246374"},"modified":"2026-02-03T15:09:32","modified_gmt":"2026-02-03T12:09:32","slug":"cosmeau-universalas-tirisanas-tabletes-6-gab","status":"publish","type":"product","link":"https:\/\/ecoshop.ee\/lv\/puhastusvahendid\/cosmeau-universaalsed-puhastustabletid-6tk\/","title":{"rendered":"Cosmeau univers\u0101l\u0101s t\u012br\u012b\u0161anas tabletes, 6 gab."},"content":{"rendered":"<p data-start=\"58\" data-end=\"244\">Daudzfunkcion\u0101las t\u012br\u012b\u0161anas tabletes, kas \u0101tri p\u0101rv\u0113r\u0161 kr\u0101na \u016bdeni par efekt\u012bvu t\u012br\u012b\u0161anas l\u012bdzekli. Vienk\u0101r\u0161i ieg\u0101d\u0101jieties smidzin\u0101\u0161anas pudeli vienreiz, piepildiet to ar \u016bdeni, pievienojiet tableti \u2013 un j\u016bs esat gatavs t\u012br\u012b\u0161anai.<\/p>\n<p data-start=\"246\" data-end=\"453\">Viegl\u0101s tabletes samazina nevajadz\u012bgu \u016bdens transport\u0113\u0161anu, \u0137\u012bmisko vielu pat\u0113ri\u0146u un vienreizlietojam\u0101s plastmasas daudzumu. Pieejamas uzpildes tabletes tiek pieg\u0101d\u0101tas \u0113rt\u0101 pastkast\u012btes form\u0101t\u0101 un pal\u012bdz uztur\u0113t j\u016bsu m\u0101ju t\u012bru un videi draudz\u012bgu.<\/p>\n<ul>\n<li data-start=\"455\" data-end=\"557\">Efekt\u012bvs univers\u0101ls t\u012br\u012b\u0161anas l\u012bdzeklis<\/li>\n<li data-start=\"455\" data-end=\"557\">Ekonomisks un plastmasas nesaturo\u0161s risin\u0101jums<\/li>\n<li data-start=\"455\" data-end=\"557\">Veg\u0101ns<\/li>\n<li data-start=\"455\" data-end=\"557\">Pieejama uzpildes sist\u0113ma<\/li>\n<\/ul>\n<p data-start=\"559\" data-end=\"644\">Ja t\u012br\u012b\u0161anas sp\u0113ja joproj\u0101m ir v\u0101ja:<br data-start=\"594\" data-end=\"597\" \/>\u2022 Lai ieg\u016btu stipr\u0101ku \u0161\u0137\u012bdumu, izmantojiet divas tabletes.<\/p>\n<p data-start=\"646\" data-end=\"818\" data-is-last-node=\"\" data-is-only-node=\"\">Vai es to varu lietot ar savu smidzin\u0101\u0161anas pudeli?<br data-start=\"688\" data-end=\"691\" \/>\u2022 J\u0101! Vienas tabletes pagatavo\u0161anai sajauciet 500 ml \u016bdens. \u0160\u0137\u012bdumu var padar\u012bt stipr\u0101ku vai \u0161\u0137idr\u0101ku p\u0113c v\u0113l\u0113\u0161an\u0101s, piel\u0101gojot \u016bdens daudzumu.<\/p>","protected":false},"excerpt":{"rendered":"<p>Mitmeotstarbelised puhastustabletid, mis muudavad kraanivee kiiresti t\u00f5husaks puhastusvahendiks. Osta pihustipudel vaid korra, t\u00e4ida see veega, lisa tablett \u2013 ja oledki valmis koristama.&hellip;<\/p>","protected":false},"featured_media":246375,"comment_status":"open","ping_status":"closed","template":"","meta":{"wprm-recipe-roundup-name":"","wprm-recipe-roundup-description":""},"product_brand":[11998],"product_cat":[8002],"product_tag":[],"class_list":{"0":"post-246374","1":"product","2":"type-product","3":"status-publish","4":"has-post-thumbnail","6":"product_brand-cosmeau","7":"product_cat-puhastusvahendid","9":"first","10":"instock","11":"sale","12":"taxable","13":"shipping-taxable","14":"purchasable","15":"product-type-simple"},"supplier_id":246354,"supplier_sku":"","barcode":"8720655301223","atum_controlled":true,"out_stock_date":null,"out_stock_threshold":null,"inheritable":false,"inbound_stock":0,"stock_on_hold":0,"sold_today":0,"sales_last_days":0,"reserved_stock":0,"customer_returns":0,"warehouse_damage":0,"lost_in_post":0,"other_logs":0,"out_stock_days":0,"lost_sales":0,"has_location":false,"update_date":"2026-03-07T01:16:16","atum_locations":[],"atum_stock_status":"instock","restock_status":false,"low_stock_amount":"","sales_update_date":"2026-03-07T01:16:16","calc_backorders":null,"aioseo_notices":[],"_links":{"self":[{"href":"https:\/\/ecoshop.ee\/lv\/wp-json\/wp\/v2\/product\/246374","targetHints":{"allow":["GET"]}}],"collection":[{"href":"https:\/\/ecoshop.ee\/lv\/wp-json\/wp\/v2\/product"}],"about":[{"href":"https:\/\/ecoshop.ee\/lv\/wp-json\/wp\/v2\/types\/product"}],"replies":[{"embeddable":true,"href":"https:\/\/ecoshop.ee\/lv\/wp-json\/wp\/v2\/comments?post=246374"}],"version-history":[{"count":0,"href":"https:\/\/ecoshop.ee\/lv\/wp-json\/wp\/v2\/product\/246374\/revisions"}],"wp:featuredmedia":[{"embeddable":true,"href":"https:\/\/ecoshop.ee\/lv\/wp-json\/wp\/v2\/media\/246375"}],"wp:attachment":[{"href":"https:\/\/ecoshop.ee\/lv\/wp-json\/wp\/v2\/media?parent=246374"}],"wp:term":[{"taxonomy":"product_brand","embeddable":true,"href":"https:\/\/ecoshop.ee\/lv\/wp-json\/wp\/v2\/product_brand?post=246374"},{"taxonomy":"product_cat","embeddable":true,"href":"https:\/\/ecoshop.ee\/lv\/wp-json\/wp\/v2\/product_cat?post=246374"},{"taxonomy":"product_tag","embeddable":true,"href":"https:\/\/ecoshop.ee\/lv\/wp-json\/wp\/v2\/product_tag?post=246374"}],"curies":[{"name":"wp","href":"https:\/\/api.w.org\/{rel}","templated":true}]}}