{"id":246379,"date":"2025-11-28T13:15:21","date_gmt":"2025-11-28T10:15:21","guid":{"rendered":"https:\/\/ecoshop.ee\/?post_type=product&#038;p=246379"},"modified":"2025-11-28T13:15:22","modified_gmt":"2025-11-28T10:15:22","slug":"cosmeau-kuku-tirisanas-tabletes-6-gab","status":"publish","type":"product","link":"https:\/\/ecoshop.ee\/lv\/puhastusvahendid\/cosmeau-koogipuhastuse-tabletid-6tk\/","title":{"rendered":"Cosmeau virtuves t\u012br\u012b\u0161anas tabletes, 6 gab."},"content":{"rendered":"<p data-start=\"51\" data-end=\"264\">Praktiskas virtuves t\u012br\u012b\u0161anas tabletes, kas \u0101tri p\u0101rv\u0113r\u0161 kr\u0101na \u016bdeni efekt\u012bv\u0101 t\u012br\u012b\u0161anas l\u012bdzekl\u012b. Vienreiz ieg\u0101d\u0101jieties smidzin\u0101\u0161anas pudeli, piepildiet to ar \u016bdeni, pievienojiet tableti \u2013 un jums ir videi draudz\u012bgs risin\u0101jums ikdienas t\u012br\u012b\u0161anai.<\/p>\n<p data-start=\"266\" data-end=\"472\">Viegl\u0101s tabletes samazina nevajadz\u012bgu \u016bdens transport\u0113\u0161anu, \u0137\u012bmisko vielu pat\u0113ri\u0146u un vienreizlietojam\u0101s plastmasas daudzumu. Pieejamas uzpildes tabletes tiek pieg\u0101d\u0101tas pastkast\u012btes form\u0101t\u0101 un pal\u012bdz uztur\u0113t j\u016bsu m\u0101jas t\u012bras un plan\u0113tu dro\u0161\u012bb\u0101.<\/p>\n<ul>\n<li>Efekt\u012bvs tauku un p\u0101rtikas atlikumu t\u012br\u012bt\u0101js<\/li>\n<li>Ekonomiska un plastmasas nesaturo\u0161a izv\u0113le<\/li>\n<li>Veg\u0101ns<\/li>\n<li>Pieejama uzpildes sist\u0113ma<\/li>\n<\/ul>\n<p data-start=\"589\" data-end=\"703\"><strong>Laima arom\u0101ta formula<\/strong><br data-start=\"620\" data-end=\"623\" \/>Paredz\u0113ts pl\u012bts virsm\u0101m, darba virsm\u0101m un gr\u012bd\u0101m. Ar atsvaidzino\u0161u laima arom\u0101tu.<\/p>\n<p data-start=\"705\" data-end=\"796\">Ja t\u012br\u012b\u0161anas sp\u0113ja joproj\u0101m ir v\u0101ja:<br data-start=\"740\" data-end=\"743\" \/>\u2022 Lai ieg\u016btu sp\u0113c\u012bg\u0101ku rezult\u0101tu, lietojiet dubultu tableti.<\/p>\n<p data-start=\"798\" data-end=\"970\" data-is-last-node=\"\" data-is-only-node=\"\">Vai es to varu lietot ar savu smidzin\u0101\u0161anas pudeli?<br data-start=\"840\" data-end=\"843\" \/>\u2022 J\u0101! Katrai tabletei pievienojiet 500 ml \u016bdens. Ja nepiecie\u0161ams, varat piel\u0101got \u016bdens daudzumu, lai \u0161\u0137\u012bdums b\u016btu stipr\u0101ks vai ilg\u0101k iedarbotos.<\/p>","protected":false},"excerpt":{"rendered":"<p>Praktilised k\u00f6\u00f6gipuhastustabletid, mis muudavad kraanivee kiiresti t\u00f5husaks puhastusvahendiks. Osta pihustipudel \u00fcks kord, t\u00e4ida veega, lisa tablett \u2013 ja saad keskkonnas\u00e4\u00e4stliku lahenduse igap\u00e4evaseks&hellip;<\/p>","protected":false},"featured_media":246381,"comment_status":"open","ping_status":"closed","template":"","meta":{"wprm-recipe-roundup-name":"","wprm-recipe-roundup-description":""},"product_brand":[11998],"product_cat":[8002],"product_tag":[],"class_list":{"0":"post-246379","1":"product","2":"type-product","3":"status-publish","4":"has-post-thumbnail","6":"product_brand-cosmeau","7":"product_cat-puhastusvahendid","9":"first","10":"instock","11":"sale","12":"taxable","13":"shipping-taxable","14":"purchasable","15":"product-type-simple"},"supplier_id":246354,"supplier_sku":"","barcode":"8720655301230","atum_controlled":true,"out_stock_date":null,"out_stock_threshold":null,"inheritable":false,"inbound_stock":0,"stock_on_hold":0,"sold_today":0,"sales_last_days":0,"reserved_stock":0,"customer_returns":0,"warehouse_damage":0,"lost_in_post":0,"other_logs":0,"out_stock_days":0,"lost_sales":0,"has_location":false,"update_date":"2026-03-07T01:16:05","atum_locations":[],"atum_stock_status":"instock","restock_status":false,"low_stock_amount":"","sales_update_date":"2026-03-07T01:16:05","calc_backorders":null,"aioseo_notices":[],"_links":{"self":[{"href":"https:\/\/ecoshop.ee\/lv\/wp-json\/wp\/v2\/product\/246379","targetHints":{"allow":["GET"]}}],"collection":[{"href":"https:\/\/ecoshop.ee\/lv\/wp-json\/wp\/v2\/product"}],"about":[{"href":"https:\/\/ecoshop.ee\/lv\/wp-json\/wp\/v2\/types\/product"}],"replies":[{"embeddable":true,"href":"https:\/\/ecoshop.ee\/lv\/wp-json\/wp\/v2\/comments?post=246379"}],"version-history":[{"count":0,"href":"https:\/\/ecoshop.ee\/lv\/wp-json\/wp\/v2\/product\/246379\/revisions"}],"wp:featuredmedia":[{"embeddable":true,"href":"https:\/\/ecoshop.ee\/lv\/wp-json\/wp\/v2\/media\/246381"}],"wp:attachment":[{"href":"https:\/\/ecoshop.ee\/lv\/wp-json\/wp\/v2\/media?parent=246379"}],"wp:term":[{"taxonomy":"product_brand","embeddable":true,"href":"https:\/\/ecoshop.ee\/lv\/wp-json\/wp\/v2\/product_brand?post=246379"},{"taxonomy":"product_cat","embeddable":true,"href":"https:\/\/ecoshop.ee\/lv\/wp-json\/wp\/v2\/product_cat?post=246379"},{"taxonomy":"product_tag","embeddable":true,"href":"https:\/\/ecoshop.ee\/lv\/wp-json\/wp\/v2\/product_tag?post=246379"}],"curies":[{"name":"wp","href":"https:\/\/api.w.org\/{rel}","templated":true}]}}