{"id":246387,"date":"2025-11-28T13:59:39","date_gmt":"2025-11-28T10:59:39","guid":{"rendered":"https:\/\/ecoshop.ee\/?post_type=product&#038;p=246387"},"modified":"2026-05-07T20:05:27","modified_gmt":"2026-05-07T17:05:27","slug":"cosmeau-velas-sloksnes-bez-smarzas-60-gab","status":"publish","type":"product","link":"https:\/\/ecoshop.ee\/lv\/puhastusvahendid\/cosmeau-pesuribad-lohnatu-60tk\/","title":{"rendered":"Cosmeau ve\u013cas sloksnes, bez smar\u017eas, 60 gab."},"content":{"rendered":"<p data-start=\"56\" data-end=\"357\">Univers\u0101las hipoaler\u0123iskas ve\u013cas sloksnes bez smar\u017eviel\u0101m. Pieejamas un ide\u0101li piem\u0113rotas ikvienam, kam ir aler\u0123iska reakcija pret mazg\u0101\u0161anas l\u012bdzek\u013ciem. Viegli lietojamas, bez plastmasas un biolo\u0123iski no\u0101rd\u0101mas, pied\u0101v\u0101jot \u0113rtu un videi draudz\u012bgu alternat\u012bvu sp\u0113c\u012bgiem ve\u013cas \u017eelejas un kapsulu l\u012bdzek\u013ciem.<\/p>\n<p data-start=\"359\" data-end=\"609\">Augsti koncentr\u0113t\u0101 formula \u0161\u0137\u012bst gan aukst\u0101, gan karst\u0101 \u016bden\u012b, nodro\u0161ina t\u012bru rezult\u0101tu un padara ve\u013cu dabiski m\u012bkstu \u2013 bez auduma m\u012bkstin\u0101t\u0101ja.<\/p>\n<ul>\n<li data-start=\"611\" data-end=\"1120\">Jauna ar enz\u012bmiem uzlabota t\u012br\u012b\u0161anas jauda<\/li>\n<li data-start=\"611\" data-end=\"1120\">P\u0101rbaud\u012bjis un ieteicis sertific\u0113ts \u0101das terapeits SPROET<\/li>\n<li data-start=\"611\" data-end=\"1120\">Piem\u0113rots vis\u0101m temperat\u016br\u0101m (15\u201390 \u00b0C) un ar\u012b roku mazg\u0101\u0161anai<\/li>\n<li data-start=\"611\" data-end=\"1120\">Veg\u0101ns, bez plastmasas un biolo\u0123iski no\u0101rd\u0101ms<\/li>\n<li data-start=\"611\" data-end=\"1120\">Dermatolo\u0123iski p\u0101rbaud\u012bts jut\u012bgai \u0101dai<\/li>\n<li data-start=\"611\" data-end=\"1120\">Piem\u0113rots baltai, kr\u0101sainai un tum\u0161ai ve\u013cai<\/li>\n<li data-start=\"611\" data-end=\"1120\">M\u012bkstina ve\u013cu dabiski \u2013 nav nepiecie\u0161ams ve\u013cas m\u012bkstin\u0101t\u0101js<\/li>\n<li data-start=\"611\" data-end=\"1120\">Nesatur parab\u0113nus, fosf\u0101tus, limon\u0113nu, hlora balin\u0101t\u0101ju vai kr\u0101svielas<\/li>\n<\/ul>\n<p>Vienk\u0101r\u0161s, kompakts un videi draudz\u012bgs ve\u013cas mazg\u0101\u0161anas veids.<\/p>\n<p data-start=\"1122\" data-end=\"1434\"><strong data-start=\"1122\" data-end=\"1129\">NB!<\/strong><br data-start=\"1129\" data-end=\"1132\" \/>\u2022 Nav piem\u0113rots vilnai un z\u012bdam \u2014 \u0161iem izstr\u0101d\u0101jumiem izmantojiet Cosmeau vilnas un z\u012bda ve\u013cas sloksnes.<br data-start=\"1322\" data-end=\"1325\" \/>\u2022 Sp\u0113c\u012bgu traipu gad\u012bjum\u0101 pirms mazg\u0101\u0161anas nopl\u0113siet gabali\u0146u no sloksnes un ier\u012bv\u0113jiet to mitraj\u0101 traip\u0101 \u2013 tas pie\u0161\u0137irs tai papildu iztur\u012bbu.<\/p>","protected":false},"excerpt":{"rendered":"<p>Universaalsed h\u00fcpoallergeensed pesuribad ilma parf\u00fc\u00fcmideta. Soodne ja ideaalne k\u00f5igile, kellel on pesuvahendite suhtes allergiline reaktsioon. Lihtne kasutada, plastikuvaba ja biolagunev, pakkudes mugavat&hellip;<\/p>","protected":false},"featured_media":246389,"comment_status":"open","ping_status":"closed","template":"","meta":{"wprm-recipe-roundup-name":"","wprm-recipe-roundup-description":""},"product_brand":[11998],"product_cat":[8002],"product_tag":[],"class_list":{"0":"post-246387","1":"product","2":"type-product","3":"status-publish","4":"has-post-thumbnail","6":"product_brand-cosmeau","7":"product_cat-puhastusvahendid","9":"first","10":"instock","11":"taxable","12":"shipping-taxable","13":"purchasable","14":"product-type-simple"},"supplier_id":246354,"supplier_sku":"","barcode":"8720655300653","atum_controlled":true,"out_stock_date":null,"out_stock_threshold":null,"inheritable":false,"inbound_stock":0,"stock_on_hold":0,"sold_today":0,"sales_last_days":1,"reserved_stock":0,"customer_returns":0,"warehouse_damage":0,"lost_in_post":0,"other_logs":0,"out_stock_days":0,"lost_sales":0,"has_location":false,"update_date":"2026-05-11T15:18:05","atum_locations":[],"atum_stock_status":"instock","restock_status":false,"low_stock_amount":"","sales_update_date":"2026-05-11T15:18:05","calc_backorders":null,"aioseo_notices":[],"_links":{"self":[{"href":"https:\/\/ecoshop.ee\/lv\/wp-json\/wp\/v2\/product\/246387","targetHints":{"allow":["GET"]}}],"collection":[{"href":"https:\/\/ecoshop.ee\/lv\/wp-json\/wp\/v2\/product"}],"about":[{"href":"https:\/\/ecoshop.ee\/lv\/wp-json\/wp\/v2\/types\/product"}],"replies":[{"embeddable":true,"href":"https:\/\/ecoshop.ee\/lv\/wp-json\/wp\/v2\/comments?post=246387"}],"version-history":[{"count":0,"href":"https:\/\/ecoshop.ee\/lv\/wp-json\/wp\/v2\/product\/246387\/revisions"}],"wp:featuredmedia":[{"embeddable":true,"href":"https:\/\/ecoshop.ee\/lv\/wp-json\/wp\/v2\/media\/246389"}],"wp:attachment":[{"href":"https:\/\/ecoshop.ee\/lv\/wp-json\/wp\/v2\/media?parent=246387"}],"wp:term":[{"taxonomy":"product_brand","embeddable":true,"href":"https:\/\/ecoshop.ee\/lv\/wp-json\/wp\/v2\/product_brand?post=246387"},{"taxonomy":"product_cat","embeddable":true,"href":"https:\/\/ecoshop.ee\/lv\/wp-json\/wp\/v2\/product_cat?post=246387"},{"taxonomy":"product_tag","embeddable":true,"href":"https:\/\/ecoshop.ee\/lv\/wp-json\/wp\/v2\/product_tag?post=246387"}],"curies":[{"name":"wp","href":"https:\/\/api.w.org\/{rel}","templated":true}]}}