{"id":246391,"date":"2025-11-28T14:13:21","date_gmt":"2025-11-28T11:13:21","guid":{"rendered":"https:\/\/ecoshop.ee\/?post_type=product&#038;p=246391"},"modified":"2026-04-14T14:14:04","modified_gmt":"2026-04-14T11:14:04","slug":"cosmeau-bernu-drebju-mazgasanas-sloksnes-bergamotes-aromats-60-gab","status":"publish","type":"product","link":"https:\/\/ecoshop.ee\/lv\/puhastusvahendid\/cosmeau-beebiriiete-pesuribad-bergamott-60tk\/","title":{"rendered":"Cosmeau b\u0113rnu dr\u0113bju mazg\u0101\u0161anas sloksnes, bergamotes, 60 gab."},"content":{"rendered":"<p data-start=\"40\" data-end=\"330\">Maigs un efekt\u012bvs ve\u013cas mazg\u0101\u0161anas l\u012bdzeklis z\u012bdai\u0146u un mazu\u013cu dr\u0113b\u0113m. \u012apa\u0161i izstr\u0101d\u0101ts, lai izt\u012br\u012btu tipiskus z\u012bdai\u0146u un mazu\u013cu traipus, vienlaikus ir pH neitr\u0101ls un dermatolo\u0123iski p\u0101rbaud\u012bts. Videi draudz\u012bg\u0101 formula nesatur plastmasu, ir veg\u0101niska un biolo\u0123iski no\u0101rd\u0101ma, un \u0161\u0137\u012bst gan aukst\u0101, gan karst\u0101 \u016bden\u012b.<\/p>\n<p data-start=\"332\" data-end=\"553\">Bergamotes arom\u0101ts ir maigs, silts un svaigs \u2013 piem\u0113rots lieto\u0161anai gan b\u0113rnu dr\u0113b\u0113m, gan pieaugu\u0161ajiem ar jut\u012bgu \u0101du. Augu izcelsmes formula t\u012bra bez p\u0101rm\u0113r\u012bgas \u0137imik\u0101liju lieto\u0161anas un atst\u0101j dr\u0113bes svaigas un \u0113rtas.<\/p>\n<ul>\n<li data-start=\"611\" data-end=\"1120\">Saudz\u012bgs, bet efekt\u012bvs b\u0113rnu dr\u0113b\u0113m<\/li>\n<li data-start=\"611\" data-end=\"1120\">pH neitr\u0101ls un \u0101dai draudz\u012bgs<\/li>\n<li data-start=\"611\" data-end=\"1120\">Piem\u0113rots vis\u0101m temperat\u016br\u0101m (15\u201390 \u00b0C) un ar\u012b roku mazg\u0101\u0161anai<\/li>\n<li data-start=\"611\" data-end=\"1120\">Veg\u0101ns, bez plastmasas un biolo\u0123iski no\u0101rd\u0101ms<\/li>\n<li data-start=\"611\" data-end=\"1120\">Dermatolo\u0123iski p\u0101rbaud\u012bts jut\u012bgai \u0101dai<\/li>\n<li data-start=\"611\" data-end=\"1120\">Piem\u0113rots baltai, kr\u0101sainai un tum\u0161ai ve\u013cai<\/li>\n<li data-start=\"611\" data-end=\"1120\">M\u012bkstina ve\u013cu dabiski \u2013 nav nepiecie\u0161ams ve\u013cas m\u012bkstin\u0101t\u0101js<\/li>\n<li data-start=\"611\" data-end=\"1120\">Nesatur parab\u0113nus, fosf\u0101tus, limon\u0113nu, hlora balin\u0101t\u0101ju vai kr\u0101svielas<\/li>\n<\/ul>\n<p>Vienk\u0101r\u0161s, kompakts un videi draudz\u012bgs ve\u013cas mazg\u0101\u0161anas veids.<\/p>\n<p data-start=\"1122\" data-end=\"1434\"><strong data-start=\"1122\" data-end=\"1129\">NB!<\/strong><br data-start=\"1129\" data-end=\"1132\" \/>\u2022 Nav piem\u0113rots vilnai un z\u012bdam \u2014 \u0161iem izstr\u0101d\u0101jumiem izmantojiet Cosmeau vilnas un z\u012bda ve\u013cas sloksnes.<br data-start=\"1322\" data-end=\"1325\" \/>\u2022 Sp\u0113c\u012bgu traipu gad\u012bjum\u0101 pirms mazg\u0101\u0161anas nopl\u0113siet gabali\u0146u no sloksnes un ier\u012bv\u0113jiet to mitraj\u0101 traip\u0101 \u2013 tas pie\u0161\u0137irs tai papildu iztur\u012bbu.<\/p>","protected":false},"excerpt":{"rendered":"<p>\u00d5rn ja t\u00f5hus pesulahendus beebide ja v\u00e4ikelaste riietele. Spetsiaalselt loodud eemaldama t\u00fc\u00fcpilisi beebi- ja mudilaseplekke, olles samal ajal pH-neutraalne ning dermatoloogiliselt testitud.&hellip;<\/p>","protected":false},"featured_media":246392,"comment_status":"open","ping_status":"closed","template":"","meta":{"wprm-recipe-roundup-name":"","wprm-recipe-roundup-description":""},"product_brand":[11998],"product_cat":[8002],"product_tag":[],"class_list":{"0":"post-246391","1":"product","2":"type-product","3":"status-publish","4":"has-post-thumbnail","6":"product_brand-cosmeau","7":"product_cat-puhastusvahendid","9":"first","10":"instock","11":"taxable","12":"shipping-taxable","13":"purchasable","14":"product-type-simple"},"supplier_id":246354,"supplier_sku":"","barcode":"8720655301377","atum_controlled":true,"out_stock_date":null,"out_stock_threshold":null,"inheritable":false,"inbound_stock":0,"stock_on_hold":0,"sold_today":0,"sales_last_days":1,"reserved_stock":0,"customer_returns":0,"warehouse_damage":0,"lost_in_post":0,"other_logs":0,"out_stock_days":0,"lost_sales":0,"has_location":false,"update_date":"2026-04-17T07:24:10","atum_locations":[],"atum_stock_status":"instock","restock_status":false,"low_stock_amount":"","sales_update_date":"2026-04-17T07:24:10","calc_backorders":null,"aioseo_notices":[],"_links":{"self":[{"href":"https:\/\/ecoshop.ee\/lv\/wp-json\/wp\/v2\/product\/246391","targetHints":{"allow":["GET"]}}],"collection":[{"href":"https:\/\/ecoshop.ee\/lv\/wp-json\/wp\/v2\/product"}],"about":[{"href":"https:\/\/ecoshop.ee\/lv\/wp-json\/wp\/v2\/types\/product"}],"replies":[{"embeddable":true,"href":"https:\/\/ecoshop.ee\/lv\/wp-json\/wp\/v2\/comments?post=246391"}],"version-history":[{"count":0,"href":"https:\/\/ecoshop.ee\/lv\/wp-json\/wp\/v2\/product\/246391\/revisions"}],"wp:featuredmedia":[{"embeddable":true,"href":"https:\/\/ecoshop.ee\/lv\/wp-json\/wp\/v2\/media\/246392"}],"wp:attachment":[{"href":"https:\/\/ecoshop.ee\/lv\/wp-json\/wp\/v2\/media?parent=246391"}],"wp:term":[{"taxonomy":"product_brand","embeddable":true,"href":"https:\/\/ecoshop.ee\/lv\/wp-json\/wp\/v2\/product_brand?post=246391"},{"taxonomy":"product_cat","embeddable":true,"href":"https:\/\/ecoshop.ee\/lv\/wp-json\/wp\/v2\/product_cat?post=246391"},{"taxonomy":"product_tag","embeddable":true,"href":"https:\/\/ecoshop.ee\/lv\/wp-json\/wp\/v2\/product_tag?post=246391"}],"curies":[{"name":"wp","href":"https:\/\/api.w.org\/{rel}","templated":true}]}}