{"id":246407,"date":"2025-11-28T15:50:43","date_gmt":"2025-11-28T12:50:43","guid":{"rendered":"https:\/\/ecoshop.ee\/?post_type=product&#038;p=246407"},"modified":"2026-04-14T14:14:04","modified_gmt":"2026-04-14T11:14:04","slug":"cosmeau-velas-sloksnes-makonos-60-gab","status":"publish","type":"product","link":"https:\/\/ecoshop.ee\/lv\/puhastusvahendid\/cosmeau-pesuribad-pilved-60tk\/","title":{"rendered":"Cosmeau ve\u013cas sloksnes, m\u0101ko\u0146i, 60 gab."},"content":{"rendered":"<p data-start=\"56\" data-end=\"357\">Univers\u0101las piecu vien\u0101 ve\u013cas sloksnes ar svaigu un gais\u012bgu arom\u0101tu, kas atg\u0101dina lido\u0161anu sap\u0146os \u2013 viegla v\u0113sma sej\u0101, m\u012bksti m\u0101ko\u0146i visapk\u0101rt un t\u012brs svaigums. Ide\u0101li piem\u0113rotas gultas ve\u013cai, lai rad\u012btu mier\u012bgu un sap\u0146ainu noska\u0146ojumu. Smar\u017ea ir univers\u0101la, t\u012bra un nov\u0113rt\u0113ta k\u0101 lab\u0101k\u0101 m\u0101jas izst\u0101d\u0113.<\/p>\n<p data-start=\"359\" data-end=\"609\">Augsti koncentr\u0113t\u0101 formula \u0161\u0137\u012bst gan aukst\u0101, gan karst\u0101 \u016bden\u012b, nodro\u0161inot t\u012bru rezult\u0101tu un atst\u0101jot ve\u013cu dabiski m\u012bkstu \u2013 bez nepiecie\u0161am\u012bbas p\u0113c ve\u013cas m\u012bkstin\u0101t\u0101ja. Arom\u0101tu aktiviz\u0113 berze: p\u0113c \u017e\u0101v\u0113\u0161anas, viegli berz\u0113jot dr\u0113bes kop\u0101, rodas svaigs, smalks arom\u0101ts.<\/p>\n<ul>\n<li data-start=\"611\" data-end=\"1120\">Jauna ar enz\u012bmiem uzlabota t\u012br\u012b\u0161anas jauda<\/li>\n<li data-start=\"611\" data-end=\"1120\">Ilgnotur\u012bga arom\u0101ta tehnolo\u0123ija TP204 Tlogy<\/li>\n<li data-start=\"611\" data-end=\"1120\">5 vien\u0101: kr\u0101sains, balts, melns, maigums un arom\u0101ts vien\u0101<\/li>\n<li data-start=\"611\" data-end=\"1120\">Piem\u0113rots vis\u0101m temperat\u016br\u0101m (15\u201390 \u00b0C) un ar\u012b roku mazg\u0101\u0161anai<\/li>\n<li data-start=\"611\" data-end=\"1120\">Veg\u0101ns, bez plastmasas un biolo\u0123iski no\u0101rd\u0101ms<\/li>\n<li data-start=\"611\" data-end=\"1120\">Dermatolo\u0123iski p\u0101rbaud\u012bts jut\u012bgai \u0101dai<\/li>\n<li data-start=\"611\" data-end=\"1120\">Piem\u0113rots baltai, kr\u0101sainai un tum\u0161ai ve\u013cai<\/li>\n<li data-start=\"611\" data-end=\"1120\">M\u012bkstina ve\u013cu dabiski \u2013 nav nepiecie\u0161ams ve\u013cas m\u012bkstin\u0101t\u0101js<\/li>\n<li data-start=\"611\" data-end=\"1120\">Nesatur parab\u0113nus, fosf\u0101tus, limon\u0113nu, hlora balin\u0101t\u0101ju vai kr\u0101svielas<\/li>\n<\/ul>\n<p>Vienk\u0101r\u0161s, kompakts un videi draudz\u012bgs ve\u013cas mazg\u0101\u0161anas veids.<\/p>\n<p data-start=\"1122\" data-end=\"1434\"><strong data-start=\"1122\" data-end=\"1129\">NB!<\/strong><br data-start=\"1129\" data-end=\"1132\" \/>\u2022 Nav piem\u0113rots vilnai un z\u012bdam \u2014 \u0161iem izstr\u0101d\u0101jumiem izmantojiet Cosmeau vilnas un z\u012bda ve\u013cas sloksnes.<br data-start=\"1216\" data-end=\"1219\" \/>\u2022 Ve\u013cas sloksn\u012b\u0161u arom\u0101ts ir maig\u0101ks nek\u0101 p\u0101k\u0161u kapsul\u0101m. Arom\u0101ts pastiprin\u0101s kust\u012bbas un berzes ietekm\u0113.<br data-start=\"1322\" data-end=\"1325\" \/>\u2022 Sp\u0113c\u012bgu traipu gad\u012bjum\u0101 pirms mazg\u0101\u0161anas nopl\u0113siet gabali\u0146u no sloksnes un ier\u012bv\u0113jiet to mitraj\u0101 traip\u0101 \u2013 tas pie\u0161\u0137irs tai papildu iztur\u012bbu.<\/p>","protected":false},"excerpt":{"rendered":"<p>Universaalsed viis-\u00fches pesuribad v\u00e4rske ja \u00f5hulise aroomiga, mis meenutab unistustest tuttavat lendamist \u2013 kerge tuule\u00f5hk n\u00e4ol, pehmed pilved \u00fcmberringi ja puhas v\u00e4rskus.&hellip;<\/p>","protected":false},"featured_media":246408,"comment_status":"open","ping_status":"closed","template":"","meta":{"wprm-recipe-roundup-name":"","wprm-recipe-roundup-description":""},"product_brand":[11998],"product_cat":[8002],"product_tag":[],"class_list":{"0":"post-246407","1":"product","2":"type-product","3":"status-publish","4":"has-post-thumbnail","6":"product_brand-cosmeau","7":"product_cat-puhastusvahendid","9":"first","10":"instock","11":"taxable","12":"shipping-taxable","13":"purchasable","14":"product-type-simple"},"supplier_id":246354,"supplier_sku":"","barcode":"8720655303623","atum_controlled":true,"out_stock_date":null,"out_stock_threshold":null,"inheritable":false,"inbound_stock":0,"stock_on_hold":0,"sold_today":0,"sales_last_days":1,"reserved_stock":0,"customer_returns":0,"warehouse_damage":0,"lost_in_post":0,"other_logs":0,"out_stock_days":0,"lost_sales":0,"has_location":false,"update_date":"2026-04-17T07:24:10","atum_locations":[],"atum_stock_status":"instock","restock_status":false,"low_stock_amount":"","sales_update_date":"2026-04-17T07:24:10","calc_backorders":null,"aioseo_notices":[],"_links":{"self":[{"href":"https:\/\/ecoshop.ee\/lv\/wp-json\/wp\/v2\/product\/246407","targetHints":{"allow":["GET"]}}],"collection":[{"href":"https:\/\/ecoshop.ee\/lv\/wp-json\/wp\/v2\/product"}],"about":[{"href":"https:\/\/ecoshop.ee\/lv\/wp-json\/wp\/v2\/types\/product"}],"replies":[{"embeddable":true,"href":"https:\/\/ecoshop.ee\/lv\/wp-json\/wp\/v2\/comments?post=246407"}],"version-history":[{"count":0,"href":"https:\/\/ecoshop.ee\/lv\/wp-json\/wp\/v2\/product\/246407\/revisions"}],"wp:featuredmedia":[{"embeddable":true,"href":"https:\/\/ecoshop.ee\/lv\/wp-json\/wp\/v2\/media\/246408"}],"wp:attachment":[{"href":"https:\/\/ecoshop.ee\/lv\/wp-json\/wp\/v2\/media?parent=246407"}],"wp:term":[{"taxonomy":"product_brand","embeddable":true,"href":"https:\/\/ecoshop.ee\/lv\/wp-json\/wp\/v2\/product_brand?post=246407"},{"taxonomy":"product_cat","embeddable":true,"href":"https:\/\/ecoshop.ee\/lv\/wp-json\/wp\/v2\/product_cat?post=246407"},{"taxonomy":"product_tag","embeddable":true,"href":"https:\/\/ecoshop.ee\/lv\/wp-json\/wp\/v2\/product_tag?post=246407"}],"curies":[{"name":"wp","href":"https:\/\/api.w.org\/{rel}","templated":true}]}}