{"id":246423,"date":"2025-11-28T17:07:53","date_gmt":"2025-11-28T14:07:53","guid":{"rendered":"https:\/\/ecoshop.ee\/?post_type=product&#038;p=246423"},"modified":"2026-01-08T22:53:27","modified_gmt":"2026-01-08T19:53:27","slug":"cosmeau-tirisanas-tablesu-sakuma-komplekts-8-gab","status":"publish","type":"product","link":"https:\/\/ecoshop.ee\/lv\/puhastusvahendid\/cosmeau-puhastustablettide-stardikomplekt-8tk\/","title":{"rendered":"Cosmeau t\u012br\u012b\u0161anas table\u0161u s\u0101kuma komplekts, 8 gab."},"content":{"rendered":"<p data-start=\"93\" data-end=\"367\">Daudzpus\u012bgs t\u012br\u012b\u0161anas komplekts, kas satur \u010detras da\u017e\u0101das t\u012br\u012b\u0161anas tabletes ikdienas m\u0101jas t\u012br\u012b\u0161anai. Piepildiet smidzin\u0101\u0161anas pudeli ar kr\u0101na \u016bdeni, pievienojiet tableti, un jums ir efekt\u012bvs t\u012br\u012b\u0161anas l\u012bdzeklis bez liekas plastmasas un p\u0101rm\u0113r\u012bgas \u016bdens transport\u0113\u0161anas. Ekonomisks, videi draudz\u012bgs, vietu taupo\u0161s un \u0113rts.<\/p>\n<p data-start=\"369\" data-end=\"494\">\u2022 Samazina plastmasas un \u016bdens transport\u0113\u0161anu<br data-start=\"406\" data-end=\"409\" \/>\u2022 Efekt\u012bva t\u012br\u012b\u0161ana uz jebkuras virsmas<br data-start=\"439\" data-end=\"442\" \/>\u2022 Veg\u0101ns<br data-start=\"449\" data-end=\"452\" \/>\u2022 Pieejama un praktiska uzpildes sist\u0113ma<\/p>\n<p data-start=\"496\" data-end=\"669\"><strong data-start=\"496\" data-end=\"518\">Komplekt\u0101 ietilpst:<\/strong><br data-start=\"518\" data-end=\"521\" \/>\u2022 <strong data-start=\"523\" data-end=\"554\">2\u00d7 Stikla t\u012br\u012bt\u0101js \u2013 bez smar\u017eas<\/strong><br data-start=\"554\" data-end=\"557\" \/>Rezult\u0101ts bez sv\u012btr\u0101m uz logiem, spogu\u013ciem un vis\u0101m stikla virsm\u0101m. Ja sv\u012btras vai migla paliek, pievienojiet nedaudz eti\u0137a.<\/p>\n<p data-start=\"671\" data-end=\"800\">\u2022 <strong data-start=\"673\" data-end=\"691\">2\u00d7 Virtuves \u2013 laims<\/strong><br data-start=\"691\" data-end=\"694\" \/>Paredz\u0113ts tauku un p\u0101rtikas atlikumu no\u0146em\u0161anai no pl\u012bts virsm\u0101m, darba virsm\u0101m un gr\u012bd\u0101m. Svaigs laima arom\u0101ts.<\/p>\n<p data-start=\"802\" data-end=\"906\">\u2022 <strong data-start=\"804\" data-end=\"841\">2\u00d7 Vannas istaba un sanit\u0101rtehnika \u2013 oran\u017ea<\/strong><br data-start=\"841\" data-end=\"844\" \/>No\u0146em un nov\u0113r\u0161 ka\u013c\u0137akmens veido\u0161anos. Piem\u0113rots vannas istab\u0101m un tualet\u0113m.<\/p>\n<p data-start=\"908\" data-end=\"1018\">\u2022 <strong data-start=\"910\" data-end=\"946\">2\u00d7 Univers\u0101ls t\u012br\u012b\u0161anas l\u012bdzeklis \u2013 lavanda<\/strong><br data-start=\"946\" data-end=\"949\" \/>Daudzfunkcion\u0101ls t\u012br\u012b\u0161anas l\u012bdzeklis da\u017e\u0101d\u0101m virsm\u0101m ar maigu lavandas arom\u0101tu.<\/p>\n<p data-start=\"1020\" data-end=\"1113\"><strong data-start=\"1020\" data-end=\"1055\">Ja t\u012br\u012b\u0161anas sp\u0113ja joproj\u0101m ir v\u0101ja:<\/strong><br data-start=\"1055\" data-end=\"1058\" \/>Lai ieg\u016btu sp\u0113c\u012bg\u0101ku rezult\u0101tu, lietojiet divas tabletes.<\/p>\n<p data-start=\"1115\" data-end=\"1226\"><strong data-start=\"1115\" data-end=\"1157\">Vai es to varu lietot ar savu smidzin\u0101\u0161anas pudeli?<\/strong><br data-start=\"1157\" data-end=\"1160\" \/>J\u0101, tabletes ir piem\u0113rotas liel\u0101kajai da\u013cai \u0161aurkakla aerosola pudel\u012b\u0161u.<\/p>","protected":false},"excerpt":{"rendered":"<p>Mitmek\u00fclgne puhastuskomplekt, mis sisaldab nelja erinevat puhastustabletti igap\u00e4evase koduhoolduse jaoks. T\u00e4ida pihustipudel kraaniveega, lisa tablett ja saad t\u00f5husa puhastusvahendi ilma tarbetu plastikuta&hellip;<\/p>","protected":false},"featured_media":246424,"comment_status":"open","ping_status":"closed","template":"","meta":{"wprm-recipe-roundup-name":"","wprm-recipe-roundup-description":""},"product_brand":[11998],"product_cat":[8002],"product_tag":[],"class_list":{"0":"post-246423","1":"product","2":"type-product","3":"status-publish","4":"has-post-thumbnail","6":"product_brand-cosmeau","7":"product_cat-puhastusvahendid","9":"first","10":"instock","11":"taxable","12":"shipping-taxable","13":"purchasable","14":"product-type-simple"},"supplier_id":246354,"supplier_sku":"","barcode":"8720655301445","atum_controlled":true,"out_stock_date":null,"out_stock_threshold":null,"inheritable":false,"inbound_stock":0,"stock_on_hold":0,"sold_today":0,"sales_last_days":0,"reserved_stock":0,"customer_returns":0,"warehouse_damage":0,"lost_in_post":0,"other_logs":0,"out_stock_days":0,"lost_sales":0,"has_location":false,"update_date":"2026-04-20T21:45:56","atum_locations":[],"atum_stock_status":"instock","restock_status":false,"low_stock_amount":"","sales_update_date":"2026-04-20T21:45:56","calc_backorders":null,"aioseo_notices":[],"_links":{"self":[{"href":"https:\/\/ecoshop.ee\/lv\/wp-json\/wp\/v2\/product\/246423","targetHints":{"allow":["GET"]}}],"collection":[{"href":"https:\/\/ecoshop.ee\/lv\/wp-json\/wp\/v2\/product"}],"about":[{"href":"https:\/\/ecoshop.ee\/lv\/wp-json\/wp\/v2\/types\/product"}],"replies":[{"embeddable":true,"href":"https:\/\/ecoshop.ee\/lv\/wp-json\/wp\/v2\/comments?post=246423"}],"version-history":[{"count":0,"href":"https:\/\/ecoshop.ee\/lv\/wp-json\/wp\/v2\/product\/246423\/revisions"}],"wp:featuredmedia":[{"embeddable":true,"href":"https:\/\/ecoshop.ee\/lv\/wp-json\/wp\/v2\/media\/246424"}],"wp:attachment":[{"href":"https:\/\/ecoshop.ee\/lv\/wp-json\/wp\/v2\/media?parent=246423"}],"wp:term":[{"taxonomy":"product_brand","embeddable":true,"href":"https:\/\/ecoshop.ee\/lv\/wp-json\/wp\/v2\/product_brand?post=246423"},{"taxonomy":"product_cat","embeddable":true,"href":"https:\/\/ecoshop.ee\/lv\/wp-json\/wp\/v2\/product_cat?post=246423"},{"taxonomy":"product_tag","embeddable":true,"href":"https:\/\/ecoshop.ee\/lv\/wp-json\/wp\/v2\/product_tag?post=246423"}],"curies":[{"name":"wp","href":"https:\/\/api.w.org\/{rel}","templated":true}]}}