{"id":246426,"date":"2025-11-28T17:28:01","date_gmt":"2025-11-28T14:28:01","guid":{"rendered":"https:\/\/ecoshop.ee\/?post_type=product&#038;p=246426"},"modified":"2025-11-28T17:28:03","modified_gmt":"2025-11-28T14:28:03","slug":"cosmeau-smarzigas-perles-pavasari-50-mazgasanas-reizes","status":"publish","type":"product","link":"https:\/\/ecoshop.ee\/lv\/puhastusvahendid\/cosmeau-lohnaparlid-kevad-50-pesu\/","title":{"rendered":"Cosmeau smar\u017eu p\u0113rl\u012btes, pavasaris, 50 mazg\u0101\u0161anas reizes"},"content":{"rendered":"<p data-start=\"47\" data-end=\"347\">Ekolo\u0123iskas smar\u017eu p\u0113rl\u012btes, kas pie\u0161\u0137ir ve\u013cai svaigu un ilgsto\u0161u arom\u0101tu. Mikroarom\u0101tu kapsulas izdal\u0101s, t\u0101s berz\u0113jot \u2013 ejot, p\u0101rvietojoties vai vingrojot \u2013 un nodro\u0161ina pat\u012bkamu arom\u0101tu l\u012bdz pat 12 ned\u0113\u013c\u0101m. Smar\u017ea ir dab\u012bga, nevis sint\u0113tiska, un piem\u0113rota gan sieviet\u0113m, gan v\u012brie\u0161iem.<\/p>\n<p data-start=\"349\" data-end=\"541\"><em data-start=\"349\" data-end=\"363\">Pavasara svaigums<\/em>\u00a0Rada saulainas pavasara dienas saj\u016btu: silts gaiss, putnu dziesmas un viegls ziedu arom\u0101ts. Ide\u0101li piem\u0113rots gultasve\u013cai, sniedzot maigu, svaigu un ne p\u0101r\u0101k saldu arom\u0101tu.<\/p>\n<ul>\n<li data-start=\"543\" data-end=\"991\">Pie\u0161\u0137ir ve\u013cai papildu arom\u0101tu<\/li>\n<li data-start=\"543\" data-end=\"991\">Pagatavots no kukur\u016bzas cietes, veg\u0101ns<\/li>\n<li data-start=\"543\" data-end=\"991\">Dab\u012bgs arom\u0101ts<\/li>\n<li data-start=\"543\" data-end=\"991\">Svaigums l\u012bdz pat 12 ned\u0113\u013c\u0101m<\/li>\n<li data-start=\"543\" data-end=\"991\">Komplekt\u0101 m\u0113rtrauks<\/li>\n<li data-start=\"543\" data-end=\"991\">L\u012bdz 50 mazg\u0101\u0161anas reiz\u0113m ar vieglu arom\u0101tu vai 25 mazg\u0101\u0161anas reiz\u0113m ar sp\u0113c\u012bg\u0101ku arom\u0101tu<\/li>\n<li data-start=\"543\" data-end=\"991\">Pirms mazg\u0101\u0161anas pievienot tie\u0161i tuk\u0161\u0101 ve\u013cas ma\u0161\u012bn\u0101<\/li>\n<li data-start=\"543\" data-end=\"991\">Lieliski atbilst Cosmeau mazg\u0101\u0161anas sloksn\u0113m<\/li>\n<\/ul>\n<p data-start=\"993\" data-end=\"1072\" data-is-last-node=\"\" data-is-only-node=\"\">Maigs, pavasara svaigums ar katru mazg\u0101\u0161anas reizi \u2013 dab\u012bgs, ilgsto\u0161s un ilgtsp\u0113j\u012bgs.<\/p>\n<p data-start=\"0\" data-end=\"17\"><strong data-start=\"0\" data-end=\"17\">Uzpildes iepakojumi<\/strong><\/p>\n<p data-start=\"19\" data-end=\"251\" data-is-last-node=\"\" data-is-only-node=\"\">Standarta t\u016bbi\u0146a ar m\u0113rtrauku ir iepakota t\u0101, lai arom\u0101ts saglab\u0101tos p\u0113c iesp\u0113jas ilg\u0101k. T\u0101 nav j\u0101maina katru reizi \u2014 n\u0101kotn\u0113 varat vienk\u0101r\u0161i pas\u016bt\u012bt l\u0113t\u0101kus uzpildes komplektus, kas pat\u0113r\u0113 maz\u0101k iepakojuma.<\/p>","protected":false},"excerpt":{"rendered":"<p>Keskkonnas\u00f5bralikud l\u00f5hnap\u00e4rlid, mis annavad pesule v\u00e4rske ja kauap\u00fcsiva aroomi. Mikro-l\u00f5hnakapslid vabanevad h\u00f5\u00f5rdumisel \u2013 k\u00f5ndides, liikudes v\u00f5i trenni tehes \u2013 ning pakuvad kuni&hellip;<\/p>","protected":false},"featured_media":246427,"comment_status":"open","ping_status":"closed","template":"","meta":{"wprm-recipe-roundup-name":"","wprm-recipe-roundup-description":""},"product_brand":[11998],"product_cat":[8002],"product_tag":[],"class_list":{"0":"post-246426","1":"product","2":"type-product","3":"status-publish","4":"has-post-thumbnail","6":"product_brand-cosmeau","7":"product_cat-puhastusvahendid","9":"first","10":"instock","11":"taxable","12":"shipping-taxable","13":"purchasable","14":"product-type-simple"},"supplier_id":246354,"supplier_sku":"","barcode":"8720655301452","atum_controlled":true,"out_stock_date":null,"out_stock_threshold":null,"inheritable":false,"inbound_stock":0,"stock_on_hold":0,"sold_today":0,"sales_last_days":0,"reserved_stock":0,"customer_returns":0,"warehouse_damage":0,"lost_in_post":0,"other_logs":0,"out_stock_days":0,"lost_sales":0,"has_location":false,"update_date":"2026-04-20T21:45:56","atum_locations":[],"atum_stock_status":"instock","restock_status":false,"low_stock_amount":"","sales_update_date":"2026-04-20T21:45:56","calc_backorders":null,"aioseo_notices":[],"_links":{"self":[{"href":"https:\/\/ecoshop.ee\/lv\/wp-json\/wp\/v2\/product\/246426","targetHints":{"allow":["GET"]}}],"collection":[{"href":"https:\/\/ecoshop.ee\/lv\/wp-json\/wp\/v2\/product"}],"about":[{"href":"https:\/\/ecoshop.ee\/lv\/wp-json\/wp\/v2\/types\/product"}],"replies":[{"embeddable":true,"href":"https:\/\/ecoshop.ee\/lv\/wp-json\/wp\/v2\/comments?post=246426"}],"version-history":[{"count":0,"href":"https:\/\/ecoshop.ee\/lv\/wp-json\/wp\/v2\/product\/246426\/revisions"}],"wp:featuredmedia":[{"embeddable":true,"href":"https:\/\/ecoshop.ee\/lv\/wp-json\/wp\/v2\/media\/246427"}],"wp:attachment":[{"href":"https:\/\/ecoshop.ee\/lv\/wp-json\/wp\/v2\/media?parent=246426"}],"wp:term":[{"taxonomy":"product_brand","embeddable":true,"href":"https:\/\/ecoshop.ee\/lv\/wp-json\/wp\/v2\/product_brand?post=246426"},{"taxonomy":"product_cat","embeddable":true,"href":"https:\/\/ecoshop.ee\/lv\/wp-json\/wp\/v2\/product_cat?post=246426"},{"taxonomy":"product_tag","embeddable":true,"href":"https:\/\/ecoshop.ee\/lv\/wp-json\/wp\/v2\/product_tag?post=246426"}],"curies":[{"name":"wp","href":"https:\/\/api.w.org\/{rel}","templated":true}]}}