{"id":246450,"date":"2025-11-30T18:55:07","date_gmt":"2025-11-30T15:55:07","guid":{"rendered":"https:\/\/ecoshop.ee\/?post_type=product&#038;p=246450"},"modified":"2025-11-30T18:55:08","modified_gmt":"2025-11-30T15:55:08","slug":"cosmeau-tualetes-tirisanas-sloksnes-60-gab","status":"publish","type":"product","link":"https:\/\/ecoshop.ee\/lv\/puhastusvahendid\/cosmeau-wc-puhastusribad-60tk\/","title":{"rendered":"Cosmeau Tualetes t\u012br\u012b\u0161anas sloksnes, 60 gab."},"content":{"rendered":"<p data-start=\"30\" data-end=\"347\">Videi draudz\u012bgs tualetes t\u012br\u012b\u0161anas l\u012bdzeklis \u0113rt\u0101 pap\u012bra str\u0113mel\u012b\u0161u veid\u0101 \u2013 vienk\u0101r\u0161i pievienojiet vienu str\u0113mel\u012bti traukam un \u013caujiet tai paveikt savu darbu. Biolo\u0123iski no\u0101rd\u0101ms, vietu taupo\u0161s un pieejam\u0101ks nek\u0101 tradicion\u0101lie tualetes \u017eelejas. \u012apa\u0161i koncentr\u0113t\u0101 formula no\u0146em net\u012brumus un ka\u013c\u0137akmeni bez fosf\u0101tiem, balin\u0101t\u0101jiem vai sp\u0113c\u012bg\u0101m \u0137\u012bmisk\u0101m viel\u0101m.<\/p>\n<p data-start=\"349\" data-end=\"535\">\u2022 Sp\u0113c\u012bga ka\u013c\u0137akmens un net\u012brumu no\u0146em\u0161ana<br data-start=\"386\" data-end=\"389\" \/>\u2022 Svaigs arom\u0101ts<br data-start=\"402\" data-end=\"405\" \/>\u2022 pH neitr\u0101ls \u2013 neboj\u0101 podu, met\u0101la vai plastmasas deta\u013cas<br data-start=\"466\" data-end=\"469\" \/>\u2022 Piln\u012bb\u0101 \u0161\u0137\u012bsto\u0161s un neaizsprosto<br data-start=\"504\" data-end=\"507\" \/>\u2022 Bez plastmasas un biolo\u0123iski no\u0101rd\u0101ms<\/p>\n<p data-start=\"349\" data-end=\"535\">\n<p data-start=\"537\" data-end=\"559\"><strong data-start=\"537\" data-end=\"557\">K\u0101 lietot?<\/strong><\/p>\n<ol data-start=\"560\" data-end=\"789\">\n<li data-start=\"560\" data-end=\"631\">\n<p data-start=\"563\" data-end=\"631\">P\u0101rpl\u0113siet sloksni uz pus\u0113m pa perfor\u0101ciju vai izmantojiet veselu sloksni.<\/p>\n<\/li>\n<li data-start=\"632\" data-end=\"662\">\n<p data-start=\"635\" data-end=\"662\">Ievietojiet sloksni tualetes poda \u016bden\u012b.<\/p>\n<\/li>\n<li data-start=\"663\" data-end=\"706\">\n<p data-start=\"666\" data-end=\"706\">\u013baujiet tai iz\u0161\u0137\u012bst 20\u201330 sekundes.<\/p>\n<\/li>\n<li data-start=\"707\" data-end=\"742\">\n<p data-start=\"710\" data-end=\"742\">Not\u012briet podu ar tualetes birsti.<\/p>\n<\/li>\n<li data-start=\"743\" data-end=\"789\">\n<p data-start=\"746\" data-end=\"789\">Noskalojiet vai atst\u0101jiet uz k\u0101du laiku ilg\u0101k.<\/p>\n<\/li>\n<\/ol>\n<p data-start=\"791\" data-end=\"880\"><strong data-start=\"791\" data-end=\"806\">Doseerimine<\/strong><br data-start=\"806\" data-end=\"809\" \/>\u2022 <strong data-start=\"811\" data-end=\"821\">\u00bd sloksne<\/strong> \u2013 regul\u0101ra t\u012br\u012b\u0161ana<br data-start=\"841\" data-end=\"844\" \/>\u2022 <strong data-start=\"846\" data-end=\"856\">1 sloksne<\/strong> - r\u016bp\u012bg\u0101ka t\u012br\u012b\u0161ana<\/p>\n<p data-start=\"882\" data-end=\"983\" data-is-last-node=\"\" data-is-only-node=\"\">30 str\u0113mel\u012btes ir pietiekamas l\u012bdz pat 60 reiz\u0113m<strong data-start=\"904\" data-end=\"927\">\u00a0t\u012br\u012b\u0161anas nol\u016bkos<\/strong>.<\/p>","protected":false},"excerpt":{"rendered":"<p>Keskkonnas\u00f5bralik WC-puhastusvahend mugaval pabeririba kujul \u2013 lihtsalt lisa \u00fcks riba potti ja lase sellel oma t\u00f6\u00f6 \u00e4ra teha. Biolagunev, ruumis\u00e4\u00e4stlik ning soodsam&hellip;<\/p>","protected":false},"featured_media":246451,"comment_status":"open","ping_status":"closed","template":"","meta":{"wprm-recipe-roundup-name":"","wprm-recipe-roundup-description":""},"product_brand":[11998],"product_cat":[8002],"product_tag":[],"class_list":{"0":"post-246450","1":"product","2":"type-product","3":"status-publish","4":"has-post-thumbnail","6":"product_brand-cosmeau","7":"product_cat-puhastusvahendid","9":"first","10":"instock","11":"taxable","12":"shipping-taxable","13":"purchasable","14":"product-type-simple"},"supplier_id":246354,"supplier_sku":"","barcode":"8720655301391","atum_controlled":true,"out_stock_date":null,"out_stock_threshold":null,"inheritable":false,"inbound_stock":0,"stock_on_hold":0,"sold_today":0,"sales_last_days":0,"reserved_stock":0,"customer_returns":0,"warehouse_damage":0,"lost_in_post":0,"other_logs":0,"out_stock_days":0,"lost_sales":0,"has_location":false,"update_date":"2026-04-20T21:45:56","atum_locations":[],"atum_stock_status":"instock","restock_status":false,"low_stock_amount":"","sales_update_date":"2026-04-20T21:45:56","calc_backorders":null,"aioseo_notices":[],"_links":{"self":[{"href":"https:\/\/ecoshop.ee\/lv\/wp-json\/wp\/v2\/product\/246450","targetHints":{"allow":["GET"]}}],"collection":[{"href":"https:\/\/ecoshop.ee\/lv\/wp-json\/wp\/v2\/product"}],"about":[{"href":"https:\/\/ecoshop.ee\/lv\/wp-json\/wp\/v2\/types\/product"}],"replies":[{"embeddable":true,"href":"https:\/\/ecoshop.ee\/lv\/wp-json\/wp\/v2\/comments?post=246450"}],"version-history":[{"count":0,"href":"https:\/\/ecoshop.ee\/lv\/wp-json\/wp\/v2\/product\/246450\/revisions"}],"wp:featuredmedia":[{"embeddable":true,"href":"https:\/\/ecoshop.ee\/lv\/wp-json\/wp\/v2\/media\/246451"}],"wp:attachment":[{"href":"https:\/\/ecoshop.ee\/lv\/wp-json\/wp\/v2\/media?parent=246450"}],"wp:term":[{"taxonomy":"product_brand","embeddable":true,"href":"https:\/\/ecoshop.ee\/lv\/wp-json\/wp\/v2\/product_brand?post=246450"},{"taxonomy":"product_cat","embeddable":true,"href":"https:\/\/ecoshop.ee\/lv\/wp-json\/wp\/v2\/product_cat?post=246450"},{"taxonomy":"product_tag","embeddable":true,"href":"https:\/\/ecoshop.ee\/lv\/wp-json\/wp\/v2\/product_tag?post=246450"}],"curies":[{"name":"wp","href":"https:\/\/api.w.org\/{rel}","templated":true}]}}