{"id":246453,"date":"2025-11-30T19:06:58","date_gmt":"2025-11-30T16:06:58","guid":{"rendered":"https:\/\/ecoshop.ee\/?post_type=product&#038;p=246453"},"modified":"2025-11-30T19:06:59","modified_gmt":"2025-11-30T16:06:59","slug":"cosmeau-urbsanas-tirisanas-sloksnes-60-gab","status":"publish","type":"product","link":"https:\/\/ecoshop.ee\/lv\/puhastusvahendid\/cosmeau-porandapuhastusribad-60tk\/","title":{"rendered":"Cosmeau gr\u012bdas t\u012br\u012b\u0161anas sloksnes, 60 gab."},"content":{"rendered":"<p data-start=\"34\" data-end=\"239\">Videi draudz\u012bgs gr\u012bdas t\u012br\u012b\u0161anas l\u012bdzeklis \u0113rt\u0101 pap\u012bra str\u0113mel\u012btes veid\u0101 \u2014 vienk\u0101r\u0161i ievietojiet str\u0113mel\u012bti spain\u012b un \u013caujiet tai iz\u0161\u0137\u012bst. Biolo\u0123iski no\u0101rd\u0101ms, vietu taupo\u0161s un pieejam\u0101ks nek\u0101 tradicion\u0101lie gr\u012bdas t\u012br\u012b\u0161anas l\u012bdzek\u013ci.<\/p>\n<p data-start=\"241\" data-end=\"583\">\u2022 \u012apa\u0161i koncentr\u0113ts \u2013 ar enz\u012bmu pal\u012bdz\u012bbu no\u0146em net\u012brumus, traipus un bakt\u0113rijas<br data-start=\"319\" data-end=\"322\" \/>\u2022 Maiga formula, kas neboj\u0101s gr\u012bdas un mazu\u013ca bas\u0101s p\u0113di\u0146as<br data-start=\"407\" data-end=\"410\" \/>\u2022 Nesatur fosf\u0101tus, balin\u0101t\u0101jus vai agres\u012bvas \u0137\u012bmiskas vielas<br data-start=\"471\" data-end=\"474\" \/>\u2022 Piem\u0113rots visu veidu gr\u012bd\u0101m: lamin\u0101tam, kokam, fl\u012bz\u0113m, lie\u0161anas gr\u012bd\u0101m utt.<br data-start=\"545\" data-end=\"548\" \/>\u2022 Piln\u012bb\u0101 \u0161\u0137\u012bsto\u0161s un bez plastmasas<\/p>\n<p data-start=\"241\" data-end=\"583\">Vienk\u0101r\u0161s, efekt\u012bvs un videi draudz\u012bgs veids, k\u0101 likt j\u016bsu gr\u012bd\u0101m mirdz\u0113t.<\/p>\n<p data-start=\"585\" data-end=\"607\"><strong data-start=\"585\" data-end=\"605\">K\u0101 lietot?<\/strong><\/p>\n<ol data-start=\"608\" data-end=\"852\">\n<li data-start=\"608\" data-end=\"679\">\n<p data-start=\"611\" data-end=\"679\">P\u0101rpl\u0113siet sloksni uz pus\u0113m pa perfor\u0101ciju vai izmantojiet veselu sloksni.<\/p>\n<\/li>\n<li data-start=\"680\" data-end=\"736\">\n<p data-start=\"683\" data-end=\"736\">Ievietojiet sloksni spain\u012b, kas piepild\u012bts ar karstu vai aukstu \u016bdeni.<\/p>\n<\/li>\n<li data-start=\"737\" data-end=\"780\">\n<p data-start=\"740\" data-end=\"780\">\u013baujiet tai iz\u0161\u0137\u012bst 20\u201330 sekundes.<\/p>\n<\/li>\n<li data-start=\"781\" data-end=\"815\">\n<p data-start=\"784\" data-end=\"815\">Piln\u012bb\u0101 iegremd\u0113jiet mopu \u016bden\u012b.<\/p>\n<\/li>\n<li data-start=\"816\" data-end=\"852\">\n<p data-start=\"819\" data-end=\"852\">Not\u012briet gr\u012bdu k\u0101 parasti.<\/p>\n<\/li>\n<\/ol>\n<p data-start=\"854\" data-end=\"1028\"><strong data-start=\"854\" data-end=\"869\">Doseerimine<\/strong><br data-start=\"869\" data-end=\"872\" \/>\u2022 <strong data-start=\"874\" data-end=\"884\">\u00bd sloksne<\/strong> \u2013 apm\u0113ram 5 litru spainim vai regul\u0101rai t\u012br\u012b\u0161anai<br data-start=\"944\" data-end=\"947\" \/>\u2022 <strong data-start=\"949\" data-end=\"959\">1 sloksne<\/strong> \u2013 10 litru spainim vai \u013coti net\u012bras gr\u012bdas t\u012br\u012b\u0161anai<\/p>","protected":false},"excerpt":{"rendered":"<p>Keskkonnas\u00f5bralik p\u00f5randapuhastusvahend mugava pabeririba kujul \u2013 lihtsalt lisa riba \u00e4mbrisse ja lase sellel lahustuda. Biolagunev, ruumis\u00e4\u00e4stlik ning soodsam kui traditsioonilised p\u00f5randapuhastusvahendid. \u2022&hellip;<\/p>","protected":false},"featured_media":246454,"comment_status":"open","ping_status":"closed","template":"","meta":{"wprm-recipe-roundup-name":"","wprm-recipe-roundup-description":""},"product_brand":[11998],"product_cat":[8002],"product_tag":[],"class_list":{"0":"post-246453","1":"product","2":"type-product","3":"status-publish","4":"has-post-thumbnail","6":"product_brand-cosmeau","7":"product_cat-puhastusvahendid","9":"first","10":"instock","11":"taxable","12":"shipping-taxable","13":"purchasable","14":"product-type-simple"},"supplier_id":246354,"supplier_sku":"","barcode":"8720655301353","atum_controlled":true,"out_stock_date":null,"out_stock_threshold":null,"inheritable":false,"inbound_stock":0,"stock_on_hold":0,"sold_today":0,"sales_last_days":0,"reserved_stock":0,"customer_returns":0,"warehouse_damage":0,"lost_in_post":0,"other_logs":0,"out_stock_days":0,"lost_sales":0,"has_location":false,"update_date":"2026-04-20T21:45:56","atum_locations":[],"atum_stock_status":"instock","restock_status":false,"low_stock_amount":"","sales_update_date":"2026-04-20T21:45:56","calc_backorders":null,"aioseo_notices":[],"_links":{"self":[{"href":"https:\/\/ecoshop.ee\/lv\/wp-json\/wp\/v2\/product\/246453","targetHints":{"allow":["GET"]}}],"collection":[{"href":"https:\/\/ecoshop.ee\/lv\/wp-json\/wp\/v2\/product"}],"about":[{"href":"https:\/\/ecoshop.ee\/lv\/wp-json\/wp\/v2\/types\/product"}],"replies":[{"embeddable":true,"href":"https:\/\/ecoshop.ee\/lv\/wp-json\/wp\/v2\/comments?post=246453"}],"version-history":[{"count":0,"href":"https:\/\/ecoshop.ee\/lv\/wp-json\/wp\/v2\/product\/246453\/revisions"}],"wp:featuredmedia":[{"embeddable":true,"href":"https:\/\/ecoshop.ee\/lv\/wp-json\/wp\/v2\/media\/246454"}],"wp:attachment":[{"href":"https:\/\/ecoshop.ee\/lv\/wp-json\/wp\/v2\/media?parent=246453"}],"wp:term":[{"taxonomy":"product_brand","embeddable":true,"href":"https:\/\/ecoshop.ee\/lv\/wp-json\/wp\/v2\/product_brand?post=246453"},{"taxonomy":"product_cat","embeddable":true,"href":"https:\/\/ecoshop.ee\/lv\/wp-json\/wp\/v2\/product_cat?post=246453"},{"taxonomy":"product_tag","embeddable":true,"href":"https:\/\/ecoshop.ee\/lv\/wp-json\/wp\/v2\/product_tag?post=246453"}],"curies":[{"name":"wp","href":"https:\/\/api.w.org\/{rel}","templated":true}]}}