{"id":246456,"date":"2025-11-30T19:21:09","date_gmt":"2025-11-30T16:21:09","guid":{"rendered":"https:\/\/ecoshop.ee\/?post_type=product&#038;p=246456"},"modified":"2026-04-20T12:03:34","modified_gmt":"2026-04-20T09:03:34","slug":"cosmeau-noude-velas-mazgajamas-masinas-sloksnes-60-gab","status":"publish","type":"product","link":"https:\/\/ecoshop.ee\/lv\/puhastusvahendid\/cosmeau-noudepesumasina-ribad-60tk\/","title":{"rendered":"Cosmeau trauku mazg\u0101jam\u0101s ma\u0161\u012bnas sloksnes, 60 gab."},"content":{"rendered":"<p data-start=\"35\" data-end=\"216\">Videi draudz\u012bgs un \u0113rts trauku mazg\u0101jam\u0101s ma\u0161\u012bnas mazg\u0101\u0161anas l\u012bdzeklis pap\u012bra str\u0113mel\u012btes veid\u0101. Atpl\u0113st, doz\u0113t un ievietot ma\u0161\u012bn\u0101 \u2013 vienk\u0101r\u0161i! Biolo\u0123iski no\u0101rd\u0101ms saska\u0146\u0101 ar ES pras\u012bb\u0101m, bez plastmasas un \u0101rk\u0101rt\u012bgi vietu taupo\u0161s.<\/p>\n<p data-start=\"218\" data-end=\"479\">\u2022 \u012apa\u0161i koncentr\u0113ta formula, izmantojot enz\u012bmus, no\u0146em net\u012brumus, traipus, p\u0101rtikas atliekas un bakt\u0113rijas<br data-start=\"318\" data-end=\"321\" \/>\u2022 Nesatur parab\u0113nus, fosf\u0101tus vai agres\u012bvas \u0137\u012bmiskas vielas<br data-start=\"381\" data-end=\"384\" \/>\u2022 Piln\u012bb\u0101 \u0161\u0137\u012bsto\u0161a sloksne<br data-start=\"410\" data-end=\"413\" \/>\u2022 Iepakojums bez plastmasas<br data-start=\"432\" data-end=\"435\" \/>\u2022 Doz\u0113\u0161ana atkar\u012bb\u0101 no net\u012br\u012bbas pak\u0101pes<\/p>\n<p data-start=\"481\" data-end=\"503\"><strong data-start=\"481\" data-end=\"501\">K\u0101 lietot?<\/strong><\/p>\n<ol data-start=\"504\" data-end=\"833\">\n<li data-start=\"504\" data-end=\"626\">\n<p data-start=\"507\" data-end=\"626\">Salociet sloksni, lai t\u0101 ietilptu dozator\u0101. Ja nepiecie\u0161ams, nopl\u0113siet gabali\u0146u un ievietojiet to trauku mazg\u0101jam\u0101s ma\u0161\u012bnas apak\u0161\u0101 priek\u0161mazg\u0101\u0161anai.<\/p>\n<\/li>\n<li data-start=\"627\" data-end=\"661\">\n<p data-start=\"630\" data-end=\"661\">P\u0113c apstr\u0101des nomazg\u0101t rokas.<\/p>\n<\/li>\n<li data-start=\"662\" data-end=\"833\">\n<p data-start=\"665\" data-end=\"833\"><strong data-start=\"665\" data-end=\"680\">Uzman\u012bbu!<\/strong> Maz\u0101m vai vec\u0101k\u0101m trauku mazg\u0101jam\u0101m ma\u0161\u012bn\u0101m izmantojiet ne vair\u0101k k\u0101 \u00bd b\u0101ra vai \u00bc b\u0101ra spiedienu, lai izvair\u012btos no p\u0101rm\u0113r\u012bgas puto\u0161anas. Ja putu ir p\u0101r\u0101k daudz, samaziniet to daudzumu.<\/p>\n<\/li>\n<\/ol>\n<p data-start=\"835\" data-end=\"979\"><strong data-start=\"835\" data-end=\"850\">Doseerimine<\/strong><br data-start=\"850\" data-end=\"853\" \/>\u2022 <strong data-start=\"855\" data-end=\"865\">\u00bd sloksne<\/strong> \u2013 vid\u0113ji net\u012briem traukiem<br data-start=\"902\" data-end=\"905\" \/>\u2022 <strong data-start=\"907\" data-end=\"917\">1 sloksne<\/strong> \u2013 \u013coti net\u012briem traukiem (izmantojiet augst\u0101ku temperat\u016bru)<\/p>\n<p data-start=\"981\" data-end=\"1098\">P\u0101rliecinieties, vai trauku mazg\u0101jamaj\u0101 ma\u0161\u012bn\u0101 ir pietiekami daudz s\u0101ls \u0161\u0137\u012bduma, un, ja nepiecie\u0161ams, pievienojiet skalo\u0161anas l\u012bdzekli, ja uz gl\u0101z\u0113m ir nogulsnes.<\/p>","protected":false},"excerpt":{"rendered":"<p>Keskkonnas\u00f5bralik ja mugav n\u00f5udepesumasina pesuvahend pabeririba kujul. Rebi, doseeri ja aseta masinasse \u2013 lihtne! Biolagunev EU n\u00f5uete j\u00e4rgi, plastikuvaba ja eriti ruumis\u00e4\u00e4stlik.&hellip;<\/p>","protected":false},"featured_media":246457,"comment_status":"open","ping_status":"closed","template":"","meta":{"wprm-recipe-roundup-name":"","wprm-recipe-roundup-description":""},"product_brand":[11998],"product_cat":[8002],"product_tag":[],"class_list":{"0":"post-246456","1":"product","2":"type-product","3":"status-publish","4":"has-post-thumbnail","6":"product_brand-cosmeau","7":"product_cat-puhastusvahendid","9":"first","10":"instock","11":"taxable","12":"shipping-taxable","13":"purchasable","14":"product-type-simple"},"supplier_id":246354,"supplier_sku":"","barcode":"8720655302466","atum_controlled":true,"out_stock_date":null,"out_stock_threshold":null,"inheritable":false,"inbound_stock":0,"stock_on_hold":0,"sold_today":0,"sales_last_days":3,"reserved_stock":0,"customer_returns":0,"warehouse_damage":0,"lost_in_post":0,"other_logs":0,"out_stock_days":0,"lost_sales":0,"has_location":false,"update_date":"2026-04-22T08:48:01","atum_locations":[],"atum_stock_status":"instock","restock_status":true,"low_stock_amount":"","sales_update_date":"2026-04-22T08:48:01","calc_backorders":null,"aioseo_notices":[],"_links":{"self":[{"href":"https:\/\/ecoshop.ee\/lv\/wp-json\/wp\/v2\/product\/246456","targetHints":{"allow":["GET"]}}],"collection":[{"href":"https:\/\/ecoshop.ee\/lv\/wp-json\/wp\/v2\/product"}],"about":[{"href":"https:\/\/ecoshop.ee\/lv\/wp-json\/wp\/v2\/types\/product"}],"replies":[{"embeddable":true,"href":"https:\/\/ecoshop.ee\/lv\/wp-json\/wp\/v2\/comments?post=246456"}],"version-history":[{"count":0,"href":"https:\/\/ecoshop.ee\/lv\/wp-json\/wp\/v2\/product\/246456\/revisions"}],"wp:featuredmedia":[{"embeddable":true,"href":"https:\/\/ecoshop.ee\/lv\/wp-json\/wp\/v2\/media\/246457"}],"wp:attachment":[{"href":"https:\/\/ecoshop.ee\/lv\/wp-json\/wp\/v2\/media?parent=246456"}],"wp:term":[{"taxonomy":"product_brand","embeddable":true,"href":"https:\/\/ecoshop.ee\/lv\/wp-json\/wp\/v2\/product_brand?post=246456"},{"taxonomy":"product_cat","embeddable":true,"href":"https:\/\/ecoshop.ee\/lv\/wp-json\/wp\/v2\/product_cat?post=246456"},{"taxonomy":"product_tag","embeddable":true,"href":"https:\/\/ecoshop.ee\/lv\/wp-json\/wp\/v2\/product_tag?post=246456"}],"curies":[{"name":"wp","href":"https:\/\/api.w.org\/{rel}","templated":true}]}}