{"id":246459,"date":"2025-11-30T19:33:34","date_gmt":"2025-11-30T16:33:34","guid":{"rendered":"https:\/\/ecoshop.ee\/?post_type=product&#038;p=246459"},"modified":"2026-04-20T12:03:34","modified_gmt":"2026-04-20T09:03:34","slug":"cosmeau-noude-velas-mazgajamas-masinas-universalas-tirisanas-tabletes-12-gab","status":"publish","type":"product","link":"https:\/\/ecoshop.ee\/lv\/puhastusvahendid\/cosmeau-noudepesumasina-suvapuhastustabletid-12-tk\/","title":{"rendered":"Cosmeau trauku mazg\u0101jam\u0101s ma\u0161\u012bnas dzi\u013c\u0101s t\u012br\u012b\u0161anas tabletes, 12 gab."},"content":{"rendered":"<p>Uzturiet savu trauku mazg\u0101jamo ma\u0161\u012bnu t\u012bru, svaigu un maksim\u0101li efekt\u012bvu! \u0160\u012bs sp\u0113c\u012bg\u0101s dzi\u013c\u0101s t\u012br\u012b\u0161anas tabletes no\u0146em taukus, ka\u013c\u0137akmeni un pielipu\u0161us p\u0101rtikas atlikumus, kas laika gait\u0101 uzkr\u0101jas j\u016bsu ier\u012bc\u0113. Rezult\u0101t\u0101 j\u016bs ieg\u016bsiet higi\u0113niski t\u012bru ma\u0161\u012bnu un mirdzo\u0161i t\u012brus traukus katru reizi.<\/p>\n<p>&nbsp;<\/p>\n<p data-start=\"332\" data-end=\"347\"><strong data-start=\"336\" data-end=\"347\">Priek\u0161roc\u012bbas<\/strong><\/p>\n<ul>\n<li><strong data-start=\"351\" data-end=\"367\">Dzi\u013c\u0101 t\u012br\u012b\u0161ana<\/strong> \u2013 no\u0146em taukus, ka\u013c\u0137akmeni un sl\u0113ptus net\u012brumus no filtriem, sprausl\u0101m un caurul\u0113m<\/li>\n<li><strong data-start=\"456\" data-end=\"470\">Atsvaidzina<\/strong> \u2013 neitraliz\u0113 nepat\u012bkamas smakas un atst\u0101j ier\u012bci pat\u012bkami t\u012bru<\/li>\n<li><strong data-start=\"539\" data-end=\"556\">Lab\u0101ka veiktsp\u0113ja<\/strong> \u2013 t\u012br\u0101ka ma\u0161\u012bna = t\u012br\u0101ki trauki<\/li>\n<li><strong data-start=\"592\" data-end=\"613\">Videi draudz\u012bgs<\/strong> \u2013 biolo\u0123iski no\u0101rd\u0101mas sast\u0101vda\u013cas, bez kait\u012bg\u0101m \u0137\u012bmisk\u0101m viel\u0101m<\/li>\n<li><strong data-start=\"675\" data-end=\"694\">Viegli lietojams<\/strong> \u2013 piem\u0113rots vis\u0101m trauku mazg\u0101jamaj\u0101m ma\u0161\u012bn\u0101m<\/li>\n<\/ul>\n<p>&nbsp;<\/p>\n<p data-start=\"739\" data-end=\"763\"><strong data-start=\"743\" data-end=\"763\">K\u0101 lietot?<\/strong><\/p>\n<ol data-start=\"765\" data-end=\"934\">\n<li data-start=\"765\" data-end=\"816\">Ievietojiet vienu tableti tuk\u0161as trauku mazg\u0101jam\u0101s ma\u0161\u012bnas apak\u0161\u0101.<\/li>\n<li data-start=\"817\" data-end=\"877\">Palaidiet intens\u012bvu programmu vismaz 60\u00b0C temperat\u016br\u0101.<\/li>\n<li data-start=\"878\" data-end=\"934\">Lai uztur\u0113tu ier\u012bci lab\u0101 st\u0101vokl\u012b, atk\u0101rtojiet procesu reizi m\u0113nes\u012b.<\/li>\n<\/ol>\n<p>&nbsp;<\/p>\n<p data-start=\"941\" data-end=\"966\"><strong data-start=\"945\" data-end=\"966\">Apkopes ieteikumiused<\/strong><\/p>\n<p>\u2022 Trauku mazg\u0101jam\u0101s ma\u0161\u012bnas apak\u0161\u0113jo filtru t\u012briet reizi m\u0113nes\u012b.<br data-start=\"1017\" data-end=\"1020\" \/>\u2022 Iz\u0146emiet p\u0101rtikas atliekas no smidzin\u0101t\u0101ja un p\u0101rbaudiet, vai nav aizsprostojumu.<br data-start=\"1075\" data-end=\"1078\" \/>\u2022 Lai no\u0146emtu ka\u013c\u0137akmeni, izmantojiet ka\u013c\u0137akmens no\u0146\u0113m\u0113ju vai balto eti\u0137i, kas ieliets b\u013cod\u0101 (aug\u0161\u0113j\u0101 plaukt\u0101).<br data-start=\"1172\" data-end=\"1175\" \/>\u2022 Not\u012briet malas un durvju bl\u012bves ar mitru dr\u0101nu un trauku mazg\u0101\u0161anas l\u012bdzekli.<br data-start=\"1242\" data-end=\"1245\" \/>\u2022 P\u0113c mazg\u0101\u0161anas atst\u0101jiet durvis nedaudz pusatv\u0113rtas \u2013 tas nov\u0113rs\u012bs mitruma un pel\u0113juma veido\u0161anos.<\/p>\n<p>&nbsp;<\/p>\n<p data-start=\"1335\" data-end=\"1361\"><strong data-start=\"1339\" data-end=\"1361\">K\u0101 tas darbojas?<\/strong><\/p>\n<p>Katra dzi\u013c\u0101s t\u012br\u012b\u0161anas tabletes sast\u0101vda\u013ca pilda noteiktu t\u012br\u012b\u0161anas lomu:<\/p>\n<ul data-start=\"1429\" data-end=\"1787\">\n<li data-start=\"1429\" data-end=\"1532\"><strong data-start=\"1431\" data-end=\"1452\">N\u0101trija karbon\u0101ts<\/strong> paaugstina pH l\u012bmeni, iz\u0161\u0137\u012bdina taukus un ziepju atlikumus un pal\u012bdz no\u0146emt ka\u013c\u0137akmeni.<\/li>\n<li data-start=\"1533\" data-end=\"1618\"><strong data-start=\"1535\" data-end=\"1559\">Citronsk\u0101bes anhidr\u012bds<\/strong> darbojas k\u0101 viegla sk\u0101be un no\u0101rda miner\u0101lvielas un nogulsnes.<\/li>\n<li data-start=\"1619\" data-end=\"1664\"><strong data-start=\"1621\" data-end=\"1640\">N\u0101trija sulf\u0101ts<\/strong> stabiliz\u0113 \u0161\u0137\u012bdumu.<\/li>\n<li data-start=\"1665\" data-end=\"1787\"><strong data-start=\"1667\" data-end=\"1721\">Metilglic\u012bna diacet\u0101ts (MGDA), din\u0101trija s\u0101ls<\/strong> saista liekos miner\u0101lus, lai tie atk\u0101rtoti nepieliptu virsm\u0101m.<\/li>\n<\/ul>\n<p>Kop\u0101 \u0161\u012bs sast\u0101vda\u013cas nodro\u0161ina dzi\u013cu un efekt\u012bvu ve\u013cas mazg\u0101jam\u0101s ma\u0161\u012bnas t\u012br\u012b\u0161anu, pagarinot t\u0101s kalpo\u0161anas laiku un uzlabojot mazg\u0101\u0161anas rezult\u0101tus.<\/p>\n<p>&nbsp;<\/p>\n<p data-start=\"1912\" data-end=\"1928\"><strong data-start=\"1916\" data-end=\"1928\">Satur<\/strong><\/p>\n<p><strong data-start=\"1930\" data-end=\"1965\">12 tabletes \u2013 pietiek l\u012bdz 1 gadam<\/strong><\/p>\n<p>&nbsp;<\/p>","protected":false},"excerpt":{"rendered":"<p>Hoia oma n\u00f5udepesumasin puhas, v\u00e4rske ja maksimaalselt t\u00f5hus! Need v\u00f5imsad s\u00fcvapuhastustabletid eemaldavad rasva, katlakivi ja kinni j\u00e4\u00e4nud toiduj\u00e4\u00e4gid, mis aja jooksul masinasse&hellip;<\/p>","protected":false},"featured_media":246460,"comment_status":"open","ping_status":"closed","template":"","meta":{"wprm-recipe-roundup-name":"","wprm-recipe-roundup-description":""},"product_brand":[11998],"product_cat":[8002],"product_tag":[],"class_list":{"0":"post-246459","1":"product","2":"type-product","3":"status-publish","4":"has-post-thumbnail","6":"product_brand-cosmeau","7":"product_cat-puhastusvahendid","9":"first","10":"instock","11":"taxable","12":"shipping-taxable","13":"purchasable","14":"product-type-simple"},"supplier_id":246354,"supplier_sku":"","barcode":"8720655303777","atum_controlled":true,"out_stock_date":null,"out_stock_threshold":null,"inheritable":false,"inbound_stock":0,"stock_on_hold":0,"sold_today":0,"sales_last_days":1,"reserved_stock":0,"customer_returns":0,"warehouse_damage":0,"lost_in_post":0,"other_logs":0,"out_stock_days":0,"lost_sales":0,"has_location":false,"update_date":"2026-04-22T08:48:02","atum_locations":[],"atum_stock_status":"instock","restock_status":false,"low_stock_amount":"","sales_update_date":"2026-04-22T08:48:02","calc_backorders":null,"aioseo_notices":[],"_links":{"self":[{"href":"https:\/\/ecoshop.ee\/lv\/wp-json\/wp\/v2\/product\/246459","targetHints":{"allow":["GET"]}}],"collection":[{"href":"https:\/\/ecoshop.ee\/lv\/wp-json\/wp\/v2\/product"}],"about":[{"href":"https:\/\/ecoshop.ee\/lv\/wp-json\/wp\/v2\/types\/product"}],"replies":[{"embeddable":true,"href":"https:\/\/ecoshop.ee\/lv\/wp-json\/wp\/v2\/comments?post=246459"}],"version-history":[{"count":0,"href":"https:\/\/ecoshop.ee\/lv\/wp-json\/wp\/v2\/product\/246459\/revisions"}],"wp:featuredmedia":[{"embeddable":true,"href":"https:\/\/ecoshop.ee\/lv\/wp-json\/wp\/v2\/media\/246460"}],"wp:attachment":[{"href":"https:\/\/ecoshop.ee\/lv\/wp-json\/wp\/v2\/media?parent=246459"}],"wp:term":[{"taxonomy":"product_brand","embeddable":true,"href":"https:\/\/ecoshop.ee\/lv\/wp-json\/wp\/v2\/product_brand?post=246459"},{"taxonomy":"product_cat","embeddable":true,"href":"https:\/\/ecoshop.ee\/lv\/wp-json\/wp\/v2\/product_cat?post=246459"},{"taxonomy":"product_tag","embeddable":true,"href":"https:\/\/ecoshop.ee\/lv\/wp-json\/wp\/v2\/product_tag?post=246459"}],"curies":[{"name":"wp","href":"https:\/\/api.w.org\/{rel}","templated":true}]}}