{"id":246463,"date":"2025-11-30T19:54:13","date_gmt":"2025-11-30T16:54:13","guid":{"rendered":"https:\/\/ecoshop.ee\/?post_type=product&#038;p=246463"},"modified":"2026-04-03T13:03:37","modified_gmt":"2026-04-03T10:03:37","slug":"cosmeau-velas-mazgajamas-masinas-universalas-tirisanas-tabletes-12-gab","status":"publish","type":"product","link":"https:\/\/ecoshop.ee\/lv\/puhastusvahendid\/cosmeau-pesumasina-suvapuhastustabletid-12-tk\/","title":{"rendered":"Cosmeau ve\u013cas mazg\u0101jam\u0101s ma\u0161\u012bnas dzi\u013c\u0101s t\u012br\u012b\u0161anas tabletes, 12 gab."},"content":{"rendered":"<p data-start=\"45\" data-end=\"268\">Vai j\u016bsu ve\u013cas ma\u0161\u012bn\u0101 ir j\u016btama pel\u0113juma vai nepat\u012bkama smaka? Dzi\u013c\u0101s t\u012br\u012b\u0161anas tabletes pal\u012bdz izt\u012br\u012bt ve\u013cas mazg\u0101jam\u0101s ma\u0161\u012bnas iek\u0161pusi, no\u0146emot net\u012brumus, taukus un ka\u013c\u0137akmeni \u2014 t\u0101d\u0101 veid\u0101 ma\u0161\u012bna saglab\u0101 higi\u0113nu un j\u016bsu ve\u013ca vienm\u0113r smar\u017eo svaigi.<\/p>\n<p data-start=\"45\" data-end=\"268\">\n<p data-start=\"275\" data-end=\"290\"><strong data-start=\"279\" data-end=\"290\">Priek\u0161roc\u012bbas<\/strong><\/p>\n<ul>\n<li data-start=\"292\" data-end=\"636\"><strong data-start=\"294\" data-end=\"310\">Dzi\u013c\u0101 t\u012br\u012b\u0161ana<\/strong> \u2013 no\u0146em uzkr\u0101ju\u0161os net\u012brumus, taukus, bakt\u0113rijas un nepat\u012bkamu smaku avotus<\/li>\n<li data-start=\"292\" data-end=\"636\"><strong data-start=\"390\" data-end=\"429\">Atsvaidzina un neitraliz\u0113 smakas<\/strong><\/li>\n<li data-start=\"292\" data-end=\"636\"><strong data-start=\"434\" data-end=\"460\">Pagarina ma\u0161\u012bnas kalpo\u0161anas laiku<\/strong> - uztur ve\u013cas ma\u0161\u012bnu lab\u0101 darba k\u0101rt\u012bb\u0101<\/li>\n<li data-start=\"292\" data-end=\"636\"><strong data-start=\"499\" data-end=\"520\">Videi draudz\u012bgs<\/strong> \u2013 biolo\u0123iski no\u0101rd\u0101mas sast\u0101vda\u013cas, bez kait\u012bg\u0101m \u0137\u012bmisk\u0101m viel\u0101m<\/li>\n<li data-start=\"292\" data-end=\"636\"><strong data-start=\"582\" data-end=\"601\">Viegli lietojams<\/strong> \u2013 piem\u0113rots vis\u0101m ve\u013cas ma\u0161\u012bn\u0101m<\/li>\n<\/ul>\n<p data-start=\"643\" data-end=\"667\"><strong data-start=\"647\" data-end=\"667\">K\u0101 lietot?<\/strong><\/p>\n<ol data-start=\"669\" data-end=\"836\">\n<li data-start=\"669\" data-end=\"719\">\n<p data-start=\"672\" data-end=\"719\">Ievietojiet vienu tableti tuk\u0161\u0101 ve\u013cas mazg\u0101jam\u0101s ma\u0161\u012bnas cilindr\u0101.<\/p>\n<\/li>\n<li data-start=\"720\" data-end=\"781\">\n<p data-start=\"723\" data-end=\"781\">Palaidiet mazg\u0101\u0161anas programmu 60\u00b0C vai 90\u00b0C temperat\u016br\u0101 bez ve\u013cas.<\/p>\n<\/li>\n<li data-start=\"782\" data-end=\"836\">\n<p data-start=\"785\" data-end=\"836\">Lai nodro\u0161in\u0101tu vislab\u0101kos rezult\u0101tus, atk\u0101rtojiet procesu reizi m\u0113nes\u012b.<\/p>\n<\/li>\n<\/ol>\n<p>&nbsp;<\/p>\n<p data-start=\"843\" data-end=\"868\"><strong data-start=\"847\" data-end=\"868\">Apkopes ieteikumiused<\/strong><\/p>\n<p data-start=\"870\" data-end=\"1097\">\u2022 Not\u012briet ve\u013cas mazg\u0101jam\u0101s ma\u0161\u012bnas stiklu un durvju malas ar mitru dr\u0101nu.<br data-start=\"925\" data-end=\"928\" \/>\u2022 P\u0101rbaudiet durvju bl\u012bv\u0113jumus, vai tajos nav net\u012brumu un nogul\u0161\u0146u.<br data-start=\"987\" data-end=\"990\" \/>\u2022 Izt\u012briet filtru \u2014 tur bie\u017ei uzkr\u0101jas mati un priek\u0161meti<br data-start=\"1050\" data-end=\"1053\" \/>\u2022 Iz\u0146emiet un izt\u012briet mazg\u0101\u0161anas l\u012bdzek\u013ca atvilktni<\/p>\n<p data-start=\"1104\" data-end=\"1130\"><strong data-start=\"1108\" data-end=\"1130\">K\u0101 tas darbojas?<\/strong><\/p>\n<p data-start=\"1132\" data-end=\"1199\">Dzi\u013c\u0101s t\u012br\u012b\u0161anas tablete darbojas, pateicoties vair\u0101ku efekt\u012bvu sast\u0101vda\u013cu mijiedarb\u012bbai:<\/p>\n<ul data-start=\"1201\" data-end=\"1638\">\n<li data-start=\"1201\" data-end=\"1311\">\n<p data-start=\"1203\" data-end=\"1311\"><strong data-start=\"1203\" data-end=\"1227\">N\u0101trija perkarbon\u0101ts<\/strong> Saskaroties ar \u016bdeni, izdala \u016bde\u0146ra\u017ea peroks\u012bdu, kas oksid\u0113 organiskos net\u012brumus.<\/p>\n<\/li>\n<li data-start=\"1312\" data-end=\"1411\">\n<p data-start=\"1314\" data-end=\"1411\"><strong data-start=\"1314\" data-end=\"1358\">N\u0101trija karbon\u0101ts un n\u0101trija bikarbon\u0101ts<\/strong> paaugstina pH l\u012bmeni, iz\u0161\u0137\u012bdina taukus un ziepju atlikumus.<\/p>\n<\/li>\n<li data-start=\"1412\" data-end=\"1475\">\n<p data-start=\"1414\" data-end=\"1475\"><strong data-start=\"1414\" data-end=\"1428\">Citronsk\u0101be<\/strong> sadala ka\u013c\u0137akmeni un miner\u0101lu nogulsnes.<\/p>\n<\/li>\n<li data-start=\"1476\" data-end=\"1543\">\n<p data-start=\"1478\" data-end=\"1543\"><strong data-start=\"1478\" data-end=\"1501\">Virsmakt\u012bv\u0101s vielas<\/strong> no\u0146em net\u012brumus un traipus no virsm\u0101m.<\/p>\n<\/li>\n<li data-start=\"1544\" data-end=\"1638\">\n<p data-start=\"1546\" data-end=\"1638\"><strong data-start=\"1546\" data-end=\"1577\">Ceol\u012bts un n\u0101trija silik\u0101ts<\/strong> atbalst\u012bt t\u012br\u012b\u0161anas procesu un aizsarg\u0101t ma\u0161\u012bnas deta\u013cas.<\/p>\n<\/li>\n<\/ul>\n<p>&nbsp;<\/p>\n<p data-start=\"1912\" data-end=\"1928\"><strong data-start=\"1916\" data-end=\"1928\">Satur<\/strong><\/p>\n<p><strong data-start=\"1930\" data-end=\"1965\">12 tabletes \u2013 pietiek l\u012bdz 1 gadam<\/strong><\/p>","protected":false},"excerpt":{"rendered":"<p>Pesumasinas on umbne v\u00f5i ebameeldiv l\u00f5hn? S\u00fcvapuhastustabletid aitavad puhastada pesumasina seestpoolt, eemaldades mustuse, rasva ja katlakivi \u2013 nii p\u00fcsib masin h\u00fcgieeniline ja&hellip;<\/p>","protected":false},"featured_media":246464,"comment_status":"open","ping_status":"closed","template":"","meta":{"wprm-recipe-roundup-name":"","wprm-recipe-roundup-description":""},"product_brand":[11998],"product_cat":[8002],"product_tag":[],"class_list":{"0":"post-246463","1":"product","2":"type-product","3":"status-publish","4":"has-post-thumbnail","6":"product_brand-cosmeau","7":"product_cat-puhastusvahendid","9":"first","10":"instock","11":"taxable","12":"shipping-taxable","13":"purchasable","14":"product-type-simple"},"supplier_id":246354,"supplier_sku":"","barcode":"8720655303753","atum_controlled":true,"out_stock_date":null,"out_stock_threshold":null,"inheritable":false,"inbound_stock":0,"stock_on_hold":0,"sold_today":0,"sales_last_days":0,"reserved_stock":0,"customer_returns":0,"warehouse_damage":0,"lost_in_post":0,"other_logs":0,"out_stock_days":0,"lost_sales":0,"has_location":false,"update_date":"2026-04-20T21:45:55","atum_locations":[],"atum_stock_status":"instock","restock_status":false,"low_stock_amount":"","sales_update_date":"2026-04-20T21:45:55","calc_backorders":null,"aioseo_notices":[],"_links":{"self":[{"href":"https:\/\/ecoshop.ee\/lv\/wp-json\/wp\/v2\/product\/246463","targetHints":{"allow":["GET"]}}],"collection":[{"href":"https:\/\/ecoshop.ee\/lv\/wp-json\/wp\/v2\/product"}],"about":[{"href":"https:\/\/ecoshop.ee\/lv\/wp-json\/wp\/v2\/types\/product"}],"replies":[{"embeddable":true,"href":"https:\/\/ecoshop.ee\/lv\/wp-json\/wp\/v2\/comments?post=246463"}],"version-history":[{"count":0,"href":"https:\/\/ecoshop.ee\/lv\/wp-json\/wp\/v2\/product\/246463\/revisions"}],"wp:featuredmedia":[{"embeddable":true,"href":"https:\/\/ecoshop.ee\/lv\/wp-json\/wp\/v2\/media\/246464"}],"wp:attachment":[{"href":"https:\/\/ecoshop.ee\/lv\/wp-json\/wp\/v2\/media?parent=246463"}],"wp:term":[{"taxonomy":"product_brand","embeddable":true,"href":"https:\/\/ecoshop.ee\/lv\/wp-json\/wp\/v2\/product_brand?post=246463"},{"taxonomy":"product_cat","embeddable":true,"href":"https:\/\/ecoshop.ee\/lv\/wp-json\/wp\/v2\/product_cat?post=246463"},{"taxonomy":"product_tag","embeddable":true,"href":"https:\/\/ecoshop.ee\/lv\/wp-json\/wp\/v2\/product_tag?post=246463"}],"curies":[{"name":"wp","href":"https:\/\/api.w.org\/{rel}","templated":true}]}}