{"id":267294,"date":"2026-01-28T00:30:46","date_gmt":"2026-01-27T21:30:46","guid":{"rendered":"https:\/\/ecoshop.ee\/maaratlemata\/gift-card\/"},"modified":"2026-01-29T02:51:32","modified_gmt":"2026-01-28T23:51:32","slug":"davanu-karte","status":"publish","type":"product","link":"https:\/\/ecoshop.ee\/lv\/kingitused\/kinkekaart\/","title":{"rendered":"Ecoshop d\u0101vanu karte"},"content":{"rendered":"<h6 data-start=\"0\" data-end=\"53\"><strong data-start=\"0\" data-end=\"53\">Ecoshop digit\u0101l\u0101 d\u0101vanu karte<\/strong><\/h6>\n<p data-start=\"55\" data-end=\"343\">Ja v\u0113laties k\u0101du iepriecin\u0101t, bet neesat p\u0101rliecin\u0101ts, kur\u0161 produkts vi\u0146am patiktu visvair\u0101k, digit\u0101l\u0101 d\u0101vanu karte vienm\u0113r ir dro\u0161a izv\u0113le. T\u0101 dod jums br\u012bv\u012bbu izv\u0113l\u0113ties produktus, kas vislab\u0101k atbilst sa\u0146\u0113m\u0113ja v\u0113rt\u012bb\u0101m un vajadz\u012bb\u0101m.<\/p>\n<p data-start=\"345\" data-end=\"489\">D\u0101vanu karte ir ide\u0101li piem\u0113rota dzim\u0161anas dienai, Ziemassv\u0113tkiem, pateic\u012bbas d\u0101vanai vai vienk\u0101r\u0161i nelielai d\u0101vanai, lai par\u0101d\u012btu k\u0101dam, ka r\u016bp\u0113jaties \u2013 bez liekas p\u0101rpirk\u0161anas un iz\u0161\u0137\u0113rd\u0113\u0161anas.<\/p>\n<h6 style=\"text-align: center;\" data-start=\"345\" data-end=\"489\"><\/h6>\n<p data-start=\"491\" data-end=\"515\"><strong data-start=\"491\" data-end=\"513\">K\u0101 tas darbojas?<\/strong><\/p>\n<ul data-start=\"516\" data-end=\"648\">\n<li data-start=\"516\" data-end=\"578\">\n<p data-start=\"518\" data-end=\"578\">D\u0101vanu karte tiks nos\u016bt\u012bta pa e-pastu t\u016bl\u012bt p\u0113c ieg\u0101des.<\/p>\n<\/li>\n<li data-start=\"579\" data-end=\"614\">\n<p data-start=\"581\" data-end=\"614\">Iek\u013cauts unik\u0101ls atlai\u017eu kods<\/p>\n<\/li>\n<li data-start=\"615\" data-end=\"648\">\n<p data-start=\"617\" data-end=\"648\">Der\u012bgs vis\u0101 ecoshop.ee tie\u0161saistes veikal\u0101<\/p>\n<\/li>\n<\/ul>\n<p>&nbsp;<\/p>\n<p data-start=\"650\" data-end=\"690\"><strong data-start=\"650\" data-end=\"688\">K\u0101p\u0113c izv\u0113l\u0113ties digit\u0101lo d\u0101vanu karti?<\/strong><\/p>\n<ul data-start=\"691\" data-end=\"789\">\n<li data-start=\"691\" data-end=\"724\">\n<p data-start=\"693\" data-end=\"724\">100% digit\u0101ls un bezpap\u012bra<\/p>\n<\/li>\n<li data-start=\"737\" data-end=\"762\">\n<p data-start=\"739\" data-end=\"762\">Pieejams pa da\u013c\u0101m<\/p>\n<\/li>\n<li data-start=\"763\" data-end=\"789\">\n<p data-start=\"765\" data-end=\"789\">Piem\u0113rots jebkuram gad\u012bjumam<\/p>\n<\/li>\n<\/ul>\n<h6><strong>NB! D\u0101vanu karte ir der\u012bga 1 gadu no ieg\u0101des datuma!<\/strong><\/h6>\n<p>&nbsp;<\/p>\n<p><em>Ja v\u0113laties d\u0101vanu karti uzd\u0101vin\u0101t fizisk\u0101 form\u0101t\u0101, nos\u016btiet to sev pa e-pastu un izdruk\u0101jiet pievienoto failu.<\/em><\/p>","protected":false},"excerpt":{"rendered":"<p>Ecoshopi digitaalne kinkekaart Kui tahad teha r\u00f5\u00f5mu, aga ei ole kindel, milline toode kingisaajale k\u00f5ige rohkem meeldiks, on digitaalne kinkekaart alati kindel&hellip;<\/p>","protected":false},"featured_media":267295,"comment_status":"open","ping_status":"closed","template":"","meta":{"wprm-recipe-roundup-name":"","wprm-recipe-roundup-description":""},"product_brand":[],"product_cat":[245,145],"product_tag":[150,8391],"class_list":{"0":"post-267294","1":"product","2":"type-product","3":"status-publish","4":"has-post-thumbnail","6":"product_cat-tarvikud","7":"product_cat-kingitused","8":"product_tag-kingitused","9":"product_tag-kinkekaart","11":"first","12":"instock","13":"virtual","14":"taxable","15":"purchasable","16":"product-type-simple"},"supplier_id":null,"supplier_sku":"","barcode":null,"atum_controlled":true,"out_stock_date":null,"out_stock_threshold":null,"inheritable":false,"inbound_stock":0,"stock_on_hold":0,"sold_today":0,"sales_last_days":0,"reserved_stock":0,"customer_returns":0,"warehouse_damage":0,"lost_in_post":0,"other_logs":0,"out_stock_days":0,"lost_sales":0,"has_location":false,"update_date":"2026-04-20T21:45:55","atum_locations":[],"atum_stock_status":"instock","restock_status":false,"low_stock_amount":"","sales_update_date":"2026-04-20T21:45:55","calc_backorders":null,"aioseo_notices":[],"_links":{"self":[{"href":"https:\/\/ecoshop.ee\/lv\/wp-json\/wp\/v2\/product\/267294","targetHints":{"allow":["GET"]}}],"collection":[{"href":"https:\/\/ecoshop.ee\/lv\/wp-json\/wp\/v2\/product"}],"about":[{"href":"https:\/\/ecoshop.ee\/lv\/wp-json\/wp\/v2\/types\/product"}],"replies":[{"embeddable":true,"href":"https:\/\/ecoshop.ee\/lv\/wp-json\/wp\/v2\/comments?post=267294"}],"version-history":[{"count":0,"href":"https:\/\/ecoshop.ee\/lv\/wp-json\/wp\/v2\/product\/267294\/revisions"}],"wp:featuredmedia":[{"embeddable":true,"href":"https:\/\/ecoshop.ee\/lv\/wp-json\/wp\/v2\/media\/267295"}],"wp:attachment":[{"href":"https:\/\/ecoshop.ee\/lv\/wp-json\/wp\/v2\/media?parent=267294"}],"wp:term":[{"taxonomy":"product_brand","embeddable":true,"href":"https:\/\/ecoshop.ee\/lv\/wp-json\/wp\/v2\/product_brand?post=267294"},{"taxonomy":"product_cat","embeddable":true,"href":"https:\/\/ecoshop.ee\/lv\/wp-json\/wp\/v2\/product_cat?post=267294"},{"taxonomy":"product_tag","embeddable":true,"href":"https:\/\/ecoshop.ee\/lv\/wp-json\/wp\/v2\/product_tag?post=267294"}],"curies":[{"name":"wp","href":"https:\/\/api.w.org\/{rel}","templated":true}]}}