{"id":3395,"date":"2024-05-12T23:16:05","date_gmt":"2024-05-12T20:16:05","guid":{"rendered":"https:\/\/ecoshop.ee\/?post_type=product&#038;p=3395"},"modified":"2024-10-10T00:56:34","modified_gmt":"2024-10-09T21:56:34","slug":"hallingersi-veganiskas-sokolades-asorti-150g","status":"publish","type":"product","link":"https:\/\/ecoshop.ee\/lv\/kommid\/hallingersi-vegan-sokolaadiassortii-150g\/","title":{"rendered":"Hallingers veg\u0101nisk\u0101s \u0161okol\u0101des asorti, 150g"},"content":{"rendered":"<p>Sag\u0101d\u0101jiet savam m\u012b\u013cotajam cilv\u0113kam, lab\u0101kajam draugam vai \u0123imenes loceklim saldu un neaizmirstamu p\u0101rsteigumu! Hallingers veg\u0101nisk\u0101s \u0161okol\u0101des asorti ir roku darbs ar m\u012blest\u012bbu gatavots V\u0101cij\u0101.<\/p>\n<p>12 veg\u0101nas \u0161okol\u0101des augstas kvalit\u0101tes un skaist\u0101 iepakojum\u0101.<br \/>\nKatra \u0161okol\u0101de ir unik\u0101ls gabali\u0146\u0161, ko ar rok\u0101m un m\u012blest\u012bbu rada pieredz\u0113ju\u0161i amatnieki.<br \/>\nRa\u017eots tikai no augstas kvalit\u0101tes, smalk\u0101m izejviel\u0101m, bez konservantiem, p\u0113c iesp\u0113jas dabisk\u0101ks.<br \/>\nHallingers iepakojuma dizains ir sa\u0146\u0113mis starptautisku atzin\u012bbu (tostarp Red Dot Design Award, kas ir \u012bpa\u0161s piemin\u0113jums V\u0101cijas Dizaina balv\u0101). Hallingers var baud\u012bt ar vis\u0101m ma\u0146\u0101m!<\/p>","protected":false},"excerpt":{"rendered":"<p>Tee oma kallimale, parimale s\u00f5brale v\u00f5i pereliikmele \u00fcks magus ja meeldej\u00e4\u00e4v \u00fcllatus! Hallingers&#8217;i vegan \u0161okolaadiassortii on Saksamaal suure s\u00fcdamega k\u00e4sit\u00f6\u00f6na valmistatud. 12&hellip;<\/p>","protected":false},"featured_media":5075,"comment_status":"open","ping_status":"closed","template":"","meta":{"wprm-recipe-roundup-name":"","wprm-recipe-roundup-description":""},"product_brand":[12060],"product_cat":[240,160],"product_tag":[150],"class_list":{"0":"post-3395","1":"product","2":"type-product","3":"status-publish","4":"has-post-thumbnail","6":"product_brand-hallingers","7":"product_cat-allahinnatud","8":"product_cat-kommid","9":"product_tag-kingitused","11":"first","12":"outofstock","13":"sale","14":"taxable","15":"shipping-taxable","16":"purchasable","17":"product-type-simple"},"supplier_id":null,"supplier_sku":"","barcode":null,"atum_controlled":true,"out_stock_date":null,"out_stock_threshold":null,"inheritable":false,"inbound_stock":0,"stock_on_hold":0,"sold_today":0,"sales_last_days":0,"reserved_stock":0,"customer_returns":0,"warehouse_damage":0,"lost_in_post":0,"other_logs":0,"out_stock_days":0,"lost_sales":0,"has_location":false,"update_date":"2026-03-07T01:16:01","atum_locations":[],"atum_stock_status":"outofstock","restock_status":false,"low_stock_amount":"","sales_update_date":"2026-03-07T01:16:01","calc_backorders":null,"aioseo_notices":[],"_links":{"self":[{"href":"https:\/\/ecoshop.ee\/lv\/wp-json\/wp\/v2\/product\/3395","targetHints":{"allow":["GET"]}}],"collection":[{"href":"https:\/\/ecoshop.ee\/lv\/wp-json\/wp\/v2\/product"}],"about":[{"href":"https:\/\/ecoshop.ee\/lv\/wp-json\/wp\/v2\/types\/product"}],"replies":[{"embeddable":true,"href":"https:\/\/ecoshop.ee\/lv\/wp-json\/wp\/v2\/comments?post=3395"}],"version-history":[{"count":0,"href":"https:\/\/ecoshop.ee\/lv\/wp-json\/wp\/v2\/product\/3395\/revisions"}],"wp:featuredmedia":[{"embeddable":true,"href":"https:\/\/ecoshop.ee\/lv\/wp-json\/wp\/v2\/media\/5075"}],"wp:attachment":[{"href":"https:\/\/ecoshop.ee\/lv\/wp-json\/wp\/v2\/media?parent=3395"}],"wp:term":[{"taxonomy":"product_brand","embeddable":true,"href":"https:\/\/ecoshop.ee\/lv\/wp-json\/wp\/v2\/product_brand?post=3395"},{"taxonomy":"product_cat","embeddable":true,"href":"https:\/\/ecoshop.ee\/lv\/wp-json\/wp\/v2\/product_cat?post=3395"},{"taxonomy":"product_tag","embeddable":true,"href":"https:\/\/ecoshop.ee\/lv\/wp-json\/wp\/v2\/product_tag?post=3395"}],"curies":[{"name":"wp","href":"https:\/\/api.w.org\/{rel}","templated":true}]}}