{"id":390276,"date":"2026-03-23T18:04:42","date_gmt":"2026-03-23T15:04:42","guid":{"rendered":"https:\/\/ecoshop.ee\/?post_type=product&#038;p=390276"},"modified":"2026-05-14T15:52:29","modified_gmt":"2026-05-14T12:52:29","slug":"vivani-100-moru-sokolade-organiska-80g","status":"publish","type":"product","link":"https:\/\/ecoshop.ee\/lv\/sokolaadid\/vivani-100-moru-sokolaad-mahe-80g\/","title":{"rendered":"Vivani 100% tum\u0161\u0101 \u0161okol\u0101de, biolo\u0123isk\u0101, 80g"},"content":{"rendered":"<p class=\"font-claude-response-body break-words whitespace-normal leading-[1.7]\">Vivani 100% m\u00f5ru \u0161okolaad on loodud t\u00f5elistele kakaos\u00f5pradele. Kr\u00f5bedad kakaot\u00fckid t\u00e4iendavad intensiivset ja puhast maitset, mis tuleb 100% kakaosisaldusega tumedast \u0161okolaadist. Suhkruvaba, lisandite vaba ja kompromissitu tume \u0161okolaad.<\/p>\n<p class=\"font-claude-response-body break-words whitespace-normal leading-[1.7]\">Valmistatud 100% mahep\u00f5llumajanduslikest koostisosadest, sertifitseeritud DE-\u00d6KO-013.<\/p>\n","protected":false},"excerpt":{"rendered":"<p>Vivani 100% m\u00f5ru \u0161okolaad on loodud t\u00f5elistele kakaos\u00f5pradele. Kr\u00f5bedad kakaot\u00fckid t\u00e4iendavad intensiivset ja puhast maitset, mis tuleb 100% kakaosisaldusega tumedast \u0161okolaadist. Suhkruvaba,&hellip;<\/p>","protected":false},"featured_media":390281,"comment_status":"open","ping_status":"closed","template":"","meta":{"wprm-recipe-roundup-name":"","wprm-recipe-roundup-description":""},"product_brand":[11994],"product_cat":[141],"product_tag":[11992,142],"class_list":{"0":"post-390276","1":"product","2":"type-product","3":"status-publish","4":"has-post-thumbnail","6":"product_brand-vivani","7":"product_cat-sokolaadid","8":"product_tag-moru","9":"product_tag-sokolaad","10":"j79_wcxd_expiry_type-best-before","12":"first","13":"instock","14":"taxable","15":"shipping-taxable","16":"purchasable","17":"product-type-simple"},"supplier_id":390160,"supplier_sku":"","barcode":"4044889004106","atum_controlled":true,"out_stock_date":null,"out_stock_threshold":null,"inheritable":false,"inbound_stock":0,"stock_on_hold":0,"sold_today":0,"sales_last_days":8,"reserved_stock":0,"customer_returns":0,"warehouse_damage":0,"lost_in_post":0,"other_logs":0,"out_stock_days":0,"lost_sales":0,"has_location":false,"update_date":"2026-05-15T07:02:34","atum_locations":[],"atum_stock_status":"instock","restock_status":true,"low_stock_amount":"","sales_update_date":"2026-05-15T07:02:34","calc_backorders":null,"aioseo_notices":[],"_links":{"self":[{"href":"https:\/\/ecoshop.ee\/lv\/wp-json\/wp\/v2\/product\/390276","targetHints":{"allow":["GET"]}}],"collection":[{"href":"https:\/\/ecoshop.ee\/lv\/wp-json\/wp\/v2\/product"}],"about":[{"href":"https:\/\/ecoshop.ee\/lv\/wp-json\/wp\/v2\/types\/product"}],"replies":[{"embeddable":true,"href":"https:\/\/ecoshop.ee\/lv\/wp-json\/wp\/v2\/comments?post=390276"}],"version-history":[{"count":0,"href":"https:\/\/ecoshop.ee\/lv\/wp-json\/wp\/v2\/product\/390276\/revisions"}],"wp:featuredmedia":[{"embeddable":true,"href":"https:\/\/ecoshop.ee\/lv\/wp-json\/wp\/v2\/media\/390281"}],"wp:attachment":[{"href":"https:\/\/ecoshop.ee\/lv\/wp-json\/wp\/v2\/media?parent=390276"}],"wp:term":[{"taxonomy":"product_brand","embeddable":true,"href":"https:\/\/ecoshop.ee\/lv\/wp-json\/wp\/v2\/product_brand?post=390276"},{"taxonomy":"product_cat","embeddable":true,"href":"https:\/\/ecoshop.ee\/lv\/wp-json\/wp\/v2\/product_cat?post=390276"},{"taxonomy":"product_tag","embeddable":true,"href":"https:\/\/ecoshop.ee\/lv\/wp-json\/wp\/v2\/product_tag?post=390276"}],"curies":[{"name":"wp","href":"https:\/\/api.w.org\/{rel}","templated":true}]}}