{"id":3918,"date":"2024-05-31T23:22:33","date_gmt":"2024-05-31T20:22:33","guid":{"rendered":"https:\/\/ecoshop.ee\/?post_type=product&#038;p=3918"},"modified":"2026-04-14T00:50:21","modified_gmt":"2026-04-13T21:50:21","slug":"bambusa-salvete-rimi-bloda-18-cm-2","status":"publish","type":"product","link":"https:\/\/ecoshop.ee\/lv\/noud-ja-koogitarbed\/bambusest-serveerimiskauss-18cm-2\/","title":{"rendered":"Bambusa salvete rimi-b\u013coda, 18cm"},"content":{"rendered":"<p>Vid\u0113ja izm\u0113ra bambusa serv\u0113\u0161anas b\u013codas pie\u0161\u0137ir eleganci jebkurai malt\u012btei! \u0160\u012bs liel\u0101s bambusa serv\u0113\u0161anas b\u013codas, kas ir roku darbs no sav\u012bta bambusa un kr\u0101sotas ar minim\u0101listisku teraco dizainu, ir ide\u0101li piem\u0113rotas m\u0101jas stila un tradicion\u0101lu \u0113dienu pasnieg\u0161anai.<\/p>\n<p>Papildus pasnieg\u0161anai m\u016bsu b\u013codas var izmantot ar\u012b k\u0101 centr\u0101lo elementu vai uzglab\u0101\u0161anas b\u013codu atsl\u0113g\u0101m, rotasliet\u0101m un citiem maziem priek\u0161metiem!<\/p>\n<p>Visas bambusa b\u013codas ir roku darbs, izmantojot tikai vienk\u0101r\u0161us instrumentus, prasm\u012bgas rokas un organisku Vjetnamas bambusu. No ilgtsp\u0113j\u012bgi ieg\u016bta un \u0113tiski ra\u017eota!<\/p>\n<p>L\u016bdzu, \u0146emiet v\u0113r\u0101: bambusa b\u013codas nav piem\u0113rotas \u0113dieniem, kas satur karstus \u0161\u0137idrumus, piem\u0113ram, karijiem, putr\u0101m vai zup\u0101m. \u0160ie \u0113dieni var rad\u012bt traipus.<\/p>","protected":false},"excerpt":{"rendered":"<p>Keskmise suurusega bambusest serveerimiskausid lisavad elegantsi igale s\u00f6\u00f6gikorrale! K\u00e4sitsi valmistatud, kasutades keerutatud bambust ja v\u00e4rvitud minimalistliku terrazzo disainiga. Need suured bambusest kausid&hellip;<\/p>","protected":false},"featured_media":4541,"comment_status":"open","ping_status":"closed","template":"","meta":{"wprm-recipe-roundup-name":"","wprm-recipe-roundup-description":""},"product_brand":[12064],"product_cat":[163,247],"product_tag":[171],"class_list":{"0":"post-3918","1":"product","2":"type-product","3":"status-publish","4":"has-post-thumbnail","6":"product_brand-jungle-culture","7":"product_cat-kodutarbed","8":"product_cat-noud-ja-koogitarbed","9":"product_tag-kauss","11":"first","12":"instock","13":"taxable","14":"shipping-taxable","15":"purchasable","16":"product-type-simple"},"supplier_id":9133,"supplier_sku":"","barcode":null,"atum_controlled":true,"out_stock_date":null,"out_stock_threshold":null,"inheritable":false,"inbound_stock":0,"stock_on_hold":0,"sold_today":0,"sales_last_days":0,"reserved_stock":0,"customer_returns":0,"warehouse_damage":0,"lost_in_post":0,"other_logs":0,"out_stock_days":0,"lost_sales":0,"has_location":false,"update_date":"2026-04-13T21:50:22","atum_locations":[],"atum_stock_status":"instock","restock_status":false,"low_stock_amount":"","sales_update_date":"2026-03-07T01:16:01","calc_backorders":null,"aioseo_notices":[],"_links":{"self":[{"href":"https:\/\/ecoshop.ee\/lv\/wp-json\/wp\/v2\/product\/3918","targetHints":{"allow":["GET"]}}],"collection":[{"href":"https:\/\/ecoshop.ee\/lv\/wp-json\/wp\/v2\/product"}],"about":[{"href":"https:\/\/ecoshop.ee\/lv\/wp-json\/wp\/v2\/types\/product"}],"replies":[{"embeddable":true,"href":"https:\/\/ecoshop.ee\/lv\/wp-json\/wp\/v2\/comments?post=3918"}],"version-history":[{"count":0,"href":"https:\/\/ecoshop.ee\/lv\/wp-json\/wp\/v2\/product\/3918\/revisions"}],"wp:featuredmedia":[{"embeddable":true,"href":"https:\/\/ecoshop.ee\/lv\/wp-json\/wp\/v2\/media\/4541"}],"wp:attachment":[{"href":"https:\/\/ecoshop.ee\/lv\/wp-json\/wp\/v2\/media?parent=3918"}],"wp:term":[{"taxonomy":"product_brand","embeddable":true,"href":"https:\/\/ecoshop.ee\/lv\/wp-json\/wp\/v2\/product_brand?post=3918"},{"taxonomy":"product_cat","embeddable":true,"href":"https:\/\/ecoshop.ee\/lv\/wp-json\/wp\/v2\/product_cat?post=3918"},{"taxonomy":"product_tag","embeddable":true,"href":"https:\/\/ecoshop.ee\/lv\/wp-json\/wp\/v2\/product_tag?post=3918"}],"curies":[{"name":"wp","href":"https:\/\/api.w.org\/{rel}","templated":true}]}}