{"id":3923,"date":"2024-05-31T23:55:08","date_gmt":"2024-05-31T20:55:08","guid":{"rendered":"https:\/\/ecoshop.ee\/?post_type=product&#038;p=3923"},"modified":"2026-04-14T00:41:55","modified_gmt":"2026-04-13T21:41:55","slug":"bambusa-un-organiskas-vates-kocini-200-gab","status":"publish","type":"product","link":"https:\/\/ecoshop.ee\/lv\/hugieenitarbed\/bambuse-ja-orgaanilise-puuvillaga-vatitikud-200tk\/","title":{"rendered":"Bambusa un organisk\u0101s kokvilnas vates tamponi, 200 gab."},"content":{"rendered":"<p>Izgatavoti no videi draudz\u012bga bambusa un organisk\u0101s kokvilnas, Jungle Culture vates koci\u0146i ir lab\u0101k\u0101 videi draudz\u012bg\u0101k\u0101 alternat\u012bva plastmasas ausu koci\u0146iem. M\u0113s izmantojam stipru, biezu un ilgm\u016b\u017e\u012bgu bambusu, lai nodro\u0161in\u0101tu, ka vates koci\u0146\u0161 nepl\u012bst.<\/p>\n<p>M\u016bsu organiskie vates koci\u0146i ir iepakoti apa\u013c\u0101, bezatkritumu pap\u012bra kast\u012bt\u0113. Vienk\u0101r\u0161i no\u0146emiet v\u0101ku un atst\u0101jiet savus videi draudz\u012bgos vates koci\u0146us vannasistab\u0101, lai tie vienm\u0113r b\u016btu gatavi lieto\u0161anai!<\/p>\n<p>Bambusa vates pl\u0101ksn\u012bt\u0113m ir absorb\u0113jo\u0161a virsma, un t\u0101s ir piem\u0113rotas ar\u012b acu kosm\u0113tikas no\u0146em\u0161anai gr\u016bti sasniedzam\u0101s viet\u0101s, piem\u0113ram, acu kakti\u0146os.<\/p>","protected":false},"excerpt":{"rendered":"<p>Valmistatud keskkonnas\u00f5bralikust bambusest ja orgaanilisest puuvillast, Jungle Culture&#8217;i vatitikud on parim \u00f6koloogiline alternatiiv plastikust k\u00f5rvatikkudele. Kasutame tugevat, paksu ja vastupidavat bambust, et&hellip;<\/p>","protected":false},"featured_media":3927,"comment_status":"open","ping_status":"closed","template":"","meta":{"wprm-recipe-roundup-name":"","wprm-recipe-roundup-description":""},"product_brand":[12064],"product_cat":[163,246],"product_tag":[172],"class_list":{"0":"post-3923","1":"product","2":"type-product","3":"status-publish","4":"has-post-thumbnail","6":"product_brand-jungle-culture","7":"product_cat-kodutarbed","8":"product_cat-hugieenitarbed","9":"product_tag-vatitikud","11":"first","12":"instock","13":"taxable","14":"shipping-taxable","15":"purchasable","16":"product-type-simple"},"supplier_id":9133,"supplier_sku":"","barcode":null,"atum_controlled":true,"out_stock_date":null,"out_stock_threshold":null,"inheritable":false,"inbound_stock":0,"stock_on_hold":0,"sold_today":0,"sales_last_days":0,"reserved_stock":0,"customer_returns":0,"warehouse_damage":0,"lost_in_post":0,"other_logs":0,"out_stock_days":0,"lost_sales":0,"has_location":false,"update_date":"2026-04-13T21:41:56","atum_locations":[],"atum_stock_status":"instock","restock_status":false,"low_stock_amount":"","sales_update_date":"2026-03-07T01:16:04","calc_backorders":null,"aioseo_notices":[],"_links":{"self":[{"href":"https:\/\/ecoshop.ee\/lv\/wp-json\/wp\/v2\/product\/3923","targetHints":{"allow":["GET"]}}],"collection":[{"href":"https:\/\/ecoshop.ee\/lv\/wp-json\/wp\/v2\/product"}],"about":[{"href":"https:\/\/ecoshop.ee\/lv\/wp-json\/wp\/v2\/types\/product"}],"replies":[{"embeddable":true,"href":"https:\/\/ecoshop.ee\/lv\/wp-json\/wp\/v2\/comments?post=3923"}],"version-history":[{"count":0,"href":"https:\/\/ecoshop.ee\/lv\/wp-json\/wp\/v2\/product\/3923\/revisions"}],"wp:featuredmedia":[{"embeddable":true,"href":"https:\/\/ecoshop.ee\/lv\/wp-json\/wp\/v2\/media\/3927"}],"wp:attachment":[{"href":"https:\/\/ecoshop.ee\/lv\/wp-json\/wp\/v2\/media?parent=3923"}],"wp:term":[{"taxonomy":"product_brand","embeddable":true,"href":"https:\/\/ecoshop.ee\/lv\/wp-json\/wp\/v2\/product_brand?post=3923"},{"taxonomy":"product_cat","embeddable":true,"href":"https:\/\/ecoshop.ee\/lv\/wp-json\/wp\/v2\/product_cat?post=3923"},{"taxonomy":"product_tag","embeddable":true,"href":"https:\/\/ecoshop.ee\/lv\/wp-json\/wp\/v2\/product_tag?post=3923"}],"curies":[{"name":"wp","href":"https:\/\/api.w.org\/{rel}","templated":true}]}}