{"id":3933,"date":"2024-06-01T01:08:34","date_gmt":"2024-05-31T22:08:34","guid":{"rendered":"https:\/\/ecoshop.ee\/?post_type=product&#038;p=3933"},"modified":"2026-04-14T00:41:50","modified_gmt":"2026-04-13T21:41:50","slug":"atkartoti-lietojama-organiskas-kokvilnas-tirisanas-lupatina","status":"publish","type":"product","link":"https:\/\/ecoshop.ee\/lv\/noud-ja-koogitarbed\/orgaanilisest-puuvillast-taaskasutatav-puhastuslapp\/","title":{"rendered":"Daudzk\u0101rt lietojama organisk\u0101s kokvilnas t\u012br\u012b\u0161anas lupati\u0146a"},"content":{"rendered":"<p style=\"text-align: left;\"><span class=\"jCAhz JxVs2d ChMk0b\"><span class=\"ryNqvb\">Jungle Culture organisko virtuves un vannas istabas t\u012br\u012b\u0161anas lupati\u0146u kl\u0101sts ir izgatavots no sertific\u0113tas organisk\u0101s kokvilnas un dab\u012bg\u0101 sizala. <\/span><\/span><span class=\"jCAhz JxVs2d ChMk0b\"><span class=\"ryNqvb\">Maigai t\u012br\u012b\u0161anai izmantojiet m\u016bsu lupati\u0146u m\u012bksto kokvilnas pusi vai notur\u012bg\u0101kiem traipiem \u2013 sizala pusi.<\/span><\/span><\/p>\n<p style=\"text-align: left;\"><span class=\"jCAhz JxVs2d ChMk0b\"><span class=\"ryNqvb\">M\u016bsu lupati\u0146as, kas apr\u012bkotas ar kokvilnas cilpu, var viegli pak\u0101rt uz sienas \u0101\u0137iem vai virtuves skap\u012b\u0161iem. <\/span><\/span><span class=\"jCAhz JxVs2d ChMk0b\"><span class=\"ryNqvb\">M\u0113s pat esam apr\u012bkoju\u0161i m\u016bsu videi draudz\u012bg\u0101s t\u012br\u012b\u0161anas salvetes ar kabati\u0146u.<\/span><\/span> <span class=\"jCAhz JxVs2d ChMk0b\"><span class=\"ryNqvb\">Ievietojiet ziepju gabali\u0146u un izmantojiet \u0161o daudzfunkcion\u0101lo dr\u0101nu k\u0101 \u0137erme\u0146a skrubi! <\/span><\/span><span class=\"jCAhz JxVs2d ChMk0b\"><span class=\"ryNqvb\">Iepakots vienk\u0101r\u0161\u0101 p\u0101rstr\u0101d\u0101jam\u0101 kraftpap\u012bra apvalk\u0101.<\/span><\/span> <span class=\"jCAhz JxVs2d ChMk0b\"><span class=\"ryNqvb\">\u0160\u012b daudzfunkcion\u0101l\u0101 t\u012br\u012b\u0161anas lupati\u0146a ir mazietekm\u012bga, ilgtsp\u0113j\u012bga un \u0113tiski ra\u017eota.<\/span><\/span><\/p>","protected":false},"excerpt":{"rendered":"<p>Jungle Culture&#8217;i orgaaniliste k\u00f6\u00f6gi- ja vannitoapuhastuslappide valik on valmistatud sertifitseeritud orgaanilisest puuvillast ja looduslikust sisalist. Kasutage meie lappide pehmet puuvillast poolt \u00f5rnaks&hellip;<\/p>","protected":false},"featured_media":3934,"comment_status":"open","ping_status":"closed","template":"","meta":{"wprm-recipe-roundup-name":"","wprm-recipe-roundup-description":""},"product_brand":[12064],"product_cat":[163,247],"product_tag":[173],"class_list":{"0":"post-3933","1":"product","2":"type-product","3":"status-publish","4":"has-post-thumbnail","6":"product_brand-jungle-culture","7":"product_cat-kodutarbed","8":"product_cat-noud-ja-koogitarbed","9":"product_tag-ratik","11":"first","12":"instock","13":"taxable","14":"shipping-taxable","15":"purchasable","16":"product-type-variable"},"supplier_id":null,"supplier_sku":"","barcode":null,"atum_controlled":true,"out_stock_date":null,"out_stock_threshold":null,"inheritable":true,"inbound_stock":0,"stock_on_hold":0,"sold_today":0,"sales_last_days":0,"reserved_stock":0,"customer_returns":0,"warehouse_damage":0,"lost_in_post":0,"other_logs":0,"out_stock_days":0,"lost_sales":0,"has_location":false,"update_date":"2026-04-13T21:41:51","atum_locations":[],"atum_stock_status":"instock","restock_status":false,"low_stock_amount":"","sales_update_date":"2026-03-07T01:16:10","calc_backorders":null,"aioseo_notices":[],"_links":{"self":[{"href":"https:\/\/ecoshop.ee\/lv\/wp-json\/wp\/v2\/product\/3933","targetHints":{"allow":["GET"]}}],"collection":[{"href":"https:\/\/ecoshop.ee\/lv\/wp-json\/wp\/v2\/product"}],"about":[{"href":"https:\/\/ecoshop.ee\/lv\/wp-json\/wp\/v2\/types\/product"}],"replies":[{"embeddable":true,"href":"https:\/\/ecoshop.ee\/lv\/wp-json\/wp\/v2\/comments?post=3933"}],"version-history":[{"count":0,"href":"https:\/\/ecoshop.ee\/lv\/wp-json\/wp\/v2\/product\/3933\/revisions"}],"wp:featuredmedia":[{"embeddable":true,"href":"https:\/\/ecoshop.ee\/lv\/wp-json\/wp\/v2\/media\/3934"}],"wp:attachment":[{"href":"https:\/\/ecoshop.ee\/lv\/wp-json\/wp\/v2\/media?parent=3933"}],"wp:term":[{"taxonomy":"product_brand","embeddable":true,"href":"https:\/\/ecoshop.ee\/lv\/wp-json\/wp\/v2\/product_brand?post=3933"},{"taxonomy":"product_cat","embeddable":true,"href":"https:\/\/ecoshop.ee\/lv\/wp-json\/wp\/v2\/product_cat?post=3933"},{"taxonomy":"product_tag","embeddable":true,"href":"https:\/\/ecoshop.ee\/lv\/wp-json\/wp\/v2\/product_tag?post=3933"}],"curies":[{"name":"wp","href":"https:\/\/api.w.org\/{rel}","templated":true}]}}