{"id":396139,"date":"2026-05-08T21:26:40","date_gmt":"2026-05-08T18:26:40","guid":{"rendered":"https:\/\/ecoshop.ee\/?post_type=product&#038;p=396139"},"modified":"2026-05-08T21:48:50","modified_gmt":"2026-05-08T18:48:50","slug":"tofu-miksti-kupinats-biologisks-tofu-180-g","status":"publish","type":"product","link":"https:\/\/ecoshop.ee\/lv\/tofu\/tofuto-pehme-suitsutatud-tofu-mahe-180g\/","title":{"rendered":"ToFuTo m\u012bksti k\u016bpin\u0101ts tofu, biolo\u0123isks, 180g"},"content":{"rendered":"<p>M\u012bksts, kr\u0113m\u012bgs un ar bag\u0101t\u012bgu d\u016bmu arom\u0101tu \u2013 ToFuTo biolo\u0123iski k\u016bpin\u0101ts tofu ir \u012bsta delikatese. Dab\u012bgie ozola d\u016bmi pie\u0161\u0137ir \u0161im tofu unik\u0101lu dzi\u013cu gar\u0161u, kas ir piem\u0113rota gril\u0113\u0161anai, cep\u0161anai cepe\u0161kr\u0101sn\u012b vai \u0113\u0161anai tie\u0161i no iepakojuma. Augsts olbaltumvielu saturs (25 g iepakojum\u0101) padara to par lielisku ga\u013cas aizvietot\u0101ju j\u016bsu ikdienas \u0113dienkart\u0113. Bez glut\u0113na, augu izcelsmes un sertific\u0113ts biolo\u0123isks \u2013 lieliska izv\u0113le tiem, kas nov\u0113rt\u0113 gar\u0161u un kvalit\u0101ti.<\/p>","protected":false},"excerpt":{"rendered":"<p>Pehme, kreemjas ja rikkaliku suitsuaroomiga \u2013 ToFuTo mahe suitsutatud tofu on t\u00f5eline delikatess. Looduslik tammepuidu suits annab sellele tofule ainulaadse s\u00fcgava maitse,&hellip;<\/p>","protected":false},"featured_media":396140,"comment_status":"open","ping_status":"closed","template":"","meta":{"wprm-recipe-roundup-name":"","wprm-recipe-roundup-description":""},"product_brand":[],"product_cat":[379],"product_tag":[5781],"class_list":{"0":"post-396139","1":"product","2":"type-product","3":"status-publish","4":"has-post-thumbnail","6":"product_cat-tofu","7":"product_tag-tofu","8":"j79_wcxd_expiry_type-best-before","10":"first","11":"instock","12":"taxable","13":"shipping-taxable","14":"purchasable","15":"product-type-simple"},"supplier_id":9165,"supplier_sku":"","barcode":"3800233784039","atum_controlled":true,"out_stock_date":null,"out_stock_threshold":null,"inheritable":false,"inbound_stock":null,"stock_on_hold":null,"sold_today":null,"sales_last_days":null,"reserved_stock":null,"customer_returns":null,"warehouse_damage":null,"lost_in_post":null,"other_logs":null,"out_stock_days":null,"lost_sales":null,"has_location":false,"update_date":"2026-05-08T18:48:51","atum_locations":[],"atum_stock_status":"instock","restock_status":false,"low_stock_amount":"","sales_update_date":null,"calc_backorders":null,"aioseo_notices":[],"_links":{"self":[{"href":"https:\/\/ecoshop.ee\/lv\/wp-json\/wp\/v2\/product\/396139","targetHints":{"allow":["GET"]}}],"collection":[{"href":"https:\/\/ecoshop.ee\/lv\/wp-json\/wp\/v2\/product"}],"about":[{"href":"https:\/\/ecoshop.ee\/lv\/wp-json\/wp\/v2\/types\/product"}],"replies":[{"embeddable":true,"href":"https:\/\/ecoshop.ee\/lv\/wp-json\/wp\/v2\/comments?post=396139"}],"version-history":[{"count":2,"href":"https:\/\/ecoshop.ee\/lv\/wp-json\/wp\/v2\/product\/396139\/revisions"}],"predecessor-version":[{"id":396146,"href":"https:\/\/ecoshop.ee\/lv\/wp-json\/wp\/v2\/product\/396139\/revisions\/396146"}],"wp:featuredmedia":[{"embeddable":true,"href":"https:\/\/ecoshop.ee\/lv\/wp-json\/wp\/v2\/media\/396140"}],"wp:attachment":[{"href":"https:\/\/ecoshop.ee\/lv\/wp-json\/wp\/v2\/media?parent=396139"}],"wp:term":[{"taxonomy":"product_brand","embeddable":true,"href":"https:\/\/ecoshop.ee\/lv\/wp-json\/wp\/v2\/product_brand?post=396139"},{"taxonomy":"product_cat","embeddable":true,"href":"https:\/\/ecoshop.ee\/lv\/wp-json\/wp\/v2\/product_cat?post=396139"},{"taxonomy":"product_tag","embeddable":true,"href":"https:\/\/ecoshop.ee\/lv\/wp-json\/wp\/v2\/product_tag?post=396139"}],"curies":[{"name":"wp","href":"https:\/\/api.w.org\/{rel}","templated":true}]}}