{"id":396150,"date":"2026-05-08T22:07:23","date_gmt":"2026-05-08T19:07:23","guid":{"rendered":"https:\/\/ecoshop.ee\/?post_type=product&#038;p=396150"},"modified":"2026-05-08T22:07:24","modified_gmt":"2026-05-08T19:07:24","slug":"bettr-salita-karamelu-un-zemesriekstu-sviesta-vafelu-batonins-33g","status":"publish","type":"product","link":"https:\/\/ecoshop.ee\/lv\/vahvlid-ja-kupsised\/bettr-soolakaramelli-ja-maapahklikreemiga-vahvlibatoon-33g\/","title":{"rendered":"Bett&#039;r s\u0101\u013c\u0101s karameles un zemesriekstu sviesta vafe\u013cu batoni\u0146\u0161, 33g"},"content":{"rendered":"<p class=\"font-claude-response-body break-words whitespace-normal leading-[1.7]\">Julge ja samas \u00f5rn \u2013 see vahvlibatoon \u00fchendab kreemise maap\u00e4hklimaitse ja parajalt soolaka karamelli n\u00fcansi, mis j\u00e4tab meelde kustumatu j\u00e4lje. Kr\u00f5be vahvel, sametine kakaokate ja rikkalik t\u00e4idis moodustavad terviku, mis \u00fcllatab iga suut\u00e4iega.<\/p>\n<p class=\"font-claude-response-body break-words whitespace-normal leading-[1.7]\">Bett&#8217;r on t\u00f5estanud, et maiustamine v\u00f5ib olla puhas nauding \u2013 ilma palmi\u00f5lita, ilma rafineeritud suhkruta ja 100% taimse p\u00e4ritoluga. Ideaalne pausihetk, mis pakub nii magusust kui ka kerget soolasust t\u00e4pselt \u00f5iges tasakaalus.<\/p>\n<ul>\n<li>Mahe<\/li>\n<li>Vegan<\/li>\n<li>Ilma palmi\u00f5lita<\/li>\n<li>Ilma rafineeritud suhkruta<\/li>\n<\/ul>\n","protected":false},"excerpt":{"rendered":"<p>Julge ja samas \u00f5rn \u2013 see vahvlibatoon \u00fchendab kreemise maap\u00e4hklimaitse ja parajalt soolaka karamelli n\u00fcansi, mis j\u00e4tab meelde kustumatu j\u00e4lje. Kr\u00f5be vahvel,&hellip;<\/p>","protected":false},"featured_media":396151,"comment_status":"open","ping_status":"closed","template":"","meta":{"wprm-recipe-roundup-name":"","wprm-recipe-roundup-description":""},"product_brand":[11995],"product_cat":[160,148],"product_tag":[5829,149],"class_list":{"0":"post-396150","1":"product","2":"type-product","3":"status-publish","4":"has-post-thumbnail","6":"product_brand-bettr","7":"product_cat-kommid","8":"product_cat-vahvlid-ja-kupsised","9":"product_tag-vahvlibatoon","10":"product_tag-vahvlid","11":"j79_wcxd_expiry_type-best-before","13":"first","14":"instock","15":"taxable","16":"shipping-taxable","17":"purchasable","18":"product-type-simple"},"supplier_id":9165,"supplier_sku":"","barcode":"3800233784084","atum_controlled":true,"out_stock_date":null,"out_stock_threshold":null,"inheritable":false,"inbound_stock":null,"stock_on_hold":null,"sold_today":null,"sales_last_days":null,"reserved_stock":null,"customer_returns":null,"warehouse_damage":null,"lost_in_post":null,"other_logs":null,"out_stock_days":null,"lost_sales":null,"has_location":false,"update_date":"2026-05-08T19:07:25","atum_locations":[],"atum_stock_status":"instock","restock_status":false,"low_stock_amount":"","sales_update_date":null,"calc_backorders":null,"aioseo_notices":[],"_links":{"self":[{"href":"https:\/\/ecoshop.ee\/lv\/wp-json\/wp\/v2\/product\/396150","targetHints":{"allow":["GET"]}}],"collection":[{"href":"https:\/\/ecoshop.ee\/lv\/wp-json\/wp\/v2\/product"}],"about":[{"href":"https:\/\/ecoshop.ee\/lv\/wp-json\/wp\/v2\/types\/product"}],"replies":[{"embeddable":true,"href":"https:\/\/ecoshop.ee\/lv\/wp-json\/wp\/v2\/comments?post=396150"}],"version-history":[{"count":1,"href":"https:\/\/ecoshop.ee\/lv\/wp-json\/wp\/v2\/product\/396150\/revisions"}],"predecessor-version":[{"id":396152,"href":"https:\/\/ecoshop.ee\/lv\/wp-json\/wp\/v2\/product\/396150\/revisions\/396152"}],"wp:featuredmedia":[{"embeddable":true,"href":"https:\/\/ecoshop.ee\/lv\/wp-json\/wp\/v2\/media\/396151"}],"wp:attachment":[{"href":"https:\/\/ecoshop.ee\/lv\/wp-json\/wp\/v2\/media?parent=396150"}],"wp:term":[{"taxonomy":"product_brand","embeddable":true,"href":"https:\/\/ecoshop.ee\/lv\/wp-json\/wp\/v2\/product_brand?post=396150"},{"taxonomy":"product_cat","embeddable":true,"href":"https:\/\/ecoshop.ee\/lv\/wp-json\/wp\/v2\/product_cat?post=396150"},{"taxonomy":"product_tag","embeddable":true,"href":"https:\/\/ecoshop.ee\/lv\/wp-json\/wp\/v2\/product_tag?post=396150"}],"curies":[{"name":"wp","href":"https:\/\/api.w.org\/{rel}","templated":true}]}}