{"id":4253,"date":"2024-06-11T01:36:04","date_gmt":"2024-06-10T22:36:04","guid":{"rendered":"https:\/\/ecoshop.ee\/?post_type=product&#038;p=4253"},"modified":"2026-04-14T00:41:45","modified_gmt":"2026-04-13T21:41:45","slug":"atkartoti-lietojama-nerusejosa-terauda-udens-pudele-650-ml","status":"publish","type":"product","link":"https:\/\/ecoshop.ee\/lv\/korduvkasutus\/roostevabast-terasest-korduvkasutatav-veepudel-650ml\/","title":{"rendered":"Atk\u0101rtoti lietojama ner\u016bs\u0113jo\u0161\u0101 t\u0113rauda \u016bdens pudele, 650 ml"},"content":{"rendered":"<p>Jungle Culture met\u0101la atk\u0101rtoti lietojam\u0101 \u016bdens pudele ir vakuuma izol\u0113ta un ar dubultsienu, saglab\u0101jot \u0161\u0137idrumus aukstus 24 stundas un karstus 12 stundas!<\/p>\n<p>M\u0113s izmantojam profesion\u0101las kvalit\u0101tes ner\u016bs\u0113jo\u0161o t\u0113raudu, kas nodro\u0161ina, ka pudeles ir iztur\u012bgas, ner\u016bso\u0161as un herm\u0113tiskas.<\/p>\n<p>M\u016bsu augstas kvalit\u0101tes materi\u0101li nesaglab\u0101 dz\u0113rienu gar\u0161u, un mat\u0113t\u0101 apdare nov\u0113r\u0161 kondens\u0101tu, nodro\u0161inot \u0113rtu satv\u0113rienu. Vis\u0101m m\u016bsu plastmasas nesaturo\u0161aj\u0101m met\u0101la \u016bdens pudel\u0113m ir herm\u0113tisks v\u0101ks, kas nov\u0113r\u0161 nopl\u016bdes un izlie\u0161anu.<\/p>\n<ul>\n<li><strong>Ilgtsp\u0113j\u012bgs un bez atkritumiem<\/strong>Iepakots p\u0101rstr\u0101d\u0101ta kraftpap\u012bra kast\u0113s un iet\u012bts p\u0101rstr\u0101d\u0101t\u0101 pap\u012br\u0101.<\/li>\n<li><strong>Divsienu izol\u0113ts ner\u016bs\u0113jo\u0161ais t\u0113rauds<\/strong>Saglab\u0101 karstos dz\u0113rienus karstus un aukstos dz\u0113rienus aukstus, pasarg\u0101jot rokas no apdegumiem. V\u0101ks ar silikona bl\u012bv\u0113jumu.<\/li>\n<li><strong>Rad\u012bts ce\u013co\u0161anai<\/strong>Viegls un iztur\u012bgs dizains, kas ietilpst vairuma mugursomu s\u0101nu kabat\u0101s.<\/li>\n<li><strong>Ietilp\u012bba un izm\u0113ri<\/strong>Tilpums: 650 ml, augstums 30,5 cm, svars 500 g.<\/li>\n<\/ul>","protected":false},"excerpt":{"rendered":"<p>Jungle Culture metallist korduvkasutatav veepudel on vaakumisolatsiooniga ja topelt seinaga, hoides vedelikud k\u00fclmana 24 tundi ja kuumana 12 tundi! Kasutame professionaalse kvaliteediga&hellip;<\/p>","protected":false},"featured_media":4254,"comment_status":"open","ping_status":"closed","template":"","meta":{"wprm-recipe-roundup-name":"","wprm-recipe-roundup-description":""},"product_brand":[12064],"product_cat":[163,248],"product_tag":[203],"class_list":{"0":"post-4253","1":"product","2":"type-product","3":"status-publish","4":"has-post-thumbnail","6":"product_brand-jungle-culture","7":"product_cat-kodutarbed","8":"product_cat-korduvkasutus","9":"product_tag-pudel","11":"first","12":"instock","13":"taxable","14":"shipping-taxable","15":"purchasable","16":"product-type-variable"},"supplier_id":null,"supplier_sku":"","barcode":null,"atum_controlled":true,"out_stock_date":null,"out_stock_threshold":null,"inheritable":true,"inbound_stock":0,"stock_on_hold":0,"sold_today":0,"sales_last_days":0,"reserved_stock":0,"customer_returns":0,"warehouse_damage":0,"lost_in_post":0,"other_logs":0,"out_stock_days":0,"lost_sales":0,"has_location":false,"update_date":"2026-04-13T21:41:46","atum_locations":[],"atum_stock_status":"instock","restock_status":false,"low_stock_amount":"","sales_update_date":"2026-03-07T01:16:08","calc_backorders":null,"aioseo_notices":[],"_links":{"self":[{"href":"https:\/\/ecoshop.ee\/lv\/wp-json\/wp\/v2\/product\/4253","targetHints":{"allow":["GET"]}}],"collection":[{"href":"https:\/\/ecoshop.ee\/lv\/wp-json\/wp\/v2\/product"}],"about":[{"href":"https:\/\/ecoshop.ee\/lv\/wp-json\/wp\/v2\/types\/product"}],"replies":[{"embeddable":true,"href":"https:\/\/ecoshop.ee\/lv\/wp-json\/wp\/v2\/comments?post=4253"}],"version-history":[{"count":0,"href":"https:\/\/ecoshop.ee\/lv\/wp-json\/wp\/v2\/product\/4253\/revisions"}],"wp:featuredmedia":[{"embeddable":true,"href":"https:\/\/ecoshop.ee\/lv\/wp-json\/wp\/v2\/media\/4254"}],"wp:attachment":[{"href":"https:\/\/ecoshop.ee\/lv\/wp-json\/wp\/v2\/media?parent=4253"}],"wp:term":[{"taxonomy":"product_brand","embeddable":true,"href":"https:\/\/ecoshop.ee\/lv\/wp-json\/wp\/v2\/product_brand?post=4253"},{"taxonomy":"product_cat","embeddable":true,"href":"https:\/\/ecoshop.ee\/lv\/wp-json\/wp\/v2\/product_cat?post=4253"},{"taxonomy":"product_tag","embeddable":true,"href":"https:\/\/ecoshop.ee\/lv\/wp-json\/wp\/v2\/product_tag?post=4253"}],"curies":[{"name":"wp","href":"https:\/\/api.w.org\/{rel}","templated":true}]}}