{"id":4511,"date":"2024-06-18T00:47:59","date_gmt":"2024-06-17T21:47:59","guid":{"rendered":"https:\/\/ecoshop.ee\/?post_type=product&#038;p=4511"},"modified":"2026-04-14T00:50:01","modified_gmt":"2026-04-13T21:50:01","slug":"bambusa-blodas-15-cm","status":"publish","type":"product","link":"https:\/\/ecoshop.ee\/lv\/noud-ja-koogitarbed\/bambusest-kausid-15cm\/","title":{"rendered":"Bambusa b\u013codas, 15 cm"},"content":{"rendered":"<p>M\u016bsu bambusa uzkodu un m\u0113rc\u012b\u0161u b\u013codi\u0146as ir lieliski piem\u0113rotas kartupe\u013cu \u010dipsu, riekstu mais\u012bjumu un citu \u0113dienu pasnieg\u0161anai ball\u012bt\u0113s! M\u016bsu zemniecisk\u0101s koka uzkodu b\u013codi\u0146as, kas ir roku darbs no v\u0113rpta bambusa un kr\u0101sotas ar teraco rakstu, ieder\u0113sies gandr\u012bz jebkur\u0101 m\u0101jas interjer\u0101.<\/p>\n<p>Visi m\u016bsu bambusa b\u013codu komplekti ir izgatavoti no dab\u012bga un organiska Vjetnamas bambusa. \u0160is bambuss ir slavens ar savu gai\u0161o kr\u0101su un \u0101tro aug\u0161anu, kas noz\u012bm\u0113, ka m\u016bsu produkti neveicina me\u017eu izcir\u0161anu.<\/p>\n<p>Pievienojiet savai kolekcijai m\u016bsu viegl\u0101s bambusa m\u0113rc\u0113\u0161anas b\u013codi\u0146as un pasniedziet saviem draugiem un \u0123imenei \u0113dienu, izmantojot tikai dab\u012bgus galda piederumus!<\/p>\n<p><strong><span class=\"jCAhz JxVs2d\"><span class=\"ryNqvb\">Ietver:<\/span><\/span><\/strong><\/p>\n<ul>\n<li><span class=\"jCAhz JxVs2d ChMk0b\"><span class=\"ryNqvb\">2 bambusa uzkodu un m\u0113rc\u012b\u0161u b\u013codi\u0146as<\/span><\/span><\/li>\n<\/ul>","protected":false},"excerpt":{"rendered":"<p>Meie bambusest sn\u00e4ki- ja dipikausid sobivad suurep\u00e4raselt pidudel kartulikr\u00f5psude, p\u00e4hklisegude ja muude toitude serveerimiseks! Meie rustikaalsed puidust suupistekausid, mis on k\u00e4sitsi valmistatud&hellip;<\/p>","protected":false},"featured_media":4517,"comment_status":"open","ping_status":"closed","template":"","meta":{"wprm-recipe-roundup-name":"","wprm-recipe-roundup-description":""},"product_brand":[12064],"product_cat":[163,247],"product_tag":[171],"class_list":{"0":"post-4511","1":"product","2":"type-product","3":"status-publish","4":"has-post-thumbnail","6":"product_brand-jungle-culture","7":"product_cat-kodutarbed","8":"product_cat-noud-ja-koogitarbed","9":"product_tag-kauss","11":"first","12":"instock","13":"taxable","14":"shipping-taxable","15":"purchasable","16":"product-type-simple"},"supplier_id":9133,"supplier_sku":"","barcode":null,"atum_controlled":true,"out_stock_date":null,"out_stock_threshold":null,"inheritable":false,"inbound_stock":0,"stock_on_hold":0,"sold_today":0,"sales_last_days":0,"reserved_stock":0,"customer_returns":0,"warehouse_damage":0,"lost_in_post":0,"other_logs":0,"out_stock_days":0,"lost_sales":0,"has_location":false,"update_date":"2026-04-13T21:50:02","atum_locations":[],"atum_stock_status":"instock","restock_status":false,"low_stock_amount":"","sales_update_date":"2026-03-07T01:16:04","calc_backorders":null,"aioseo_notices":[],"_links":{"self":[{"href":"https:\/\/ecoshop.ee\/lv\/wp-json\/wp\/v2\/product\/4511","targetHints":{"allow":["GET"]}}],"collection":[{"href":"https:\/\/ecoshop.ee\/lv\/wp-json\/wp\/v2\/product"}],"about":[{"href":"https:\/\/ecoshop.ee\/lv\/wp-json\/wp\/v2\/types\/product"}],"replies":[{"embeddable":true,"href":"https:\/\/ecoshop.ee\/lv\/wp-json\/wp\/v2\/comments?post=4511"}],"version-history":[{"count":0,"href":"https:\/\/ecoshop.ee\/lv\/wp-json\/wp\/v2\/product\/4511\/revisions"}],"wp:featuredmedia":[{"embeddable":true,"href":"https:\/\/ecoshop.ee\/lv\/wp-json\/wp\/v2\/media\/4517"}],"wp:attachment":[{"href":"https:\/\/ecoshop.ee\/lv\/wp-json\/wp\/v2\/media?parent=4511"}],"wp:term":[{"taxonomy":"product_brand","embeddable":true,"href":"https:\/\/ecoshop.ee\/lv\/wp-json\/wp\/v2\/product_brand?post=4511"},{"taxonomy":"product_cat","embeddable":true,"href":"https:\/\/ecoshop.ee\/lv\/wp-json\/wp\/v2\/product_cat?post=4511"},{"taxonomy":"product_tag","embeddable":true,"href":"https:\/\/ecoshop.ee\/lv\/wp-json\/wp\/v2\/product_tag?post=4511"}],"curies":[{"name":"wp","href":"https:\/\/api.w.org\/{rel}","templated":true}]}}