{"id":4518,"date":"2024-06-18T01:57:03","date_gmt":"2024-06-17T22:57:03","guid":{"rendered":"https:\/\/ecoshop.ee\/?post_type=product&#038;p=4518"},"modified":"2026-04-14T00:47:21","modified_gmt":"2026-04-13T21:47:21","slug":"bambusa-salmini-12-gab","status":"publish","type":"product","link":"https:\/\/ecoshop.ee\/lv\/korduvkasutus\/bambusest-korred-12tk\/","title":{"rendered":"Bambusa salmi\u0146i, 12 gab."},"content":{"rendered":"<p>D\u017eung\u013cu salmi\u0146us izgatavo viet\u0113jie amatnieki neliel\u0101 \u0123imenes uz\u0146\u0113mum\u0101 Vjetnamas laukos. \u0160ie atk\u0101rtoti lietojamie bambusa salmi\u0146i ir videi draudz\u012bga un ilgtsp\u0113j\u012bga alternat\u012bva plastmasas salmi\u0146iem, jo tie ir ra\u017eoti, neizmantojot kait\u012bgus pestic\u012bdus vai \u0137\u012bmiskas vielas. Viss ra\u017eo\u0161anas process ir dro\u0161s, netoksisks un piln\u012bb\u0101 organisks (SGS sertific\u0113ts).<\/p>\n<p>100% organisks, dab\u012bgs, biolo\u0123iski no\u0101rd\u0101ms un kompost\u0113jams.<br \/>\nIde\u0101ls videi draudz\u012bgs komplekts \u0123imenei.<br \/>\nBez BPA \u2013 m\u016bsu bambusa audz\u0113\u0161an\u0101 netiek izmantotas \u0137\u012bmiskas vielas vai pestic\u012bdi.<br \/>\nAtk\u0101rtoti lietojami salmi\u0146i \u2013 tos var izmantot simtiem, ja ne t\u016bksto\u0161iem rei\u017eu.<br \/>\nDro\u0161i mazg\u0101jams trauku mazg\u0101jamaj\u0101 ma\u0161\u012bn\u0101.<\/p>\n<p><strong><span class=\"jCAhz JxVs2d ChMk0b\"><span class=\"ryNqvb\">Komplekt\u0101 ietilpst:<\/span><\/span><\/strong><\/p>\n<ul>\n<li><span class=\"jCAhz JxVs2d ChMk0b\"><span class=\"ryNqvb\">12 bambusa dzer\u0161anas salmi\u0146i<\/span><\/span><\/li>\n<li><span class=\"jCAhz JxVs2d ChMk0b\"><span class=\"ryNqvb\">1 rupjdrabkr\u0101sas uzglab\u0101\u0161anas maisi\u0146\u0161 (br\u016bns)<\/span><\/span><\/li>\n<li><span class=\"jCAhz JxVs2d ChMk0b\"><span class=\"ryNqvb\">1 rupjdrabkr\u0101sas uzglab\u0101\u0161anas maisi\u0146\u0161 (balts, paredz\u0113ts 2 salmi\u0146iem)<\/span><\/span><\/li>\n<li><span class=\"jCAhz JxVs2d ChMk0b\"><span class=\"ryNqvb\">1 t\u012br\u012b\u0161anas birste<\/span><\/span><\/li>\n<\/ul>","protected":false},"excerpt":{"rendered":"<p>Jungle Straws on toodetud kohalike k\u00e4sit\u00f6\u00f6liste poolt v\u00e4ikeses pereettev\u00f5ttes Vietnami maapiirkonnas. Need korduvkasutatavad bambusest k\u00f5rred on looduss\u00f5bralik ja j\u00e4tkusuutlik alternatiiv plastikk\u00f5rtele, valmistatud&hellip;<\/p>","protected":false},"featured_media":4519,"comment_status":"open","ping_status":"closed","template":"","meta":{"wprm-recipe-roundup-name":"","wprm-recipe-roundup-description":""},"product_brand":[12064],"product_cat":[163,248,247],"product_tag":[195],"class_list":{"0":"post-4518","1":"product","2":"type-product","3":"status-publish","4":"has-post-thumbnail","6":"product_brand-jungle-culture","7":"product_cat-kodutarbed","8":"product_cat-korduvkasutus","9":"product_cat-noud-ja-koogitarbed","10":"product_tag-korred","12":"first","13":"instock","14":"taxable","15":"shipping-taxable","16":"purchasable","17":"product-type-simple"},"supplier_id":9133,"supplier_sku":"","barcode":null,"atum_controlled":true,"out_stock_date":null,"out_stock_threshold":null,"inheritable":false,"inbound_stock":0,"stock_on_hold":0,"sold_today":0,"sales_last_days":0,"reserved_stock":0,"customer_returns":0,"warehouse_damage":0,"lost_in_post":0,"other_logs":0,"out_stock_days":0,"lost_sales":0,"has_location":false,"update_date":"2026-04-13T21:47:22","atum_locations":[],"atum_stock_status":"instock","restock_status":false,"low_stock_amount":"","sales_update_date":"2026-03-07T01:16:04","calc_backorders":null,"aioseo_notices":[],"_links":{"self":[{"href":"https:\/\/ecoshop.ee\/lv\/wp-json\/wp\/v2\/product\/4518","targetHints":{"allow":["GET"]}}],"collection":[{"href":"https:\/\/ecoshop.ee\/lv\/wp-json\/wp\/v2\/product"}],"about":[{"href":"https:\/\/ecoshop.ee\/lv\/wp-json\/wp\/v2\/types\/product"}],"replies":[{"embeddable":true,"href":"https:\/\/ecoshop.ee\/lv\/wp-json\/wp\/v2\/comments?post=4518"}],"version-history":[{"count":0,"href":"https:\/\/ecoshop.ee\/lv\/wp-json\/wp\/v2\/product\/4518\/revisions"}],"wp:featuredmedia":[{"embeddable":true,"href":"https:\/\/ecoshop.ee\/lv\/wp-json\/wp\/v2\/media\/4519"}],"wp:attachment":[{"href":"https:\/\/ecoshop.ee\/lv\/wp-json\/wp\/v2\/media?parent=4518"}],"wp:term":[{"taxonomy":"product_brand","embeddable":true,"href":"https:\/\/ecoshop.ee\/lv\/wp-json\/wp\/v2\/product_brand?post=4518"},{"taxonomy":"product_cat","embeddable":true,"href":"https:\/\/ecoshop.ee\/lv\/wp-json\/wp\/v2\/product_cat?post=4518"},{"taxonomy":"product_tag","embeddable":true,"href":"https:\/\/ecoshop.ee\/lv\/wp-json\/wp\/v2\/product_tag?post=4518"}],"curies":[{"name":"wp","href":"https:\/\/api.w.org\/{rel}","templated":true}]}}