{"id":4564,"date":"2024-06-19T00:56:06","date_gmt":"2024-06-18T21:56:06","guid":{"rendered":"https:\/\/ecoshop.ee\/?post_type=product&#038;p=4564"},"modified":"2026-04-14T00:41:05","modified_gmt":"2026-04-13T21:41:05","slug":"skuvekla-stativs-metala-skuvekliem","status":"publish","type":"product","link":"https:\/\/ecoshop.ee\/lv\/raseerijad\/raseerija-alus-metallist-raseerijatele\/","title":{"rendered":"Skuvek\u013ca stat\u012bvs met\u0101la skuvek\u013ciem (da\u017e\u0101das kr\u0101sas)"},"content":{"rendered":"<p>Katrs skuvek\u013ca stat\u012bvs ir izstr\u0101d\u0101ts t\u0101, lai tas lieliski atbilstu m\u016bsu Jungle Culture met\u0101la skuvek\u013cu kl\u0101stam. \u0160is iztur\u012bgais stat\u012bvs notur j\u016bsu skuvekli vertik\u0101li un ne\u013cauj asmenim atrasties uz mitr\u0101m vannas istabas virsm\u0101m. Lielisks veids, k\u0101 sakopt vannas istabu! M\u016bsu skuvek\u013ci alused kalpos visu m\u016b\u017eu ar minim\u0101lu apkopi. Lai t\u012br\u012btu, vienk\u0101r\u0161i iz\u0146emiet skuvekli no stat\u012bva un noskalojiet ar siltu ziepj\u016bdeni. Noslaukiet to ar salveti vai mitru dr\u0101nu.<\/p>\n<p>&nbsp;<\/p>\n<p>Piez\u012bme: Skuveklis j\u0101ieg\u0101d\u0101jas atsevi\u0161\u0137i.<\/p>","protected":false},"excerpt":{"rendered":"<p>Iga raseerija alus on loodud t\u00e4iuslikult sobituma meie valikus olevate Jungle Culture metallist raseerijatega. See kaalukas alus hoiab teie raseerija p\u00fcsti ja&hellip;<\/p>","protected":false},"featured_media":6438,"comment_status":"open","ping_status":"closed","template":"","meta":{"wprm-recipe-roundup-name":"","wprm-recipe-roundup-description":""},"product_brand":[12064],"product_cat":[163,280],"product_tag":[190],"class_list":{"0":"post-4564","1":"product","2":"type-product","3":"status-publish","4":"has-post-thumbnail","6":"product_brand-jungle-culture","7":"product_cat-kodutarbed","8":"product_cat-raseerijad","9":"product_tag-raseerija","11":"first","12":"instock","13":"taxable","14":"shipping-taxable","15":"purchasable","16":"product-type-variable"},"supplier_id":null,"supplier_sku":"","barcode":null,"atum_controlled":true,"out_stock_date":null,"out_stock_threshold":null,"inheritable":true,"inbound_stock":0,"stock_on_hold":0,"sold_today":0,"sales_last_days":0,"reserved_stock":0,"customer_returns":0,"warehouse_damage":0,"lost_in_post":0,"other_logs":0,"out_stock_days":0,"lost_sales":0,"has_location":false,"update_date":"2026-04-13T21:41:06","atum_locations":[],"atum_stock_status":"instock","restock_status":false,"low_stock_amount":"","sales_update_date":"2026-03-07T01:16:08","calc_backorders":null,"aioseo_notices":[],"_links":{"self":[{"href":"https:\/\/ecoshop.ee\/lv\/wp-json\/wp\/v2\/product\/4564","targetHints":{"allow":["GET"]}}],"collection":[{"href":"https:\/\/ecoshop.ee\/lv\/wp-json\/wp\/v2\/product"}],"about":[{"href":"https:\/\/ecoshop.ee\/lv\/wp-json\/wp\/v2\/types\/product"}],"replies":[{"embeddable":true,"href":"https:\/\/ecoshop.ee\/lv\/wp-json\/wp\/v2\/comments?post=4564"}],"version-history":[{"count":0,"href":"https:\/\/ecoshop.ee\/lv\/wp-json\/wp\/v2\/product\/4564\/revisions"}],"wp:featuredmedia":[{"embeddable":true,"href":"https:\/\/ecoshop.ee\/lv\/wp-json\/wp\/v2\/media\/6438"}],"wp:attachment":[{"href":"https:\/\/ecoshop.ee\/lv\/wp-json\/wp\/v2\/media?parent=4564"}],"wp:term":[{"taxonomy":"product_brand","embeddable":true,"href":"https:\/\/ecoshop.ee\/lv\/wp-json\/wp\/v2\/product_brand?post=4564"},{"taxonomy":"product_cat","embeddable":true,"href":"https:\/\/ecoshop.ee\/lv\/wp-json\/wp\/v2\/product_cat?post=4564"},{"taxonomy":"product_tag","embeddable":true,"href":"https:\/\/ecoshop.ee\/lv\/wp-json\/wp\/v2\/product_tag?post=4564"}],"curies":[{"name":"wp","href":"https:\/\/api.w.org\/{rel}","templated":true}]}}