{"id":4606,"date":"2024-06-20T23:15:06","date_gmt":"2024-06-20T20:15:06","guid":{"rendered":"https:\/\/ecoshop.ee\/?post_type=product&#038;p=4606"},"modified":"2026-04-14T00:40:56","modified_gmt":"2026-04-13T21:40:56","slug":"atkartoti-lietojams-organiskas-kokvilnas-iepirkumu-maisins","status":"publish","type":"product","link":"https:\/\/ecoshop.ee\/lv\/korduvkasutus\/orgaanilisest-puuvillast-korduvkasutatav-ostukott\/","title":{"rendered":"Atk\u0101rtoti lietojams iepirkumu maisi\u0146\u0161 no organisk\u0101s kokvilnas"},"content":{"rendered":"<p>Jungle Culture iztur\u012bgie, atk\u0101rtoti lietojamie iepirkumu maisi\u0146i ir izgatavoti no sp\u0113c\u012bga auduma un organisk\u0101s kokvilnas mais\u012bjuma. M\u016bsu apdruk\u0101tie, atk\u0101rtoti lietojamie iepirkumu maisi\u0146i ir salok\u0101mi, kabatas izm\u0113ra, mazg\u0101jami ve\u013cas ma\u0161\u012bn\u0101 un viegli, padarot tos ide\u0101li piem\u0113rotus ikdienas lieto\u0161anai!<\/p>\n<p>M\u016bsu videi draudz\u012bgaj\u0101m iepirkumu som\u0101m ir vid\u0113ja garuma plecu siksna, kas padara t\u0101s par \u0113rtu un stil\u012bgu pavadoni. Lieliski piem\u0113rotas lieto\u0161anai k\u0101 d\u0101vanu soma, skol\u0113na gr\u0101matu soma vai ikdienas iepirkumiem.<\/p>","protected":false},"excerpt":{"rendered":"<p>Jungle Culture&#8217;i vastupidavad korduvkasutatavad ostukotid on valmistatud tugevast kanga ja orgaanilise puuvilla segust. Meie tr\u00fckitud korduvkasutatavad ostukotid on kokkupandavad, taskusse mahtuvad, masinpestavad&hellip;<\/p>","protected":false},"featured_media":4607,"comment_status":"open","ping_status":"closed","template":"","meta":{"wprm-recipe-roundup-name":"","wprm-recipe-roundup-description":""},"product_brand":[12064],"product_cat":[163,248],"product_tag":[202],"class_list":{"0":"post-4606","1":"product","2":"type-product","3":"status-publish","4":"has-post-thumbnail","6":"product_brand-jungle-culture","7":"product_cat-kodutarbed","8":"product_cat-korduvkasutus","9":"product_tag-kott","11":"first","12":"instock","13":"taxable","14":"shipping-taxable","15":"purchasable","16":"product-type-simple"},"supplier_id":9133,"supplier_sku":"","barcode":null,"atum_controlled":true,"out_stock_date":null,"out_stock_threshold":null,"inheritable":false,"inbound_stock":0,"stock_on_hold":0,"sold_today":0,"sales_last_days":0,"reserved_stock":0,"customer_returns":0,"warehouse_damage":0,"lost_in_post":0,"other_logs":0,"out_stock_days":0,"lost_sales":0,"has_location":false,"update_date":"2026-04-13T21:40:56","atum_locations":[],"atum_stock_status":"instock","restock_status":false,"low_stock_amount":"","sales_update_date":"2026-03-07T01:16:04","calc_backorders":null,"aioseo_notices":[],"_links":{"self":[{"href":"https:\/\/ecoshop.ee\/lv\/wp-json\/wp\/v2\/product\/4606","targetHints":{"allow":["GET"]}}],"collection":[{"href":"https:\/\/ecoshop.ee\/lv\/wp-json\/wp\/v2\/product"}],"about":[{"href":"https:\/\/ecoshop.ee\/lv\/wp-json\/wp\/v2\/types\/product"}],"replies":[{"embeddable":true,"href":"https:\/\/ecoshop.ee\/lv\/wp-json\/wp\/v2\/comments?post=4606"}],"version-history":[{"count":0,"href":"https:\/\/ecoshop.ee\/lv\/wp-json\/wp\/v2\/product\/4606\/revisions"}],"wp:featuredmedia":[{"embeddable":true,"href":"https:\/\/ecoshop.ee\/lv\/wp-json\/wp\/v2\/media\/4607"}],"wp:attachment":[{"href":"https:\/\/ecoshop.ee\/lv\/wp-json\/wp\/v2\/media?parent=4606"}],"wp:term":[{"taxonomy":"product_brand","embeddable":true,"href":"https:\/\/ecoshop.ee\/lv\/wp-json\/wp\/v2\/product_brand?post=4606"},{"taxonomy":"product_cat","embeddable":true,"href":"https:\/\/ecoshop.ee\/lv\/wp-json\/wp\/v2\/product_cat?post=4606"},{"taxonomy":"product_tag","embeddable":true,"href":"https:\/\/ecoshop.ee\/lv\/wp-json\/wp\/v2\/product_tag?post=4606"}],"curies":[{"name":"wp","href":"https:\/\/api.w.org\/{rel}","templated":true}]}}