{"id":4622,"date":"2024-06-21T22:02:03","date_gmt":"2024-06-21T19:02:03","guid":{"rendered":"https:\/\/ecoshop.ee\/?post_type=product&#038;p=4622"},"modified":"2026-04-14T00:47:11","modified_gmt":"2026-04-13T21:47:11","slug":"okeana-iedvesmots-atkartoti-lietojams-tirisanas-komplekts","status":"publish","type":"product","link":"https:\/\/ecoshop.ee\/lv\/korduvkasutus\/ookeanist-inspireeritud-korduvkasutatav-korrekomplekt\/","title":{"rendered":"Oke\u0101na iedvesmots atk\u0101rtoti lietojams salmi\u0146u komplekts"},"content":{"rendered":"<p>M\u016bsu dzi\u013cj\u016bras zilie un kora\u013c\u013cu sarkanie salmi\u0146u komplekti ir iedvesmoti no mier\u012bg\u0101s zil\u0101s j\u016bras, me\u017eon\u012bgajiem vi\u013c\u0146iem un spilgtajiem kora\u013c\u013cu rifiem. Visi m\u016bsu ner\u016bs\u0113jo\u0161\u0101 t\u0113rauda salmi\u0146i ir FDA apstiprin\u0101ti un SGS sertific\u0113ti, nodro\u0161inot augst\u0101ko kvalit\u0101ti. \u0160ie atk\u0101rtoti lietojamie met\u0101la salmi\u0146i ir viegli kopjami un ilgi kalpo.<\/p>\n<p>Komplekts ir pieejams divos unik\u0101los dizainos: dzi\u013ci j\u016bras zil\u0101 un kora\u013c\u013cu sarkan\u0101 kr\u0101s\u0101.<\/p>\n<p>&nbsp;<\/p>\n<p><strong>Komplekt\u0101 ietilpst:<\/strong><\/p>\n<ul>\n<li>4 taisni ner\u016bs\u0113jo\u0161\u0101 t\u0113rauda salmi\u0146i<\/li>\n<li>4 saliekti ner\u016bs\u0113jo\u0161\u0101 t\u0113rauda salmi\u0146i<\/li>\n<li>1 birste salmi\u0146u t\u012br\u012b\u0161anai<\/li>\n<li>1 dab\u012bg\u0101 d\u017eutas maisi\u0146\u0161<\/li>\n<\/ul>","protected":false},"excerpt":{"rendered":"<p>Meie s\u00fcvameresinised ja korallpunased k\u00f5rrekomplektid on inspireeritud rahulikust sinisest merest, metsikutest lainetest ja elust pakatavatest korallriffidest. K\u00f5ik meie roostevabast terasest k\u00f5rred on&hellip;<\/p>","protected":false},"featured_media":4628,"comment_status":"open","ping_status":"closed","template":"","meta":{"wprm-recipe-roundup-name":"","wprm-recipe-roundup-description":""},"product_brand":[12064],"product_cat":[163,248,247],"product_tag":[195],"class_list":{"0":"post-4622","1":"product","2":"type-product","3":"status-publish","4":"has-post-thumbnail","6":"product_brand-jungle-culture","7":"product_cat-kodutarbed","8":"product_cat-korduvkasutus","9":"product_cat-noud-ja-koogitarbed","10":"product_tag-korred","12":"first","13":"instock","14":"taxable","15":"shipping-taxable","16":"purchasable","17":"product-type-variable"},"supplier_id":null,"supplier_sku":"","barcode":null,"atum_controlled":true,"out_stock_date":null,"out_stock_threshold":null,"inheritable":true,"inbound_stock":0,"stock_on_hold":0,"sold_today":0,"sales_last_days":0,"reserved_stock":0,"customer_returns":0,"warehouse_damage":0,"lost_in_post":0,"other_logs":0,"out_stock_days":0,"lost_sales":0,"has_location":false,"update_date":"2026-04-13T21:47:12","atum_locations":[],"atum_stock_status":"instock","restock_status":false,"low_stock_amount":"","sales_update_date":"2026-03-07T01:16:08","calc_backorders":null,"aioseo_notices":[],"_links":{"self":[{"href":"https:\/\/ecoshop.ee\/lv\/wp-json\/wp\/v2\/product\/4622","targetHints":{"allow":["GET"]}}],"collection":[{"href":"https:\/\/ecoshop.ee\/lv\/wp-json\/wp\/v2\/product"}],"about":[{"href":"https:\/\/ecoshop.ee\/lv\/wp-json\/wp\/v2\/types\/product"}],"replies":[{"embeddable":true,"href":"https:\/\/ecoshop.ee\/lv\/wp-json\/wp\/v2\/comments?post=4622"}],"version-history":[{"count":0,"href":"https:\/\/ecoshop.ee\/lv\/wp-json\/wp\/v2\/product\/4622\/revisions"}],"wp:featuredmedia":[{"embeddable":true,"href":"https:\/\/ecoshop.ee\/lv\/wp-json\/wp\/v2\/media\/4628"}],"wp:attachment":[{"href":"https:\/\/ecoshop.ee\/lv\/wp-json\/wp\/v2\/media?parent=4622"}],"wp:term":[{"taxonomy":"product_brand","embeddable":true,"href":"https:\/\/ecoshop.ee\/lv\/wp-json\/wp\/v2\/product_brand?post=4622"},{"taxonomy":"product_cat","embeddable":true,"href":"https:\/\/ecoshop.ee\/lv\/wp-json\/wp\/v2\/product_cat?post=4622"},{"taxonomy":"product_tag","embeddable":true,"href":"https:\/\/ecoshop.ee\/lv\/wp-json\/wp\/v2\/product_tag?post=4622"}],"curies":[{"name":"wp","href":"https:\/\/api.w.org\/{rel}","templated":true}]}}