{"id":4655,"date":"2024-06-22T22:51:19","date_gmt":"2024-06-22T19:51:19","guid":{"rendered":"https:\/\/ecoshop.ee\/?post_type=product&#038;p=4655"},"modified":"2025-12-25T19:36:49","modified_gmt":"2025-12-25T16:36:49","slug":"korka-viriesu-josta","status":"publish","type":"product","link":"https:\/\/ecoshop.ee\/lv\/rihmad\/korgist-meeste-puksirihm\/","title":{"rendered":"V\u012brie\u0161u kor\u0137a josta"},"content":{"rendered":"<p>Eleganta un iztur\u012bga v\u012brie\u0161u kor\u0137a josta papildin\u0101s j\u016bsu t\u0113rpu ar stil\u012bgu tekst\u016bru. \u0160\u012b josta ir lieliska izv\u0113le gan k\u0101zu apmekl\u0113\u0161anai, gan biroja apmekl\u0113jumam. Izgatavota no augstas kvalit\u0101tes ozolkoka kor\u0137a, kas ir ekolo\u0123isks, ilgtsp\u0113j\u012bgs, m\u012bksts, elast\u012bgs un iztur\u012bgs. Kor\u0137is ir organisks un ilgtsp\u0113j\u012bgi ieg\u016bts materi\u0101ls, kas samazina \u0161\u012bs jostas ekolo\u0123isko p\u0113du.<\/p>\n<p>Kor\u0137is ir dabiski \u016bdensiztur\u012bgs un ugunsdro\u0161s, kas nodro\u0161ina papildu iztur\u012bbu un ilgm\u016b\u017e\u012bbu. Turkl\u0101t kor\u0137a ra\u017eo\u0161ana ir energoefekt\u012bva, jo nav nepiecie\u0161ams nocirst kokus, bet gan tikai to mizu, kas laika gait\u0101 atjaunojas. Kor\u0137a vieglums un komforts padara to par ide\u0101lu izv\u0113li ikdienas valk\u0101\u0161anai.<\/p>\n<p>&nbsp;<\/p>\n<p><strong>Izm\u0113rs un piem\u0113rot\u012bba:<\/strong><\/p>\n<ul>\n<li>Platums: 3,3 cm<\/li>\n<li>Garums: 110\u2013120 cm<\/li>\n<li>Biezums: 0,33 cm<\/li>\n<li>Svars: 170 g<\/li>\n<\/ul>","protected":false},"excerpt":{"rendered":"<p>Elegantne ja tugev korgist meeste p\u00fcksirihm t\u00e4iustab riietust stiilse tekstuuriga. See v\u00f6\u00f6 on suurep\u00e4rane valik nii pulmas osalemiseks kui ka kontoris viibimiseks.&hellip;<\/p>","protected":false},"featured_media":4666,"comment_status":"open","ping_status":"closed","template":"","meta":{"wprm-recipe-roundup-name":"","wprm-recipe-roundup-description":""},"product_brand":[],"product_cat":[244],"product_tag":[214],"class_list":{"0":"post-4655","1":"product","2":"type-product","3":"status-publish","4":"has-post-thumbnail","6":"product_cat-rihmad","7":"product_tag-voo","9":"first","10":"instock","11":"taxable","12":"shipping-taxable","13":"purchasable","14":"product-type-variable"},"supplier_id":null,"supplier_sku":"","barcode":null,"atum_controlled":true,"out_stock_date":null,"out_stock_threshold":null,"inheritable":false,"inbound_stock":0,"stock_on_hold":0,"sold_today":0,"sales_last_days":0,"reserved_stock":0,"customer_returns":0,"warehouse_damage":0,"lost_in_post":0,"other_logs":0,"out_stock_days":0,"lost_sales":0,"has_location":false,"update_date":"2026-03-07T01:16:08","atum_locations":[],"atum_stock_status":"instock","restock_status":false,"low_stock_amount":"","sales_update_date":"2026-03-07T01:16:08","calc_backorders":null,"aioseo_notices":[],"_links":{"self":[{"href":"https:\/\/ecoshop.ee\/lv\/wp-json\/wp\/v2\/product\/4655","targetHints":{"allow":["GET"]}}],"collection":[{"href":"https:\/\/ecoshop.ee\/lv\/wp-json\/wp\/v2\/product"}],"about":[{"href":"https:\/\/ecoshop.ee\/lv\/wp-json\/wp\/v2\/types\/product"}],"replies":[{"embeddable":true,"href":"https:\/\/ecoshop.ee\/lv\/wp-json\/wp\/v2\/comments?post=4655"}],"version-history":[{"count":0,"href":"https:\/\/ecoshop.ee\/lv\/wp-json\/wp\/v2\/product\/4655\/revisions"}],"wp:featuredmedia":[{"embeddable":true,"href":"https:\/\/ecoshop.ee\/lv\/wp-json\/wp\/v2\/media\/4666"}],"wp:attachment":[{"href":"https:\/\/ecoshop.ee\/lv\/wp-json\/wp\/v2\/media?parent=4655"}],"wp:term":[{"taxonomy":"product_brand","embeddable":true,"href":"https:\/\/ecoshop.ee\/lv\/wp-json\/wp\/v2\/product_brand?post=4655"},{"taxonomy":"product_cat","embeddable":true,"href":"https:\/\/ecoshop.ee\/lv\/wp-json\/wp\/v2\/product_cat?post=4655"},{"taxonomy":"product_tag","embeddable":true,"href":"https:\/\/ecoshop.ee\/lv\/wp-json\/wp\/v2\/product_tag?post=4655"}],"curies":[{"name":"wp","href":"https:\/\/api.w.org\/{rel}","templated":true}]}}