{"id":4673,"date":"2024-06-22T23:37:04","date_gmt":"2024-06-22T20:37:04","guid":{"rendered":"https:\/\/ecoshop.ee\/?post_type=product&#038;p=4673"},"modified":"2025-12-25T19:35:23","modified_gmt":"2025-12-25T16:35:23","slug":"korka-karsu-kabata","status":"publish","type":"product","link":"https:\/\/ecoshop.ee\/lv\/rahakotid\/korgist-kaarditasku\/","title":{"rendered":"Kor\u0137a kar\u0161u kabata"},"content":{"rendered":"<p>Kor\u0137a kar\u0161u maci\u0146\u0161, izgatavots no dab\u012bga ozolkoka kor\u0137a un pieejams tr\u012bs stil\u012bg\u0101s kr\u0101s\u0101s: meln\u0101, br\u016bn\u0101 un dab\u012bg\u0101 kor\u0137a. \u0160aj\u0101 kompaktaj\u0101 un pl\u0101naj\u0101 mak\u0101 ir vieta l\u012bdz se\u0161\u0101m kart\u0113m un caursp\u012bd\u012bga kabata j\u016bsu personas apliec\u012bbai. Turkl\u0101t maci\u0146\u0161 ir apr\u012bkots ar RFID aizsardz\u012bbu, kas pasarg\u0101 j\u016bsu personisko un bankas inform\u0101ciju.<\/p>\n<p>Kor\u0137a kar\u0161u tur\u0113t\u0101js ir izstr\u0101d\u0101ts, lai aiz\u0146emtu minim\u0101lu vietu, \u013caujot jums n\u0113s\u0101t visas savas kartes gandr\u012bz nemanot. Ar augstas kvalit\u0101tes un iztur\u012bgu dizainu kar\u0161u tur\u0113t\u0101js ir lieliska izv\u0113le ikvienam, kur\u0161 nov\u0113rt\u0113 gan stilu, gan praktiskumu. \u0160ie iztur\u012bgie un dro\u0161ie kar\u0161u tur\u0113t\u0101ji ir veg\u0101niem draudz\u012bgi un piem\u0113roti gan sieviet\u0113m, gan v\u012brie\u0161iem.<\/p>\n<p>Kor\u0137is ir dabiski \u016bdensiztur\u012bgs un ugunsdro\u0161s, kas nodro\u0161ina papildu iztur\u012bbu un ilgm\u016b\u017e\u012bbu. Turkl\u0101t kor\u0137a ra\u017eo\u0161ana ir energoefekt\u012bva, jo nav nepiecie\u0161ams nocirst kokus, bet gan tikai to mizu, kas laika gait\u0101 atjaunojas. Kor\u0137a vieglums un komforts padara to par ide\u0101lu izv\u0113li ikdienas valk\u0101\u0161anai.<\/p>\n<p><strong>Produkta izm\u0113ri:<\/strong><\/p>\n<ul>\n<li>Garums: 7,5 cm<\/li>\n<li>Platums: 11 cm<\/li>\n<\/ul>","protected":false},"excerpt":{"rendered":"<p>Korgist kaarditasku, valmistatud naturaalsest tammepuu korgist ja saadaval kolmes stiilses v\u00e4rvitoonis: must, pruun ja naturaalne kork. Sellel kompaktsel ja \u00f5hukesel rahakotil on&hellip;<\/p>","protected":false},"featured_media":4676,"comment_status":"open","ping_status":"closed","template":"","meta":{"wprm-recipe-roundup-name":"","wprm-recipe-roundup-description":""},"product_brand":[],"product_cat":[241],"product_tag":[],"class_list":{"0":"post-4673","1":"product","2":"type-product","3":"status-publish","4":"has-post-thumbnail","6":"product_cat-rahakotid","8":"first","9":"instock","10":"taxable","11":"shipping-taxable","12":"purchasable","13":"product-type-variable"},"supplier_id":null,"supplier_sku":"","barcode":null,"atum_controlled":true,"out_stock_date":null,"out_stock_threshold":null,"inheritable":false,"inbound_stock":0,"stock_on_hold":0,"sold_today":0,"sales_last_days":0,"reserved_stock":0,"customer_returns":0,"warehouse_damage":0,"lost_in_post":0,"other_logs":0,"out_stock_days":0,"lost_sales":0,"has_location":false,"update_date":"2026-03-07T01:16:08","atum_locations":[],"atum_stock_status":"instock","restock_status":false,"low_stock_amount":"","sales_update_date":"2026-03-07T01:16:08","calc_backorders":null,"aioseo_notices":[],"_links":{"self":[{"href":"https:\/\/ecoshop.ee\/lv\/wp-json\/wp\/v2\/product\/4673","targetHints":{"allow":["GET"]}}],"collection":[{"href":"https:\/\/ecoshop.ee\/lv\/wp-json\/wp\/v2\/product"}],"about":[{"href":"https:\/\/ecoshop.ee\/lv\/wp-json\/wp\/v2\/types\/product"}],"replies":[{"embeddable":true,"href":"https:\/\/ecoshop.ee\/lv\/wp-json\/wp\/v2\/comments?post=4673"}],"version-history":[{"count":0,"href":"https:\/\/ecoshop.ee\/lv\/wp-json\/wp\/v2\/product\/4673\/revisions"}],"wp:featuredmedia":[{"embeddable":true,"href":"https:\/\/ecoshop.ee\/lv\/wp-json\/wp\/v2\/media\/4676"}],"wp:attachment":[{"href":"https:\/\/ecoshop.ee\/lv\/wp-json\/wp\/v2\/media?parent=4673"}],"wp:term":[{"taxonomy":"product_brand","embeddable":true,"href":"https:\/\/ecoshop.ee\/lv\/wp-json\/wp\/v2\/product_brand?post=4673"},{"taxonomy":"product_cat","embeddable":true,"href":"https:\/\/ecoshop.ee\/lv\/wp-json\/wp\/v2\/product_cat?post=4673"},{"taxonomy":"product_tag","embeddable":true,"href":"https:\/\/ecoshop.ee\/lv\/wp-json\/wp\/v2\/product_tag?post=4673"}],"curies":[{"name":"wp","href":"https:\/\/api.w.org\/{rel}","templated":true}]}}