{"id":4686,"date":"2024-06-23T00:00:45","date_gmt":"2024-06-22T21:00:45","guid":{"rendered":"https:\/\/ecoshop.ee\/?post_type=product&#038;p=4686"},"modified":"2025-12-25T19:41:29","modified_gmt":"2025-12-25T16:41:29","slug":"zelta-korka-sieviesu-mugursoma","status":"publish","type":"product","link":"https:\/\/ecoshop.ee\/lv\/kotid\/kuldne-korgist-naiste-seljakott\/","title":{"rendered":"Zelta kor\u0137a sievie\u0161u mugursoma"},"content":{"rendered":"<p>Zelta kor\u0137a sievie\u0161u mugursoma, kas apvieno funkcionalit\u0101ti un stilu ar kompaktu strukt\u016bru. Vair\u0101kas kabatas ar r\u0101v\u0113jsl\u0113dz\u0113jiem padara \u0161o mugursomu \u012bpa\u0161i praktisku un elegantu. Izgatavota no augstas kvalit\u0101tes ozolkoka kor\u0137a, kas ir videi draudz\u012bgs un \u016bdensnecaurlaid\u012bgs. Kor\u0137is ir ar\u012b \u013coti m\u012bksts, elast\u012bgs, viegls un iztur\u012bgs, nodro\u0161inot gan komfortu, gan ilgm\u016b\u017e\u012bbu. Turkl\u0101t kor\u0137a ra\u017eo\u0161ana ir energoefekt\u012bva, jo nav nepiecie\u0161ama koku cir\u0161ana, bet tikai to miza, kas laika gait\u0101 atjaunojas. Kor\u0137a vieglums un komforts padara to par ide\u0101lu izv\u0113li ikdienas valk\u0101\u0161anai.<\/p>\n<p><strong>Lielsused:<\/strong><\/p>\n<ul>\n<li>Augstums: 24 cm<\/li>\n<li>Platums: 18 cm<\/li>\n<li>Biezums: 14 cm<\/li>\n<\/ul>","protected":false},"excerpt":{"rendered":"<p>Kuldne korgist naiste seljakott, mis \u00fchendab funktsionaalsuse ja stiili kompaktse struktuuriga. Mitmed lukuga taskud muudavad selle seljakoti eriti praktiliseks ja elegantseks. Valmistatud&hellip;<\/p>","protected":false},"featured_media":4688,"comment_status":"open","ping_status":"closed","template":"","meta":{"wprm-recipe-roundup-name":"","wprm-recipe-roundup-description":""},"product_brand":[],"product_cat":[242],"product_tag":[202],"class_list":{"0":"post-4686","1":"product","2":"type-product","3":"status-publish","4":"has-post-thumbnail","6":"product_cat-kotid","7":"product_tag-kott","9":"first","10":"instock","11":"taxable","12":"shipping-taxable","13":"purchasable","14":"product-type-simple"},"supplier_id":9159,"supplier_sku":"","barcode":null,"atum_controlled":true,"out_stock_date":null,"out_stock_threshold":null,"inheritable":false,"inbound_stock":0,"stock_on_hold":0,"sold_today":0,"sales_last_days":0,"reserved_stock":0,"customer_returns":0,"warehouse_damage":0,"lost_in_post":0,"other_logs":0,"out_stock_days":0,"lost_sales":0,"has_location":false,"update_date":"2026-03-07T01:16:04","atum_locations":[],"atum_stock_status":"instock","restock_status":false,"low_stock_amount":"","sales_update_date":"2026-03-07T01:16:04","calc_backorders":null,"aioseo_notices":[],"_links":{"self":[{"href":"https:\/\/ecoshop.ee\/lv\/wp-json\/wp\/v2\/product\/4686","targetHints":{"allow":["GET"]}}],"collection":[{"href":"https:\/\/ecoshop.ee\/lv\/wp-json\/wp\/v2\/product"}],"about":[{"href":"https:\/\/ecoshop.ee\/lv\/wp-json\/wp\/v2\/types\/product"}],"replies":[{"embeddable":true,"href":"https:\/\/ecoshop.ee\/lv\/wp-json\/wp\/v2\/comments?post=4686"}],"version-history":[{"count":0,"href":"https:\/\/ecoshop.ee\/lv\/wp-json\/wp\/v2\/product\/4686\/revisions"}],"wp:featuredmedia":[{"embeddable":true,"href":"https:\/\/ecoshop.ee\/lv\/wp-json\/wp\/v2\/media\/4688"}],"wp:attachment":[{"href":"https:\/\/ecoshop.ee\/lv\/wp-json\/wp\/v2\/media?parent=4686"}],"wp:term":[{"taxonomy":"product_brand","embeddable":true,"href":"https:\/\/ecoshop.ee\/lv\/wp-json\/wp\/v2\/product_brand?post=4686"},{"taxonomy":"product_cat","embeddable":true,"href":"https:\/\/ecoshop.ee\/lv\/wp-json\/wp\/v2\/product_cat?post=4686"},{"taxonomy":"product_tag","embeddable":true,"href":"https:\/\/ecoshop.ee\/lv\/wp-json\/wp\/v2\/product_tag?post=4686"}],"curies":[{"name":"wp","href":"https:\/\/api.w.org\/{rel}","templated":true}]}}