{"id":4731,"date":"2024-06-23T19:33:57","date_gmt":"2024-06-23T16:33:57","guid":{"rendered":"https:\/\/ecoshop.ee\/?post_type=product&#038;p=4731"},"modified":"2025-12-25T19:41:29","modified_gmt":"2025-12-25T16:41:29","slug":"korka-ulelo-soma-ar-zelta-akcentiem-sievietem","status":"publish","type":"product","link":"https:\/\/ecoshop.ee\/lv\/kotid\/kuldsete-aktsentidega-korgist-uleolakott-naistele\/","title":{"rendered":"Sievie\u0161u kor\u0137a plecu soma ar zelta akcentiem"},"content":{"rendered":"<p>M\u016bsu dab\u012bg\u0101 kor\u0137a plecu soma ir stil\u012bgs aksesu\u0101rs sieviet\u0113m, kas dekor\u0113ta ar zelta deta\u013c\u0101m. Soma ar regul\u0113jamu kor\u0137a plecu siksnu ir piem\u0113rota da\u017e\u0101diem gad\u012bjumiem. Zelta aizdares meh\u0101nisms nodro\u0161ina j\u016bsu mantu dro\u0161\u012bbu. Kor\u0137is ir dabiski \u016bdensiztur\u012bgs, ugunsdro\u0161s, viegli kopjams un iztur\u012bgs materi\u0101ls, kas saglab\u0101 \u0101das maigumu un tekst\u016bru.<\/p>\n<p>Neatkar\u012bgi no t\u0101, vai dodaties ikdienas iepirk\u0161an\u0101s braucien\u0101, ikdienas izbraucien\u0101 vai sabiedrisk\u0101 pas\u0101kum\u0101, m\u016bsu dab\u012bg\u0101 kor\u0137a sievie\u0161u plecu soma ir lieliska izv\u0113le. T\u0101 ne tikai veicina videi draudz\u012bgu dz\u012bvesveidu, bet ar\u012b pied\u0101v\u0101 stil\u012bgu izskatu un praktiskumu, \u013caujot jums n\u0113s\u0101t l\u012bdzi nepiecie\u0161am\u0101k\u0101s lietas elegant\u0101 un organiz\u0113t\u0101 veid\u0101. Izv\u0113lieties savu iecien\u012bt\u0101ko kr\u0101su, lai padar\u012btu savu stilu unik\u0101lu!<\/p>\n<p><strong>Galven\u0101s iez\u012bmesused:<\/strong><\/p>\n<ul>\n<li>Izgatavots no dab\u012bg\u0101 kor\u0137a<\/li>\n<li>Regul\u0113jama kor\u0137a plecu siksna<\/li>\n<li>Zelta blo\u0137\u0113\u0161anas meh\u0101nisms<\/li>\n<li>Iek\u0161pus\u0113 2 nodal\u012bjumi, kas atvieglo ikdienas priek\u0161metu organiz\u0113\u0161anurimist<\/li>\n<li>Taj\u0101 var glab\u0101t svar\u012bgas lietas, piem\u0113ram, telefonu, maku, atsl\u0113gas utt.<\/li>\n<\/ul>\n<p><strong>Izm\u0113ri:<\/strong><\/p>\n<ul>\n<li>Garums: 20 cm<\/li>\n<li>Platums: 18 cm<\/li>\n<li>Augstums: 9 cm<\/li>\n<\/ul>","protected":false},"excerpt":{"rendered":"<p>Meie looduslikust korgist \u00fcle\u00f5lakott on stiilne aksessuaar naistele, mida kaunistavad kuldsed detailid. Reguleeritava korgist \u00f5larihmaga kott sobib erinevateks puhkudeks. Kuldne lukustusmehhanism tagab&hellip;<\/p>","protected":false},"featured_media":4737,"comment_status":"open","ping_status":"closed","template":"","meta":{"wprm-recipe-roundup-name":"","wprm-recipe-roundup-description":""},"product_brand":[],"product_cat":[242],"product_tag":[202],"class_list":{"0":"post-4731","1":"product","2":"type-product","3":"status-publish","4":"has-post-thumbnail","6":"product_cat-kotid","7":"product_tag-kott","9":"first","10":"instock","11":"taxable","12":"shipping-taxable","13":"purchasable","14":"product-type-variable"},"supplier_id":null,"supplier_sku":"","barcode":null,"atum_controlled":true,"out_stock_date":null,"out_stock_threshold":null,"inheritable":false,"inbound_stock":0,"stock_on_hold":0,"sold_today":0,"sales_last_days":0,"reserved_stock":0,"customer_returns":0,"warehouse_damage":0,"lost_in_post":0,"other_logs":0,"out_stock_days":0,"lost_sales":0,"has_location":false,"update_date":"2026-03-07T01:16:10","atum_locations":[],"atum_stock_status":"instock","restock_status":false,"low_stock_amount":"","sales_update_date":"2026-03-07T01:16:10","calc_backorders":null,"aioseo_notices":[],"_links":{"self":[{"href":"https:\/\/ecoshop.ee\/lv\/wp-json\/wp\/v2\/product\/4731","targetHints":{"allow":["GET"]}}],"collection":[{"href":"https:\/\/ecoshop.ee\/lv\/wp-json\/wp\/v2\/product"}],"about":[{"href":"https:\/\/ecoshop.ee\/lv\/wp-json\/wp\/v2\/types\/product"}],"replies":[{"embeddable":true,"href":"https:\/\/ecoshop.ee\/lv\/wp-json\/wp\/v2\/comments?post=4731"}],"version-history":[{"count":0,"href":"https:\/\/ecoshop.ee\/lv\/wp-json\/wp\/v2\/product\/4731\/revisions"}],"wp:featuredmedia":[{"embeddable":true,"href":"https:\/\/ecoshop.ee\/lv\/wp-json\/wp\/v2\/media\/4737"}],"wp:attachment":[{"href":"https:\/\/ecoshop.ee\/lv\/wp-json\/wp\/v2\/media?parent=4731"}],"wp:term":[{"taxonomy":"product_brand","embeddable":true,"href":"https:\/\/ecoshop.ee\/lv\/wp-json\/wp\/v2\/product_brand?post=4731"},{"taxonomy":"product_cat","embeddable":true,"href":"https:\/\/ecoshop.ee\/lv\/wp-json\/wp\/v2\/product_cat?post=4731"},{"taxonomy":"product_tag","embeddable":true,"href":"https:\/\/ecoshop.ee\/lv\/wp-json\/wp\/v2\/product_tag?post=4731"}],"curies":[{"name":"wp","href":"https:\/\/api.w.org\/{rel}","templated":true}]}}