{"id":47680,"date":"2025-01-17T15:33:13","date_gmt":"2025-01-17T13:33:13","guid":{"rendered":"https:\/\/ecoshop.ee\/?post_type=product&#038;p=47680"},"modified":"2026-05-04T11:29:13","modified_gmt":"2026-05-04T08:29:13","slug":"ichoc-vegana-sokolade-ar-klingeri-80g","status":"publish","type":"product","link":"https:\/\/ecoshop.ee\/lv\/sokolaadid\/ichoc-soolakringliga-vegan-sokolaad-80g\/","title":{"rendered":"iChoc veg\u0101na \u0161okol\u0101de ar kli\u0146\u0123eri, 80g"},"content":{"rendered":"<p>iChoc S\u0101\u013cais kli\u0146\u0123eris ir garda veg\u0101nisk\u0101 \u0161okol\u0101de, kas gatavota uz kakao sviesta b\u0101zes un bag\u0101tin\u0101ta ar s\u0101\u013c\u0101 kli\u0146\u0123era gabali\u0146iem un j\u016bras s\u0101li. T\u0101 lieliski par\u0101da, ka \u0161okol\u0101dei ne vienm\u0113r ir j\u0101b\u016bt tum\u0161ai \u2013 iChoci \u0161okol\u0101de pied\u0101v\u0101 lielisku alternat\u012bvu klasiskaj\u0101m \u0161okol\u0101d\u0113m.<\/p>\n<p>Ra\u017eots no sertific\u0113t\u0101m biolo\u0123isk\u0101m sast\u0101vda\u013c\u0101m. \u0160\u012b \u0161okol\u0101de ir veg\u0101na, bez palmu e\u013c\u013cas un iepakota videi draudz\u012bg\u0101 veid\u0101. S\u0101\u013cais kli\u0146\u0123eris ir lieliska izv\u0113le, ja mekl\u0113jat kaut ko \u012bpa\u0161u, ar ko sevi palutin\u0101t - gardu un ilgtsp\u0113j\u012bgu!<\/p>","protected":false},"excerpt":{"rendered":"<p>iChoc Salty Pretzel on maitsev vegan \u0161okolaad, mis on valmistatud kakaov\u00f5i baasil ja rikastatud soolaste kringlit\u00fckkide ning meresoolaga. See n\u00e4itab suurep\u00e4raselt, et&hellip;<\/p>","protected":false},"featured_media":47645,"comment_status":"open","ping_status":"closed","template":"","meta":{"wprm-recipe-roundup-name":"","wprm-recipe-roundup-description":""},"product_brand":[12028],"product_cat":[141],"product_tag":[297,142],"class_list":{"0":"post-47680","1":"product","2":"type-product","3":"status-publish","4":"has-post-thumbnail","6":"product_brand-ichoc","7":"product_cat-sokolaadid","8":"product_tag-mahe","9":"product_tag-sokolaad","10":"j79_wcxd_expiry_type-best-before","12":"first","13":"instock","14":"taxable","15":"shipping-taxable","16":"purchasable","17":"product-type-simple"},"supplier_id":390160,"supplier_sku":"","barcode":"4044889004649","atum_controlled":true,"out_stock_date":null,"out_stock_threshold":null,"inheritable":false,"inbound_stock":0,"stock_on_hold":0,"sold_today":0,"sales_last_days":1,"reserved_stock":0,"customer_returns":0,"warehouse_damage":0,"lost_in_post":0,"other_logs":0,"out_stock_days":0,"lost_sales":0,"has_location":false,"update_date":"2026-05-07T14:39:18","atum_locations":[],"atum_stock_status":"instock","restock_status":false,"low_stock_amount":"","sales_update_date":"2026-05-07T14:39:18","calc_backorders":null,"aioseo_notices":[],"_links":{"self":[{"href":"https:\/\/ecoshop.ee\/lv\/wp-json\/wp\/v2\/product\/47680","targetHints":{"allow":["GET"]}}],"collection":[{"href":"https:\/\/ecoshop.ee\/lv\/wp-json\/wp\/v2\/product"}],"about":[{"href":"https:\/\/ecoshop.ee\/lv\/wp-json\/wp\/v2\/types\/product"}],"replies":[{"embeddable":true,"href":"https:\/\/ecoshop.ee\/lv\/wp-json\/wp\/v2\/comments?post=47680"}],"version-history":[{"count":0,"href":"https:\/\/ecoshop.ee\/lv\/wp-json\/wp\/v2\/product\/47680\/revisions"}],"wp:featuredmedia":[{"embeddable":true,"href":"https:\/\/ecoshop.ee\/lv\/wp-json\/wp\/v2\/media\/47645"}],"wp:attachment":[{"href":"https:\/\/ecoshop.ee\/lv\/wp-json\/wp\/v2\/media?parent=47680"}],"wp:term":[{"taxonomy":"product_brand","embeddable":true,"href":"https:\/\/ecoshop.ee\/lv\/wp-json\/wp\/v2\/product_brand?post=47680"},{"taxonomy":"product_cat","embeddable":true,"href":"https:\/\/ecoshop.ee\/lv\/wp-json\/wp\/v2\/product_cat?post=47680"},{"taxonomy":"product_tag","embeddable":true,"href":"https:\/\/ecoshop.ee\/lv\/wp-json\/wp\/v2\/product_tag?post=47680"}],"curies":[{"name":"wp","href":"https:\/\/api.w.org\/{rel}","templated":true}]}}