{"id":47685,"date":"2025-01-17T15:42:19","date_gmt":"2025-01-17T13:42:19","guid":{"rendered":"https:\/\/ecoshop.ee\/?post_type=product&#038;p=47685"},"modified":"2026-05-04T11:29:13","modified_gmt":"2026-05-04T08:29:13","slug":"ichoc-rupja-balta-veganiska-praline-sokolade-80g","status":"publish","type":"product","link":"https:\/\/ecoshop.ee\/lv\/sokolaadid\/ichoc-krobe-valge-vegan-pralinee-sokolaad-80g\/","title":{"rendered":"iChoc krauk\u0161\u0137\u012bga balt\u0101 veg\u0101nisk\u0101 pralin\u0113 \u0161okol\u0101de, 80g"},"content":{"rendered":"<p>iChoc \u201cwhite and crisp\u201d ir garda veg\u0101niska pralin\u0113 \u0161okol\u0101de, kas gatavota uz kakao sviesta b\u0101zes un bag\u0101tin\u0101ta ar lazdu riekstu drupa\u010d\u0101m un br\u012bni\u0161\u0137\u012bgi krauk\u0161\u0137\u012bgu tekst\u016bru. T\u0101 lieliski par\u0101da, ka \u0161okol\u0101dei ne vienm\u0113r ir j\u0101b\u016bt tum\u0161ai \u2013 iChoci White Nougat Crisp pied\u0101v\u0101 perfektu alternat\u012bvu klasiskajai \u0161okol\u0101dei, pace\u013cot j\u016bsu gar\u0161as k\u0101rpi\u0146as jaun\u0101 l\u012bmen\u012b.<\/p>\n<p>\u0160\u012b \u0161okol\u0101de ir gatavota no sertific\u0113t\u0101m biolo\u0123isk\u0101m sast\u0101vda\u013c\u0101m, t\u0101 ir veg\u0101na, nesatur palmu e\u013c\u013cu un ir videi draudz\u012bga. Izbaudiet perfektu krauk\u0161\u0137\u012bgumu!<\/p>","protected":false},"excerpt":{"rendered":"<p>iChoc &#8220;valge ja kr\u00f5be&#8221; on maitsev vegan pralinee \u0161okolaad, mis on valmistatud kakaov\u00f5i baasil ning rikastatud sarapuup\u00e4hklipuru ja m\u00f5nusalt kr\u00f5beda tekstuuriga. See&hellip;<\/p>","protected":false},"featured_media":47646,"comment_status":"open","ping_status":"closed","template":"","meta":{"wprm-recipe-roundup-name":"","wprm-recipe-roundup-description":""},"product_brand":[12028],"product_cat":[141],"product_tag":[297,142],"class_list":{"0":"post-47685","1":"product","2":"type-product","3":"status-publish","4":"has-post-thumbnail","6":"product_brand-ichoc","7":"product_cat-sokolaadid","8":"product_tag-mahe","9":"product_tag-sokolaad","10":"j79_wcxd_expiry_type-best-before","12":"first","13":"instock","14":"taxable","15":"shipping-taxable","16":"purchasable","17":"product-type-simple"},"supplier_id":390160,"supplier_sku":"","barcode":"4044889004632","atum_controlled":true,"out_stock_date":null,"out_stock_threshold":null,"inheritable":false,"inbound_stock":0,"stock_on_hold":0,"sold_today":0,"sales_last_days":1,"reserved_stock":0,"customer_returns":0,"warehouse_damage":0,"lost_in_post":0,"other_logs":0,"out_stock_days":0,"lost_sales":0,"has_location":false,"update_date":"2026-05-07T14:39:18","atum_locations":[],"atum_stock_status":"instock","restock_status":false,"low_stock_amount":"","sales_update_date":"2026-05-07T14:39:18","calc_backorders":null,"aioseo_notices":[],"_links":{"self":[{"href":"https:\/\/ecoshop.ee\/lv\/wp-json\/wp\/v2\/product\/47685","targetHints":{"allow":["GET"]}}],"collection":[{"href":"https:\/\/ecoshop.ee\/lv\/wp-json\/wp\/v2\/product"}],"about":[{"href":"https:\/\/ecoshop.ee\/lv\/wp-json\/wp\/v2\/types\/product"}],"replies":[{"embeddable":true,"href":"https:\/\/ecoshop.ee\/lv\/wp-json\/wp\/v2\/comments?post=47685"}],"version-history":[{"count":0,"href":"https:\/\/ecoshop.ee\/lv\/wp-json\/wp\/v2\/product\/47685\/revisions"}],"wp:featuredmedia":[{"embeddable":true,"href":"https:\/\/ecoshop.ee\/lv\/wp-json\/wp\/v2\/media\/47646"}],"wp:attachment":[{"href":"https:\/\/ecoshop.ee\/lv\/wp-json\/wp\/v2\/media?parent=47685"}],"wp:term":[{"taxonomy":"product_brand","embeddable":true,"href":"https:\/\/ecoshop.ee\/lv\/wp-json\/wp\/v2\/product_brand?post=47685"},{"taxonomy":"product_cat","embeddable":true,"href":"https:\/\/ecoshop.ee\/lv\/wp-json\/wp\/v2\/product_cat?post=47685"},{"taxonomy":"product_tag","embeddable":true,"href":"https:\/\/ecoshop.ee\/lv\/wp-json\/wp\/v2\/product_tag?post=47685"}],"curies":[{"name":"wp","href":"https:\/\/api.w.org\/{rel}","templated":true}]}}