{"id":4769,"date":"2024-06-24T18:55:01","date_gmt":"2024-06-24T15:55:01","guid":{"rendered":"https:\/\/ecoshop.ee\/?post_type=product&#038;p=4769"},"modified":"2025-12-25T19:36:49","modified_gmt":"2025-12-25T16:36:49","slug":"korka-sieviesu-straume","status":"publish","type":"product","link":"https:\/\/ecoshop.ee\/lv\/rihmad\/korgist-naiste-voo\/","title":{"rendered":"Sievie\u0161u kor\u0137a josta"},"content":{"rendered":"<p>Izbaudiet perfektu modes un ilgtsp\u0113j\u012bbas apvienojumu ar m\u016bsu kor\u0137a sievie\u0161u jostu. Jostas priek\u0161puse ir izgatavota no \u012bsta kor\u0137a materi\u0101la, apliecinot ap\u0146em\u0161anos iev\u0113rot videi draudz\u012bgu modi. Jostas aizmugure ir oder\u0113ta ar m\u012bkstu veg\u0101nisku \u0101du, nodro\u0161inot komfortu. Josta ir apr\u012bkota ar iztur\u012bgu un stil\u012bgu sudrabaini pel\u0113ku taisnst\u016bra spr\u0101dzi, kas pie\u0161\u0137ir eleganci jebkuram t\u0113rpam.<\/p>\n<p>Kor\u0137is ir dabiski \u016bdensiztur\u012bgs un ugunsdro\u0161s, kas nodro\u0161ina papildu iztur\u012bbu un ilgm\u016b\u017e\u012bbu. Turkl\u0101t kor\u0137a ra\u017eo\u0161ana ir energoefekt\u012bva, jo nav nepiecie\u0161ams nocirst kokus, bet gan tikai to mizu, kas laika gait\u0101 atjaunojas. Kor\u0137a vieglums un komforts padara to par ide\u0101lu izv\u0113li ikdienas valk\u0101\u0161anai.<\/p>\n<p>Papildini savu garderobi ar \u0161o eleganto un videi draudz\u012bgo jostu!<\/p>\n<p><strong>Izm\u0113rs:<\/strong><\/p>\n<ul>\n<li>Garums: 95 cm<\/li>\n<li>Platums: 2 cm<\/li>\n<\/ul>","protected":false},"excerpt":{"rendered":"<p>Koge moe ja j\u00e4tkusuutlikkuse t\u00e4iuslikku kombinatsiooni meie korgist naiste v\u00f6\u00f6ga. V\u00f6\u00f6 esik\u00fclg on valmistatud ehtsast korgimaterjalist, demonstreerides p\u00fchendumust keskkonnas\u00f5bralikule moele. Tagak\u00fclg on&hellip;<\/p>","protected":false},"featured_media":4772,"comment_status":"open","ping_status":"closed","template":"","meta":{"wprm-recipe-roundup-name":"","wprm-recipe-roundup-description":""},"product_brand":[],"product_cat":[244],"product_tag":[214],"class_list":{"0":"post-4769","1":"product","2":"type-product","3":"status-publish","4":"has-post-thumbnail","6":"product_cat-rihmad","7":"product_tag-voo","9":"first","10":"instock","11":"taxable","12":"shipping-taxable","13":"purchasable","14":"product-type-variable"},"supplier_id":null,"supplier_sku":"","barcode":null,"atum_controlled":true,"out_stock_date":null,"out_stock_threshold":null,"inheritable":false,"inbound_stock":0,"stock_on_hold":0,"sold_today":0,"sales_last_days":0,"reserved_stock":0,"customer_returns":0,"warehouse_damage":0,"lost_in_post":0,"other_logs":0,"out_stock_days":0,"lost_sales":0,"has_location":false,"update_date":"2026-03-07T01:16:10","atum_locations":[],"atum_stock_status":"instock","restock_status":false,"low_stock_amount":"","sales_update_date":"2026-03-07T01:16:10","calc_backorders":null,"aioseo_notices":[],"_links":{"self":[{"href":"https:\/\/ecoshop.ee\/lv\/wp-json\/wp\/v2\/product\/4769","targetHints":{"allow":["GET"]}}],"collection":[{"href":"https:\/\/ecoshop.ee\/lv\/wp-json\/wp\/v2\/product"}],"about":[{"href":"https:\/\/ecoshop.ee\/lv\/wp-json\/wp\/v2\/types\/product"}],"replies":[{"embeddable":true,"href":"https:\/\/ecoshop.ee\/lv\/wp-json\/wp\/v2\/comments?post=4769"}],"version-history":[{"count":0,"href":"https:\/\/ecoshop.ee\/lv\/wp-json\/wp\/v2\/product\/4769\/revisions"}],"wp:featuredmedia":[{"embeddable":true,"href":"https:\/\/ecoshop.ee\/lv\/wp-json\/wp\/v2\/media\/4772"}],"wp:attachment":[{"href":"https:\/\/ecoshop.ee\/lv\/wp-json\/wp\/v2\/media?parent=4769"}],"wp:term":[{"taxonomy":"product_brand","embeddable":true,"href":"https:\/\/ecoshop.ee\/lv\/wp-json\/wp\/v2\/product_brand?post=4769"},{"taxonomy":"product_cat","embeddable":true,"href":"https:\/\/ecoshop.ee\/lv\/wp-json\/wp\/v2\/product_cat?post=4769"},{"taxonomy":"product_tag","embeddable":true,"href":"https:\/\/ecoshop.ee\/lv\/wp-json\/wp\/v2\/product_tag?post=4769"}],"curies":[{"name":"wp","href":"https:\/\/api.w.org\/{rel}","templated":true}]}}