{"id":4777,"date":"2024-06-24T20:09:48","date_gmt":"2024-06-24T17:09:48","guid":{"rendered":"https:\/\/ecoshop.ee\/?post_type=product&#038;p=4777"},"modified":"2025-12-25T19:35:23","modified_gmt":"2025-12-25T16:35:23","slug":"plans-aizsledzams-korka-maks-ar-kabatu-kartem","status":"publish","type":"product","link":"https:\/\/ecoshop.ee\/lv\/rahakotid\/ohuke-kaarditaskuga-lukustatav-korgist-rahakott\/","title":{"rendered":"Pl\u0101ns kor\u0137a maks ar kabatu kart\u0113m un sl\u0113dzeni"},"content":{"rendered":"<p>Tievs kor\u0137a maks ar kar\u0161u nodal\u012bjumiem, kas pied\u0101v\u0101 skaistu dabisko un met\u0101lisko kr\u0101su kombin\u0101ciju ar maksim\u0101lu funkcionalit\u0101ti. Makam ir 8 kar\u0161u nodal\u012bjumi, 1 nodal\u012bjums skaidrai naudai un 1 galven\u0101 kabata ar r\u0101v\u0113jsl\u0113dz\u0113ju. Organiz\u0113jiet visas savas ikdienas nepiecie\u0161am\u0101s lietas viskompakt\u0101kaj\u0101 veid\u0101. \u0160is maks ir pieejams div\u0101s da\u017e\u0101d\u0101s kombin\u0101cij\u0101s. Ieg\u016bstiet savu iecien\u012bt\u0101ko jau tagad!<\/p>\n<p>Kor\u0137is ir dabiski \u016bdensnecaurlaid\u012bgs un pat iztur\u012bg\u0101ks nek\u0101 \u0101da. Turkl\u0101t kor\u0137a ra\u017eo\u0161ana ir energoefekt\u012bva, jo nav nepiecie\u0161ams cirst kokus, bet tikai sav\u0101kt to mizu, kas laika gait\u0101 atjaunojas. Kor\u0137a vieglums un komforts padara to par ide\u0101lu izv\u0113li ikdienas valk\u0101\u0161anai.<\/p>\n<p><strong>Izm\u0113rs:<\/strong><\/p>\n<ul>\n<li>Garums: 17 cm<\/li>\n<li>Platums: 9 cm<\/li>\n<li>biezums: 1 cm<\/li>\n<\/ul>","protected":false},"excerpt":{"rendered":"<p>\u00d5huke kaarditaskuga korgist rahakott mis pakub kauni loodusliku ja metallikv\u00e4rvi kombinatsioon koos maksimaalse funktsionaalsusega. Rahakotil on 8 kaarditaskut, 1 rahasahtel ja 1&hellip;<\/p>","protected":false},"featured_media":4784,"comment_status":"open","ping_status":"closed","template":"","meta":{"wprm-recipe-roundup-name":"","wprm-recipe-roundup-description":""},"product_brand":[],"product_cat":[241],"product_tag":[219],"class_list":{"0":"post-4777","1":"product","2":"type-product","3":"status-publish","4":"has-post-thumbnail","6":"product_cat-rahakotid","7":"product_tag-rahakott","9":"first","10":"instock","11":"taxable","12":"shipping-taxable","13":"purchasable","14":"product-type-variable"},"supplier_id":null,"supplier_sku":"","barcode":null,"atum_controlled":true,"out_stock_date":null,"out_stock_threshold":null,"inheritable":false,"inbound_stock":0,"stock_on_hold":0,"sold_today":0,"sales_last_days":0,"reserved_stock":0,"customer_returns":0,"warehouse_damage":0,"lost_in_post":0,"other_logs":0,"out_stock_days":0,"lost_sales":0,"has_location":false,"update_date":"2026-03-07T01:16:10","atum_locations":[],"atum_stock_status":"instock","restock_status":false,"low_stock_amount":"","sales_update_date":"2026-03-07T01:16:10","calc_backorders":null,"aioseo_notices":[],"_links":{"self":[{"href":"https:\/\/ecoshop.ee\/lv\/wp-json\/wp\/v2\/product\/4777","targetHints":{"allow":["GET"]}}],"collection":[{"href":"https:\/\/ecoshop.ee\/lv\/wp-json\/wp\/v2\/product"}],"about":[{"href":"https:\/\/ecoshop.ee\/lv\/wp-json\/wp\/v2\/types\/product"}],"replies":[{"embeddable":true,"href":"https:\/\/ecoshop.ee\/lv\/wp-json\/wp\/v2\/comments?post=4777"}],"version-history":[{"count":0,"href":"https:\/\/ecoshop.ee\/lv\/wp-json\/wp\/v2\/product\/4777\/revisions"}],"wp:featuredmedia":[{"embeddable":true,"href":"https:\/\/ecoshop.ee\/lv\/wp-json\/wp\/v2\/media\/4784"}],"wp:attachment":[{"href":"https:\/\/ecoshop.ee\/lv\/wp-json\/wp\/v2\/media?parent=4777"}],"wp:term":[{"taxonomy":"product_brand","embeddable":true,"href":"https:\/\/ecoshop.ee\/lv\/wp-json\/wp\/v2\/product_brand?post=4777"},{"taxonomy":"product_cat","embeddable":true,"href":"https:\/\/ecoshop.ee\/lv\/wp-json\/wp\/v2\/product_cat?post=4777"},{"taxonomy":"product_tag","embeddable":true,"href":"https:\/\/ecoshop.ee\/lv\/wp-json\/wp\/v2\/product_tag?post=4777"}],"curies":[{"name":"wp","href":"https:\/\/api.w.org\/{rel}","templated":true}]}}