{"id":4792,"date":"2024-06-24T21:01:38","date_gmt":"2024-06-24T18:01:38","guid":{"rendered":"https:\/\/ecoshop.ee\/?post_type=product&#038;p=4792"},"modified":"2024-11-10T16:07:27","modified_gmt":"2024-11-10T13:07:27","slug":"elegants-korka-pulkstenis","status":"publish","type":"product","link":"https:\/\/ecoshop.ee\/lv\/kaekellad-ja-ehted\/elegantne-korgist-kaekell\/","title":{"rendered":"Elegants kor\u0137a pulkstenis"},"content":{"rendered":"<p>Elegants kor\u0137a siksni\u0146as pulkstenis ar koka raksta ciparn\u012bcu, ilgtsp\u0113j\u012bgi ra\u017eots un roku darbs. Prasm\u012bga kor\u0137a apstr\u0101de padara to m\u012bkstu un elast\u012bgu, padarot to gludu un \u0113rtu valk\u0101\u0161anai. Regul\u0113jam\u0101 siksni\u0146a nodro\u0161ina perfektu piegul\u0161anu. \u0160is kor\u0137a pulkstenis ir iepakots unik\u0101l\u0101 d\u0101vanu kast\u012bt\u0113, padarot to par lielisku d\u0101vanu draugiem, radiem un kol\u0113\u0123iem.<\/p>\n<p>Kor\u0137is ir dabiski \u016bdensnecaurlaid\u012bgs un pat iztur\u012bg\u0101ks nek\u0101 \u0101da. Turkl\u0101t kor\u0137a ra\u017eo\u0161ana ir energoefekt\u012bva, jo nav nepiecie\u0161ams cirst kokus, bet tikai sav\u0101kt to mizu, kas laika gait\u0101 atjaunojas. Kor\u0137a vieglums un komforts padara to par ide\u0101lu izv\u0113li ikdienas valk\u0101\u0161anai.<\/p>\n<p><strong>Izm\u0113rs:<\/strong><\/p>\n<ul>\n<li>Garums: 25 cm<\/li>\n<li>Ciparn\u012bcas platums: 4 cm<\/li>\n<li>Platums: 2 cm<\/li>\n<\/ul>","protected":false},"excerpt":{"rendered":"<p>Elegantne korgist rihmaga k\u00e4ekell puidumustriga sihverplaadiga, j\u00e4tkusuutlikult toodetud ja k\u00e4sit\u00f6\u00f6na valmistatud. Oskuslik korgit\u00f6\u00f6tlemine teeb selle pehmeks ja painduvaks muutes selle kandmise sujuvaks&hellip;<\/p>","protected":false},"featured_media":4793,"comment_status":"open","ping_status":"closed","template":"","meta":{"wprm-recipe-roundup-name":"","wprm-recipe-roundup-description":""},"product_brand":[],"product_cat":[243],"product_tag":[222],"class_list":{"0":"post-4792","1":"product","2":"type-product","3":"status-publish","4":"has-post-thumbnail","6":"product_cat-kaekellad-ja-ehted","7":"product_tag-kell","9":"first","10":"outofstock","11":"taxable","12":"shipping-taxable","13":"purchasable","14":"product-type-simple"},"supplier_id":9159,"supplier_sku":"","barcode":null,"atum_controlled":true,"out_stock_date":"2024-11-10 15:05:39","out_stock_threshold":null,"inheritable":false,"inbound_stock":0,"stock_on_hold":0,"sold_today":0,"sales_last_days":0,"reserved_stock":0,"customer_returns":0,"warehouse_damage":0,"lost_in_post":0,"other_logs":0,"out_stock_days":481,"lost_sales":1992,"has_location":false,"update_date":"2026-03-07T01:16:01","atum_locations":[],"atum_stock_status":"outofstock","restock_status":false,"low_stock_amount":"","sales_update_date":"2026-03-07T01:16:01","calc_backorders":null,"aioseo_notices":[],"_links":{"self":[{"href":"https:\/\/ecoshop.ee\/lv\/wp-json\/wp\/v2\/product\/4792","targetHints":{"allow":["GET"]}}],"collection":[{"href":"https:\/\/ecoshop.ee\/lv\/wp-json\/wp\/v2\/product"}],"about":[{"href":"https:\/\/ecoshop.ee\/lv\/wp-json\/wp\/v2\/types\/product"}],"replies":[{"embeddable":true,"href":"https:\/\/ecoshop.ee\/lv\/wp-json\/wp\/v2\/comments?post=4792"}],"version-history":[{"count":0,"href":"https:\/\/ecoshop.ee\/lv\/wp-json\/wp\/v2\/product\/4792\/revisions"}],"wp:featuredmedia":[{"embeddable":true,"href":"https:\/\/ecoshop.ee\/lv\/wp-json\/wp\/v2\/media\/4793"}],"wp:attachment":[{"href":"https:\/\/ecoshop.ee\/lv\/wp-json\/wp\/v2\/media?parent=4792"}],"wp:term":[{"taxonomy":"product_brand","embeddable":true,"href":"https:\/\/ecoshop.ee\/lv\/wp-json\/wp\/v2\/product_brand?post=4792"},{"taxonomy":"product_cat","embeddable":true,"href":"https:\/\/ecoshop.ee\/lv\/wp-json\/wp\/v2\/product_cat?post=4792"},{"taxonomy":"product_tag","embeddable":true,"href":"https:\/\/ecoshop.ee\/lv\/wp-json\/wp\/v2\/product_tag?post=4792"}],"curies":[{"name":"wp","href":"https:\/\/api.w.org\/{rel}","templated":true}]}}