{"id":4801,"date":"2024-06-24T21:40:00","date_gmt":"2024-06-24T18:40:00","guid":{"rendered":"https:\/\/ecoshop.ee\/?post_type=product&#038;p=4801"},"modified":"2025-12-25T19:44:33","modified_gmt":"2025-12-25T16:44:33","slug":"korka-piezimju-gramatina-ar-karsu-kabatu-un-pildspalvu-turetaju","status":"publish","type":"product","link":"https:\/\/ecoshop.ee\/lv\/tarvikud\/korgist-markmik-kaarditasku-ja-pliiatsihoidjaga\/","title":{"rendered":"Kor\u0137a piez\u012bmju gr\u0101mati\u0146a ar kabatu kart\u0113m un pildspalvas tur\u0113t\u0101ju"},"content":{"rendered":"<p>Kor\u0137a piez\u012bmju gr\u0101mati\u0146a \u2013 eleganta funkcionalit\u0101tes un stila kombin\u0101cija, pieejama tr\u012bs skaist\u0101s kr\u0101s\u0101s: dab\u012bg\u0101, bordo un br\u016bn\u0101. Paceliet savu ikdienas pierakstu pieredzi jaun\u0101 l\u012bmen\u012b un atst\u0101jiet palieko\u0161u iespaidu ar \u0161o skaisti veidoto piez\u012bmju gr\u0101mati\u0146u. Viena no izcil\u0101kaj\u0101m \u0161\u012bs piez\u012bmju gr\u0101mati\u0146as iez\u012bm\u0113m ir \u012bpa\u0161\u0101 kar\u0161u kabata, kur\u0101 var ievietot l\u012bdz pat \u010detr\u0101m bankas kart\u0113m vai viz\u012btkart\u0113m, padarot to par daudzpus\u012bgu ce\u013cabiedru ikdienas uzdevumiem.<\/p>\n<p>Ide\u0101li piem\u0113rota da\u017e\u0101diem lietojumiem, \u0161\u012b piez\u012bmju gr\u0101mati\u0146a var b\u016bt j\u016bsu person\u012bg\u0101 rakst\u012b\u0161anas dienasgr\u0101mata, ce\u013cojumu dienasgr\u0101mata, profesion\u0101la biznesa piez\u012bmju gr\u0101mati\u0146a, koled\u017eas\/skolas kursa darbu dienasgr\u0101mata, pl\u0101not\u0101js, pierakstu burtn\u012bca un v\u0113l daudz kas cits. T\u0101 ir ar\u012b lieliska izv\u0113le k\u0101 d\u0101vana draugiem un \u0123imenei, pie\u0161\u0137irot eleganci un praktiskumu vi\u0146u ikdienas dz\u012bvei.<\/p>\n<p><strong>Lielsused:<\/strong><\/p>\n<ul>\n<li>Garums: 21 cm<\/li>\n<li>Platums 14 cm<\/li>\n<li>Biezums: 1,5 cm<\/li>\n<\/ul>","protected":false},"excerpt":{"rendered":"<p>Korgist m\u00e4rkmik &#8211; funktsionaalsuse ja stiili elegantne kombinatsioon, saadaval kolmes kaunis v\u00e4rvitoonis: naturaalne, veinipunane ja pruun. T\u00f5sta oma igap\u00e4evase p\u00e4evikupidamise kogemus uuele&hellip;<\/p>","protected":false},"featured_media":4805,"comment_status":"open","ping_status":"closed","template":"","meta":{"wprm-recipe-roundup-name":"","wprm-recipe-roundup-description":""},"product_brand":[],"product_cat":[245],"product_tag":[223],"class_list":{"0":"post-4801","1":"product","2":"type-product","3":"status-publish","4":"has-post-thumbnail","6":"product_cat-tarvikud","7":"product_tag-markmik","9":"first","10":"instock","11":"taxable","12":"shipping-taxable","13":"purchasable","14":"product-type-variable"},"supplier_id":null,"supplier_sku":"","barcode":null,"atum_controlled":true,"out_stock_date":null,"out_stock_threshold":null,"inheritable":false,"inbound_stock":0,"stock_on_hold":0,"sold_today":0,"sales_last_days":0,"reserved_stock":0,"customer_returns":0,"warehouse_damage":0,"lost_in_post":0,"other_logs":0,"out_stock_days":0,"lost_sales":0,"has_location":false,"update_date":"2026-03-07T01:16:10","atum_locations":[],"atum_stock_status":"instock","restock_status":false,"low_stock_amount":"","sales_update_date":"2026-03-07T01:16:10","calc_backorders":null,"aioseo_notices":[],"_links":{"self":[{"href":"https:\/\/ecoshop.ee\/lv\/wp-json\/wp\/v2\/product\/4801","targetHints":{"allow":["GET"]}}],"collection":[{"href":"https:\/\/ecoshop.ee\/lv\/wp-json\/wp\/v2\/product"}],"about":[{"href":"https:\/\/ecoshop.ee\/lv\/wp-json\/wp\/v2\/types\/product"}],"replies":[{"embeddable":true,"href":"https:\/\/ecoshop.ee\/lv\/wp-json\/wp\/v2\/comments?post=4801"}],"version-history":[{"count":0,"href":"https:\/\/ecoshop.ee\/lv\/wp-json\/wp\/v2\/product\/4801\/revisions"}],"wp:featuredmedia":[{"embeddable":true,"href":"https:\/\/ecoshop.ee\/lv\/wp-json\/wp\/v2\/media\/4805"}],"wp:attachment":[{"href":"https:\/\/ecoshop.ee\/lv\/wp-json\/wp\/v2\/media?parent=4801"}],"wp:term":[{"taxonomy":"product_brand","embeddable":true,"href":"https:\/\/ecoshop.ee\/lv\/wp-json\/wp\/v2\/product_brand?post=4801"},{"taxonomy":"product_cat","embeddable":true,"href":"https:\/\/ecoshop.ee\/lv\/wp-json\/wp\/v2\/product_cat?post=4801"},{"taxonomy":"product_tag","embeddable":true,"href":"https:\/\/ecoshop.ee\/lv\/wp-json\/wp\/v2\/product_tag?post=4801"}],"curies":[{"name":"wp","href":"https:\/\/api.w.org\/{rel}","templated":true}]}}