{"id":4821,"date":"2024-06-25T21:30:37","date_gmt":"2024-06-25T18:30:37","guid":{"rendered":"https:\/\/ecoshop.ee\/?post_type=product&#038;p=4821"},"modified":"2024-11-09T01:37:16","modified_gmt":"2024-11-08T22:37:16","slug":"sieviesu-kaklarota-kas-izgatavota-no-dabiga-korka","status":"publish","type":"product","link":"https:\/\/ecoshop.ee\/lv\/kaekellad-ja-ehted\/naturaalsest-korgist-naiste-kaekell\/","title":{"rendered":"Sievie\u0161u pulkstenis, kas izgatavots no dab\u012bg\u0101 kor\u0137a"},"content":{"rendered":"<p>Atkl\u0101jiet m\u016b\u017e\u012bga skaistuma un ilgtsp\u0113j\u012bbas apvienojumu ar m\u016bsu dab\u012bg\u0101 kor\u0137a sievie\u0161u pulksteni. Izgatavots no augstas kvalit\u0101tes kor\u0137a materi\u0101la, \u0161is pulkstenis ir viegls, iztur\u012bgs un vienlaikus videi draudz\u012bgs. Pulkste\u0146a unik\u0101lais dizains izce\u013c kor\u0137a dabisko tekst\u016bru, pie\u0161\u0137irot jebkuram t\u0113rpam elegantu un modernu piesk\u0101rienu.<\/p>\n<p>\u0160\u012b pulkste\u0146a ciparn\u012bca ir r\u016bp\u012bgi izstr\u0101d\u0101ta, lai nodro\u0161in\u0101tu skaidr\u012bbu un stilu, savuk\u0101rt regul\u0113jam\u0101 kor\u0137a siksni\u0146a nodro\u0161ina komfortu un piegul\u0161anu jebkurai plaukstas loc\u012btavai.<\/p>\n<p>Iepakots elegant\u0101 d\u0101vanu kast\u012bt\u0113, \u0161is dab\u012bg\u0101 kor\u0137a pulkstenis ir lieliska d\u0101vana draugiem, \u0123imenei vai sev pa\u0161am. T\u0101 ir lieliska izv\u0113le apzin\u012bgam pat\u0113r\u0113t\u0101jam, kur\u0161 nov\u0113rt\u0113 gan modi, gan ilgtsp\u0113j\u012bbu.<\/p>\n<p><strong>Lielsused:<\/strong><\/p>\n<ul>\n<li>Garums: 22 cm<\/li>\n<li>Ciparn\u012bcas platums: 3,5 cm<\/li>\n<li>Siksni\u0146as platums: 1,4 cm<\/li>\n<\/ul>","protected":false},"excerpt":{"rendered":"<p>Avasta ajatu ilu ja j\u00e4tkusuutlikkuse kombinatsioon meie looduslikust korgist naiste k\u00e4ekellaga. Valmistatud kvaliteetsest korgimaterjalist mis teeb selle kella \u00fchtaegu kergeks, vastupidavaks ja&hellip;<\/p>","protected":false},"featured_media":4827,"comment_status":"open","ping_status":"closed","template":"","meta":{"wprm-recipe-roundup-name":"","wprm-recipe-roundup-description":""},"product_brand":[],"product_cat":[243],"product_tag":[222],"class_list":{"0":"post-4821","1":"product","2":"type-product","3":"status-publish","4":"has-post-thumbnail","6":"product_cat-kaekellad-ja-ehted","7":"product_tag-kell","9":"first","10":"instock","11":"taxable","12":"shipping-taxable","13":"purchasable","14":"product-type-variable"},"supplier_id":null,"supplier_sku":"","barcode":null,"atum_controlled":true,"out_stock_date":null,"out_stock_threshold":null,"inheritable":false,"inbound_stock":0,"stock_on_hold":0,"sold_today":0,"sales_last_days":0,"reserved_stock":0,"customer_returns":0,"warehouse_damage":0,"lost_in_post":0,"other_logs":0,"out_stock_days":0,"lost_sales":0,"has_location":false,"update_date":"2026-03-07T01:16:01","atum_locations":[],"atum_stock_status":"instock","restock_status":false,"low_stock_amount":"","sales_update_date":"2026-03-07T01:16:01","calc_backorders":null,"aioseo_notices":[],"_links":{"self":[{"href":"https:\/\/ecoshop.ee\/lv\/wp-json\/wp\/v2\/product\/4821","targetHints":{"allow":["GET"]}}],"collection":[{"href":"https:\/\/ecoshop.ee\/lv\/wp-json\/wp\/v2\/product"}],"about":[{"href":"https:\/\/ecoshop.ee\/lv\/wp-json\/wp\/v2\/types\/product"}],"replies":[{"embeddable":true,"href":"https:\/\/ecoshop.ee\/lv\/wp-json\/wp\/v2\/comments?post=4821"}],"version-history":[{"count":0,"href":"https:\/\/ecoshop.ee\/lv\/wp-json\/wp\/v2\/product\/4821\/revisions"}],"wp:featuredmedia":[{"embeddable":true,"href":"https:\/\/ecoshop.ee\/lv\/wp-json\/wp\/v2\/media\/4827"}],"wp:attachment":[{"href":"https:\/\/ecoshop.ee\/lv\/wp-json\/wp\/v2\/media?parent=4821"}],"wp:term":[{"taxonomy":"product_brand","embeddable":true,"href":"https:\/\/ecoshop.ee\/lv\/wp-json\/wp\/v2\/product_brand?post=4821"},{"taxonomy":"product_cat","embeddable":true,"href":"https:\/\/ecoshop.ee\/lv\/wp-json\/wp\/v2\/product_cat?post=4821"},{"taxonomy":"product_tag","embeddable":true,"href":"https:\/\/ecoshop.ee\/lv\/wp-json\/wp\/v2\/product_tag?post=4821"}],"curies":[{"name":"wp","href":"https:\/\/api.w.org\/{rel}","templated":true}]}}