{"id":4832,"date":"2024-06-25T22:16:24","date_gmt":"2024-06-25T19:16:24","guid":{"rendered":"https:\/\/ecoshop.ee\/?post_type=product&#038;p=4832"},"modified":"2025-12-25T19:40:47","modified_gmt":"2025-12-25T16:40:47","slug":"zelta-korka-sieviesu-mugursoma-ar-auklinas-aizdari","status":"publish","type":"product","link":"https:\/\/ecoshop.ee\/lv\/kotid\/kuldne-korgist-naiste-seljakott-tombekinnisega\/","title":{"rendered":"Zelta kor\u0137a sievie\u0161u mugursoma ar aukli\u0146as aizdari"},"content":{"rendered":"<p>Iepaz\u012bstin\u0101m ar perfektu stila un funkcionalit\u0101tes apvienojumu \u2013 zelta kor\u0137a sievie\u0161u mugursomu ar aukli\u0146as aizdari. Izgatavota no augstas kvalit\u0101tes kor\u0137a, \u0161\u012b mugursoma piesaist\u012bs uzman\u012bbu ar savu unik\u0101lo un p\u0101rsteidzo\u0161o zelta dizainu. \u0112rt\u0101 aukli\u0146as aizdare \u013cauj \u0101tri un \u0113rti piek\u013c\u016bt j\u016bsu mant\u0101m, un magn\u0113tisk\u0101s aizdares kabata pasarg\u0101 v\u0113rtslietas.<\/p>\n<p>Mugursomas iek\u0161pus\u0113 ir ietilp\u012bgs galvenais nodal\u012bjums ar nodal\u012bjumu, kas pal\u012bdz sak\u0101rtot mantas. Turkl\u0101t regul\u0113jam\u0101s plecu siksnas nodro\u0161ina \u0113rtu un personaliz\u0113tu piegulumu, padarot \u0161o mugursomu ide\u0101li piem\u0113rotu ikdienas valk\u0101\u0161anai.<\/p>\n<p>Papildiniet savu garderobi ar \u0161o stil\u012bgo un praktisko kor\u0137a mugursomu, kas apvieno ilgtsp\u0113j\u012bbu ar modernu dizainu. Lieliski piem\u0113rota pastaig\u0101m pils\u0113t\u0101, darbam vai skolai, vienlaikus nodro\u0161inot komfortu un stilu.<\/p>\n<p><strong>Lielsused:<\/strong><\/p>\n<ul>\n<li>Garums: 26 cm<\/li>\n<li>Platums: 23 cm<\/li>\n<li>Biezums: 14 cm<\/li>\n<\/ul>","protected":false},"excerpt":{"rendered":"<p>Tutvustame stiili ja funktsionaalsuse t\u00e4iuslikku kombinatsiooni \u2013 kuldne korgist naiste seljakott t\u00f5mbekinnisega. Valmistatud k\u00f5rgekvaliteedilisest korgist seljakott p\u00fc\u00fcab pilke oma ainulaadse ja silmatorkava&hellip;<\/p>","protected":false},"featured_media":4833,"comment_status":"open","ping_status":"closed","template":"","meta":{"wprm-recipe-roundup-name":"","wprm-recipe-roundup-description":""},"product_brand":[],"product_cat":[242],"product_tag":[202],"class_list":{"0":"post-4832","1":"product","2":"type-product","3":"status-publish","4":"has-post-thumbnail","6":"product_cat-kotid","7":"product_tag-kott","9":"first","10":"instock","11":"taxable","12":"shipping-taxable","13":"purchasable","14":"product-type-simple"},"supplier_id":9159,"supplier_sku":"","barcode":null,"atum_controlled":true,"out_stock_date":null,"out_stock_threshold":null,"inheritable":false,"inbound_stock":0,"stock_on_hold":0,"sold_today":0,"sales_last_days":0,"reserved_stock":0,"customer_returns":0,"warehouse_damage":0,"lost_in_post":0,"other_logs":0,"out_stock_days":0,"lost_sales":0,"has_location":false,"update_date":"2026-03-07T01:16:03","atum_locations":[],"atum_stock_status":"instock","restock_status":false,"low_stock_amount":"","sales_update_date":"2026-03-07T01:16:03","calc_backorders":null,"aioseo_notices":[],"_links":{"self":[{"href":"https:\/\/ecoshop.ee\/lv\/wp-json\/wp\/v2\/product\/4832","targetHints":{"allow":["GET"]}}],"collection":[{"href":"https:\/\/ecoshop.ee\/lv\/wp-json\/wp\/v2\/product"}],"about":[{"href":"https:\/\/ecoshop.ee\/lv\/wp-json\/wp\/v2\/types\/product"}],"replies":[{"embeddable":true,"href":"https:\/\/ecoshop.ee\/lv\/wp-json\/wp\/v2\/comments?post=4832"}],"version-history":[{"count":0,"href":"https:\/\/ecoshop.ee\/lv\/wp-json\/wp\/v2\/product\/4832\/revisions"}],"wp:featuredmedia":[{"embeddable":true,"href":"https:\/\/ecoshop.ee\/lv\/wp-json\/wp\/v2\/media\/4833"}],"wp:attachment":[{"href":"https:\/\/ecoshop.ee\/lv\/wp-json\/wp\/v2\/media?parent=4832"}],"wp:term":[{"taxonomy":"product_brand","embeddable":true,"href":"https:\/\/ecoshop.ee\/lv\/wp-json\/wp\/v2\/product_brand?post=4832"},{"taxonomy":"product_cat","embeddable":true,"href":"https:\/\/ecoshop.ee\/lv\/wp-json\/wp\/v2\/product_cat?post=4832"},{"taxonomy":"product_tag","embeddable":true,"href":"https:\/\/ecoshop.ee\/lv\/wp-json\/wp\/v2\/product_tag?post=4832"}],"curies":[{"name":"wp","href":"https:\/\/api.w.org\/{rel}","templated":true}]}}