{"id":4839,"date":"2024-06-25T23:00:54","date_gmt":"2024-06-25T20:00:54","guid":{"rendered":"https:\/\/ecoshop.ee\/?post_type=product&#038;p=4839"},"modified":"2025-12-25T19:44:33","modified_gmt":"2025-12-25T16:44:33","slug":"korka-vina-aksesuaru-komplekts","status":"publish","type":"product","link":"https:\/\/ecoshop.ee\/lv\/tarvikud\/korgist-veiniaksessuaaride-komplekt\/","title":{"rendered":"Kor\u0137a v\u012bna aksesu\u0101ru komplekts"},"content":{"rendered":"<p>Iepaz\u012bstin\u0101m ar m\u016bsu eleganto kor\u0137a v\u012bna aksesu\u0101ru komplektu, kas paredz\u0113ts, lai uzlabotu j\u016bsu v\u012bna baud\u012b\u0161anas pieredzi, pie\u0161\u0137irot izsmalcin\u0101t\u012bbu jebkurai svin\u0113\u0161anai. \u0160is komplekts pied\u0101v\u0101 kompaktu, bet stil\u012bgu risin\u0101jumu jebkuram v\u012bna cien\u012bt\u0101jam.<\/p>\n<p><strong>Komplekt\u0101 ietilpst:<\/strong><\/p>\n<ul>\n<li>V\u012bna attais\u0101mais: augstas kvalit\u0101tes v\u012bna attais\u0101mais, kas viegli no\u0146em kor\u0137i no j\u016bsu iecien\u012bt\u0101kaj\u0101m v\u012bna pudel\u0113m. T\u0101 ergonomiskais dizains nodro\u0161ina \u0113rtu satv\u0113rienu un vienm\u0113r\u012bgu darb\u012bbu.<\/li>\n<li>V\u012bna pil\u0113\u0161anas kr\u016bze: V\u012bna pil\u0113\u0161anas kr\u016bze nodro\u0161ina kontrol\u0113tu un dro\u0161u lie\u0161anu. T\u0101s r\u016bp\u012bgi izstr\u0101d\u0101tais sn\u012bpis nodro\u0161ina vienm\u0113r\u012bgu v\u012bna pl\u016bsmu, nov\u0113r\u0161ot traipu veido\u0161anos.<\/li>\n<li>V\u012bna kor\u0137is: Saglab\u0101jiet nepabeigta v\u012bna gar\u0161as un arom\u0101tus ar v\u012bna kor\u0137i. Izgatavots no iztur\u012bgiem materi\u0101liem, kor\u0137is nodro\u0161ina herm\u0113tisku bl\u012bv\u0113jumu, ilg\u0101k saglab\u0101jot v\u012bnu svaigu.<\/li>\n<li>V\u012bna pudeles aizb\u0101znis: Ielie\u0161ana k\u013c\u016bst viegla un kontrol\u0113ta, nodro\u0161inot vienm\u0113r\u012bgu un prec\u012bzu v\u012bna pl\u016bsmu bez nopl\u016bd\u0113m vai traipiem.<\/li>\n<\/ul>\n<p>Komplekts ir izgatavots no augstas kvalit\u0101tes materi\u0101liem un piev\u0113r\u0161ot uzman\u012bbu deta\u013c\u0101m, apvienojot funkcionalit\u0101ti un est\u0113tiku. Katrs priek\u0161mets ir izstr\u0101d\u0101ts, lai uzlabotu j\u016bsu v\u012bna baud\u012b\u0161anas pieredzi. Kompakt\u0101 kor\u0137a k\u0101rba ir viegli uzglab\u0101jama un transport\u0113jama. Ide\u0101ls pavadonis vakari\u0146u galdiem, piknikiem vai v\u012bna degust\u0101cijas pas\u0101kumiem, k\u0101 ar\u012b lieliska d\u0101vana v\u012bna cien\u012bt\u0101jiem.<\/p>","protected":false},"excerpt":{"rendered":"<p>Tutvustame meie elegantset korgist veiniaksessuaaride komplekti, mis on loodud t\u00e4iendama sinu veinijoomise kogemust, lisades rafineeritust igale koosviibimisele. See komplekt pakub kompaktset kuid&hellip;<\/p>","protected":false},"featured_media":4844,"comment_status":"open","ping_status":"closed","template":"","meta":{"wprm-recipe-roundup-name":"","wprm-recipe-roundup-description":""},"product_brand":[],"product_cat":[245],"product_tag":[224],"class_list":{"0":"post-4839","1":"product","2":"type-product","3":"status-publish","4":"has-post-thumbnail","6":"product_cat-tarvikud","7":"product_tag-veinitarvikud","9":"first","10":"instock","11":"taxable","12":"shipping-taxable","13":"purchasable","14":"product-type-variable"},"supplier_id":null,"supplier_sku":"","barcode":null,"atum_controlled":true,"out_stock_date":"2025-03-27 13:13:32","out_stock_threshold":null,"inheritable":true,"inbound_stock":0,"stock_on_hold":0,"sold_today":0,"sales_last_days":0,"reserved_stock":0,"customer_returns":0,"warehouse_damage":0,"lost_in_post":0,"other_logs":0,"out_stock_days":344,"lost_sales":0,"has_location":false,"update_date":"2026-03-07T01:16:04","atum_locations":[],"atum_stock_status":"instock","restock_status":false,"low_stock_amount":"","sales_update_date":"2026-03-07T01:16:04","calc_backorders":null,"aioseo_notices":[],"_links":{"self":[{"href":"https:\/\/ecoshop.ee\/lv\/wp-json\/wp\/v2\/product\/4839","targetHints":{"allow":["GET"]}}],"collection":[{"href":"https:\/\/ecoshop.ee\/lv\/wp-json\/wp\/v2\/product"}],"about":[{"href":"https:\/\/ecoshop.ee\/lv\/wp-json\/wp\/v2\/types\/product"}],"replies":[{"embeddable":true,"href":"https:\/\/ecoshop.ee\/lv\/wp-json\/wp\/v2\/comments?post=4839"}],"version-history":[{"count":0,"href":"https:\/\/ecoshop.ee\/lv\/wp-json\/wp\/v2\/product\/4839\/revisions"}],"wp:featuredmedia":[{"embeddable":true,"href":"https:\/\/ecoshop.ee\/lv\/wp-json\/wp\/v2\/media\/4844"}],"wp:attachment":[{"href":"https:\/\/ecoshop.ee\/lv\/wp-json\/wp\/v2\/media?parent=4839"}],"wp:term":[{"taxonomy":"product_brand","embeddable":true,"href":"https:\/\/ecoshop.ee\/lv\/wp-json\/wp\/v2\/product_brand?post=4839"},{"taxonomy":"product_cat","embeddable":true,"href":"https:\/\/ecoshop.ee\/lv\/wp-json\/wp\/v2\/product_cat?post=4839"},{"taxonomy":"product_tag","embeddable":true,"href":"https:\/\/ecoshop.ee\/lv\/wp-json\/wp\/v2\/product_tag?post=4839"}],"curies":[{"name":"wp","href":"https:\/\/api.w.org\/{rel}","templated":true}]}}