{"id":4886,"date":"2024-06-27T22:22:14","date_gmt":"2024-06-27T19:22:14","guid":{"rendered":"https:\/\/ecoshop.ee\/?post_type=product&#038;p=4886"},"modified":"2025-12-25T19:44:34","modified_gmt":"2025-12-25T16:44:34","slug":"korka-brillu-macins-ar-magnetisko-aizdari","status":"publish","type":"product","link":"https:\/\/ecoshop.ee\/lv\/tarvikud\/magnetlukustusega-korgist-prillitoos\/","title":{"rendered":"Kor\u0137a bri\u013c\u013cu maci\u0146\u0161 ar magn\u0113tisku aizdari"},"content":{"rendered":"<p>\u0160is dab\u012bg\u0101 kor\u0137a bri\u013c\u013cu futr\u0101lis pie\u0161\u0137ir m\u0101ksliniecisku piesk\u0101rienu j\u016bsu ikdienas priek\u0161metiem. Izgatavots no ilgtsp\u0113j\u012bga portug\u0101\u013cu kor\u0137a un dekor\u0113ts ar detaliz\u0113tiem rakstiem. M\u012bkstais kor\u0137a materi\u0101ls ir saudz\u012bgs j\u016bsu bri\u013c\u013cu ietvariem, un magn\u0113tiskais aizdares meh\u0101nisms dro\u0161i notur j\u016bsu brilles viet\u0101.<\/p>\n<p>\u0160is vieglais un dabiski izol\u0113jo\u0161ais bri\u013c\u013cu maci\u0146\u0161 ir \u012bsta grezn\u012bba tiem, kas nov\u0113rt\u0113 vienk\u0101r\u0161us dz\u012bves priekus. Ievietojiet savas iecien\u012bt\u0101k\u0101s saulesbrilles \u0161aj\u0101 skaistaj\u0101 bri\u013c\u013cu maci\u0146\u0101 un izbaudiet prieku par apzin\u0101tas, stil\u012bgas un ilgtsp\u0113j\u012bgas izv\u0113les izdar\u012b\u0161anu. Ja kvalit\u0101te, ilgtsp\u0113j\u012bba un izcils stils ir vienl\u012bdz svar\u012bgi, tad \u0161is kor\u0137a bri\u013c\u013cu maci\u0146\u0161 attaisnos visas j\u016bsu cer\u012bbas.<\/p>\n<p><strong>Izm\u0113rs:<\/strong><\/p>\n<ul>\n<li>Garums: 16 cm<\/li>\n<li>Platums: 5,5 cm<\/li>\n<li>Biezums: 3,5 cm<\/li>\n<\/ul>","protected":false},"excerpt":{"rendered":"<p>See looduslikust korgist prillitoos lisab sinu igap\u00e4evaesemetele kunstip\u00e4rase tunde. Valmistatud j\u00e4tkusuutlikust Portugali korgist ja kaunistatud detailsete mustritega. Pehme korgimaterjal on \u00f5rn sinu&hellip;<\/p>","protected":false},"featured_media":4891,"comment_status":"open","ping_status":"closed","template":"","meta":{"wprm-recipe-roundup-name":"","wprm-recipe-roundup-description":""},"product_brand":[],"product_cat":[245],"product_tag":[236],"class_list":{"0":"post-4886","1":"product","2":"type-product","3":"status-publish","4":"has-post-thumbnail","6":"product_cat-tarvikud","7":"product_tag-prillitoos","9":"first","10":"instock","11":"taxable","12":"shipping-taxable","13":"purchasable","14":"product-type-variable"},"supplier_id":null,"supplier_sku":"","barcode":null,"atum_controlled":true,"out_stock_date":null,"out_stock_threshold":null,"inheritable":false,"inbound_stock":0,"stock_on_hold":0,"sold_today":0,"sales_last_days":0,"reserved_stock":0,"customer_returns":0,"warehouse_damage":0,"lost_in_post":0,"other_logs":0,"out_stock_days":0,"lost_sales":0,"has_location":false,"update_date":"2026-03-07T01:16:03","atum_locations":[],"atum_stock_status":"instock","restock_status":false,"low_stock_amount":"","sales_update_date":"2026-03-07T01:16:03","calc_backorders":null,"aioseo_notices":[],"_links":{"self":[{"href":"https:\/\/ecoshop.ee\/lv\/wp-json\/wp\/v2\/product\/4886","targetHints":{"allow":["GET"]}}],"collection":[{"href":"https:\/\/ecoshop.ee\/lv\/wp-json\/wp\/v2\/product"}],"about":[{"href":"https:\/\/ecoshop.ee\/lv\/wp-json\/wp\/v2\/types\/product"}],"replies":[{"embeddable":true,"href":"https:\/\/ecoshop.ee\/lv\/wp-json\/wp\/v2\/comments?post=4886"}],"version-history":[{"count":0,"href":"https:\/\/ecoshop.ee\/lv\/wp-json\/wp\/v2\/product\/4886\/revisions"}],"wp:featuredmedia":[{"embeddable":true,"href":"https:\/\/ecoshop.ee\/lv\/wp-json\/wp\/v2\/media\/4891"}],"wp:attachment":[{"href":"https:\/\/ecoshop.ee\/lv\/wp-json\/wp\/v2\/media?parent=4886"}],"wp:term":[{"taxonomy":"product_brand","embeddable":true,"href":"https:\/\/ecoshop.ee\/lv\/wp-json\/wp\/v2\/product_brand?post=4886"},{"taxonomy":"product_cat","embeddable":true,"href":"https:\/\/ecoshop.ee\/lv\/wp-json\/wp\/v2\/product_cat?post=4886"},{"taxonomy":"product_tag","embeddable":true,"href":"https:\/\/ecoshop.ee\/lv\/wp-json\/wp\/v2\/product_tag?post=4886"}],"curies":[{"name":"wp","href":"https:\/\/api.w.org\/{rel}","templated":true}]}}