{"id":4893,"date":"2024-06-27T22:31:17","date_gmt":"2024-06-27T19:31:17","guid":{"rendered":"https:\/\/ecoshop.ee\/?post_type=product&#038;p=4893"},"modified":"2025-12-25T19:44:33","modified_gmt":"2025-12-25T16:44:33","slug":"geometriska-raksta-korka-zimulu-macins","status":"publish","type":"product","link":"https:\/\/ecoshop.ee\/lv\/tarvikud\/geomeetrilise-mustriga-korgist-pliiatsikott\/","title":{"rendered":"\u0122eometrisk\u0101 raksta kor\u0137a z\u012bmu\u013cu maci\u0146\u0161"},"content":{"rendered":"<p>\u0160is kor\u0137a pen\u0101lis ir ide\u0101li piem\u0113rots skolai, universit\u0101tei vai birojam. Unik\u0101ls kor\u0137a izstr\u0101d\u0101jums, kas ir \u013coti praktisks un viegli p\u0101rn\u0113s\u0101jams, iederoties jebkur\u0101 rokassomi\u0146\u0101. Piem\u0113rots gan skolas piederumu, gan kosm\u0113tikas \u0113rtai glab\u0101\u0161anai un organiz\u0113\u0161anai. Izgatavots no ekolo\u0123iska un ilgtsp\u0113j\u012bga kor\u0137a, kas ir \u013coti m\u012bksts, elast\u012bgs un iztur\u012bgs.<\/p>\n<p><strong>Izm\u0113rs:<\/strong><\/p>\n<ul>\n<li>Garums: 20 cm<\/li>\n<li>Platums: 9 cm<\/li>\n<li>Biezums: 9 cm<\/li>\n<\/ul>","protected":false},"excerpt":{"rendered":"<p>See korgist pliiatsikott on ideaalne kooli, \u00fclikooli v\u00f5i kontorisse. Unikaalne korgist toode, mis on v\u00e4ga praktiline ja kergesti kaasaskantav, mahtudes igasse k\u00e4ekotti.&hellip;<\/p>","protected":false},"featured_media":4894,"comment_status":"open","ping_status":"closed","template":"","meta":{"wprm-recipe-roundup-name":"","wprm-recipe-roundup-description":""},"product_brand":[],"product_cat":[245],"product_tag":[202,237],"class_list":{"0":"post-4893","1":"product","2":"type-product","3":"status-publish","4":"has-post-thumbnail","6":"product_cat-tarvikud","7":"product_tag-kott","8":"product_tag-pliiatsikott","10":"first","11":"instock","12":"taxable","13":"shipping-taxable","14":"purchasable","15":"product-type-simple"},"supplier_id":9159,"supplier_sku":"","barcode":null,"atum_controlled":true,"out_stock_date":null,"out_stock_threshold":null,"inheritable":false,"inbound_stock":0,"stock_on_hold":0,"sold_today":0,"sales_last_days":0,"reserved_stock":0,"customer_returns":0,"warehouse_damage":0,"lost_in_post":0,"other_logs":0,"out_stock_days":0,"lost_sales":0,"has_location":false,"update_date":"2026-03-07T01:16:04","atum_locations":[],"atum_stock_status":"instock","restock_status":false,"low_stock_amount":"","sales_update_date":"2026-03-07T01:16:04","calc_backorders":null,"aioseo_notices":[],"_links":{"self":[{"href":"https:\/\/ecoshop.ee\/lv\/wp-json\/wp\/v2\/product\/4893","targetHints":{"allow":["GET"]}}],"collection":[{"href":"https:\/\/ecoshop.ee\/lv\/wp-json\/wp\/v2\/product"}],"about":[{"href":"https:\/\/ecoshop.ee\/lv\/wp-json\/wp\/v2\/types\/product"}],"replies":[{"embeddable":true,"href":"https:\/\/ecoshop.ee\/lv\/wp-json\/wp\/v2\/comments?post=4893"}],"version-history":[{"count":0,"href":"https:\/\/ecoshop.ee\/lv\/wp-json\/wp\/v2\/product\/4893\/revisions"}],"wp:featuredmedia":[{"embeddable":true,"href":"https:\/\/ecoshop.ee\/lv\/wp-json\/wp\/v2\/media\/4894"}],"wp:attachment":[{"href":"https:\/\/ecoshop.ee\/lv\/wp-json\/wp\/v2\/media?parent=4893"}],"wp:term":[{"taxonomy":"product_brand","embeddable":true,"href":"https:\/\/ecoshop.ee\/lv\/wp-json\/wp\/v2\/product_brand?post=4893"},{"taxonomy":"product_cat","embeddable":true,"href":"https:\/\/ecoshop.ee\/lv\/wp-json\/wp\/v2\/product_cat?post=4893"},{"taxonomy":"product_tag","embeddable":true,"href":"https:\/\/ecoshop.ee\/lv\/wp-json\/wp\/v2\/product_tag?post=4893"}],"curies":[{"name":"wp","href":"https:\/\/api.w.org\/{rel}","templated":true}]}}