{"id":5521,"date":"2024-07-12T23:36:52","date_gmt":"2024-07-12T20:36:52","guid":{"rendered":"https:\/\/ecoshop.ee\/?post_type=product&#038;p=5521"},"modified":"2024-11-09T01:27:02","modified_gmt":"2024-11-08T22:27:02","slug":"aizsledzama-rakstaina-korka-plecu-soma","status":"publish","type":"product","link":"https:\/\/ecoshop.ee\/lv\/kotid\/lukustatav-mustriga-korgist-crossbody-kott\/","title":{"rendered":"Aizsl\u0113dzama rakstaina kor\u0137a plecu soma"},"content":{"rendered":"<p>\u0160ai struktur\u0113tajai kor\u0137a plecu somai ar kor\u0137a siksnu aizmugur\u0113 ir kabata ar r\u0101v\u0113jsl\u0113dz\u0113ju, lai \u0113rti uzglab\u0101tu ikdienas nepiecie\u0161am\u0101s lietas. Priek\u0161pus\u0113 ir skaists kr\u0101sains raksts, ko papildina zemnieciskas dab\u012bg\u0101 kor\u0137a deta\u013cas aug\u0161pus\u0113 un aizmugur\u0113. \u0160\u012b burv\u012bg\u0101 soma ir lieliska izv\u0113le veg\u0101niskam dz\u012bvesveidam, jo t\u0101 ir organiski un ilgtsp\u0113j\u012bgi ra\u017eota no ozola mizas.<\/p>\n<p>Materi\u0101ls un apdare:<\/p>\n<ul>\n<li>Materi\u0101ls: Kor\u0137is<\/li>\n<li>Odere: 35% kokvilna, 65% poliesters<\/li>\n<\/ul>\n<p>Izm\u0113rs:<\/p>\n<ul>\n<li>Garums: 23 cm<\/li>\n<li>Platums: 16 cm<\/li>\n<li>Svars: 150 g<\/li>\n<\/ul>","protected":false},"excerpt":{"rendered":"<p>See struktureeritud korkist crossbody kott, millel on korkist rihm, on varustatud tagumisel k\u00fcljel asuva lukuga taskuga, kuhu saad mugavalt oma igap\u00e4evased tarvikud&hellip;<\/p>","protected":false},"featured_media":5524,"comment_status":"open","ping_status":"closed","template":"","meta":{"wprm-recipe-roundup-name":"","wprm-recipe-roundup-description":""},"product_brand":[],"product_cat":[242],"product_tag":[202],"class_list":{"0":"post-5521","1":"product","2":"type-product","3":"status-publish","4":"has-post-thumbnail","6":"product_cat-kotid","7":"product_tag-kott","9":"first","10":"instock","11":"taxable","12":"shipping-taxable","13":"purchasable","14":"product-type-variable"},"supplier_id":null,"supplier_sku":"","barcode":null,"atum_controlled":true,"out_stock_date":null,"out_stock_threshold":null,"inheritable":false,"inbound_stock":0,"stock_on_hold":0,"sold_today":0,"sales_last_days":0,"reserved_stock":0,"customer_returns":0,"warehouse_damage":0,"lost_in_post":0,"other_logs":0,"out_stock_days":0,"lost_sales":0,"has_location":false,"update_date":"2026-03-07T01:16:04","atum_locations":[],"atum_stock_status":"instock","restock_status":false,"low_stock_amount":"","sales_update_date":"2026-03-07T01:16:04","calc_backorders":null,"aioseo_notices":[],"_links":{"self":[{"href":"https:\/\/ecoshop.ee\/lv\/wp-json\/wp\/v2\/product\/5521","targetHints":{"allow":["GET"]}}],"collection":[{"href":"https:\/\/ecoshop.ee\/lv\/wp-json\/wp\/v2\/product"}],"about":[{"href":"https:\/\/ecoshop.ee\/lv\/wp-json\/wp\/v2\/types\/product"}],"replies":[{"embeddable":true,"href":"https:\/\/ecoshop.ee\/lv\/wp-json\/wp\/v2\/comments?post=5521"}],"version-history":[{"count":0,"href":"https:\/\/ecoshop.ee\/lv\/wp-json\/wp\/v2\/product\/5521\/revisions"}],"wp:featuredmedia":[{"embeddable":true,"href":"https:\/\/ecoshop.ee\/lv\/wp-json\/wp\/v2\/media\/5524"}],"wp:attachment":[{"href":"https:\/\/ecoshop.ee\/lv\/wp-json\/wp\/v2\/media?parent=5521"}],"wp:term":[{"taxonomy":"product_brand","embeddable":true,"href":"https:\/\/ecoshop.ee\/lv\/wp-json\/wp\/v2\/product_brand?post=5521"},{"taxonomy":"product_cat","embeddable":true,"href":"https:\/\/ecoshop.ee\/lv\/wp-json\/wp\/v2\/product_cat?post=5521"},{"taxonomy":"product_tag","embeddable":true,"href":"https:\/\/ecoshop.ee\/lv\/wp-json\/wp\/v2\/product_tag?post=5521"}],"curies":[{"name":"wp","href":"https:\/\/api.w.org\/{rel}","templated":true}]}}