{"id":5559,"date":"2024-07-13T21:06:16","date_gmt":"2024-07-13T18:06:16","guid":{"rendered":"https:\/\/ecoshop.ee\/?post_type=product&#038;p=5559"},"modified":"2025-12-25T19:40:49","modified_gmt":"2025-12-25T16:40:49","slug":"dabiga-korka-iepirkumu-soma-ar-geometrisku-rakstu","status":"publish","type":"product","link":"https:\/\/ecoshop.ee\/lv\/kotid\/geomeetrilise-mustriga-naturaalsest-korgist-kandekott\/","title":{"rendered":"Dab\u012bg\u0101 kor\u0137a iepirkumu soma ar \u0123eometrisku rakstu"},"content":{"rendered":"<p><strong>\u0160iks stils un inovat\u012bva koncepcija<\/strong><br \/>\nTr\u012bsst\u016brveida raksts apvienojum\u0101 ar dab\u012bgo kor\u0137a materi\u0101lu padara \u0161o somu unik\u0101lu. Kokam l\u012bdz\u012bg\u0101 kor\u0137a tekst\u016bra pied\u0101v\u0101 maigumu, vieglumu un iztur\u012bgu dizainu.<\/p>\n<p><strong>\u012apa\u0161i \u0113rti un daudzpus\u012bgi<\/strong><br \/>\nTam ir \u013coti funkcion\u0101ls dizains, kas piest\u0101v da\u017e\u0101diem stiliem un valk\u0101\u0161anas iesp\u0113j\u0101m.<\/p>\n<p><strong>Moderns un pla\u0161s<\/strong><br \/>\n\u0160aj\u0101 iepirkumu som\u0101 var ietilpt viss nepiecie\u0161amais, dodoties \u0101r\u0101, piem\u0113ram, mobilais t\u0101lrunis, plan\u0161etdators, \u017eurn\u0101li, kosm\u0113tika, power bank, maks, ikdienas aksesu\u0101ri utt. Pl\u0101n\u0101 forma \u013cauj to saloc\u012bt un uzglab\u0101t plakaniski, kad t\u0101 ir tuk\u0161a.<\/p>\n<p><strong>Augstas kvalit\u0101tes materi\u0101li<\/strong><br \/>\nIzgatavots no augstas kvalit\u0101tes kor\u0137a un m\u012bkstas iek\u0161\u0113j\u0101s oderes, ar iztur\u012bgu r\u0101v\u0113jsl\u0113dz\u0113ju un pastiprin\u0101t\u0101m \u0161uv\u0113m.<\/p>\n<p><strong>Izm\u0113rs:<\/strong><\/p>\n<ul>\n<li>Garums 25 cm<\/li>\n<li>Platums: 20 cm<\/li>\n<li>Biezums: 7 cm<\/li>\n<li>Plecu \u0137\u0113de: 120 cm<\/li>\n<\/ul>","protected":false},"excerpt":{"rendered":"<p>\u0160ikk stiil ja innovatiivne kontseptsioon Kolmnurkmuster koos loodusliku korkmaterjaliga muudab selle koti ainulaadseks. Puidulaadne korgist tekstuur pakub pehmust, kergust ja vastupidavat disaini.&hellip;<\/p>","protected":false},"featured_media":5563,"comment_status":"open","ping_status":"closed","template":"","meta":{"wprm-recipe-roundup-name":"","wprm-recipe-roundup-description":""},"product_brand":[],"product_cat":[242],"product_tag":[202],"class_list":{"0":"post-5559","1":"product","2":"type-product","3":"status-publish","4":"has-post-thumbnail","6":"product_cat-kotid","7":"product_tag-kott","9":"first","10":"instock","11":"taxable","12":"shipping-taxable","13":"purchasable","14":"product-type-variable"},"supplier_id":null,"supplier_sku":"","barcode":null,"atum_controlled":true,"out_stock_date":null,"out_stock_threshold":null,"inheritable":false,"inbound_stock":0,"stock_on_hold":0,"sold_today":0,"sales_last_days":0,"reserved_stock":0,"customer_returns":0,"warehouse_damage":0,"lost_in_post":0,"other_logs":0,"out_stock_days":0,"lost_sales":0,"has_location":false,"update_date":"2026-03-07T01:16:04","atum_locations":[],"atum_stock_status":"instock","restock_status":false,"low_stock_amount":"","sales_update_date":"2026-03-07T01:16:04","calc_backorders":null,"aioseo_notices":[],"_links":{"self":[{"href":"https:\/\/ecoshop.ee\/lv\/wp-json\/wp\/v2\/product\/5559","targetHints":{"allow":["GET"]}}],"collection":[{"href":"https:\/\/ecoshop.ee\/lv\/wp-json\/wp\/v2\/product"}],"about":[{"href":"https:\/\/ecoshop.ee\/lv\/wp-json\/wp\/v2\/types\/product"}],"replies":[{"embeddable":true,"href":"https:\/\/ecoshop.ee\/lv\/wp-json\/wp\/v2\/comments?post=5559"}],"version-history":[{"count":0,"href":"https:\/\/ecoshop.ee\/lv\/wp-json\/wp\/v2\/product\/5559\/revisions"}],"wp:featuredmedia":[{"embeddable":true,"href":"https:\/\/ecoshop.ee\/lv\/wp-json\/wp\/v2\/media\/5563"}],"wp:attachment":[{"href":"https:\/\/ecoshop.ee\/lv\/wp-json\/wp\/v2\/media?parent=5559"}],"wp:term":[{"taxonomy":"product_brand","embeddable":true,"href":"https:\/\/ecoshop.ee\/lv\/wp-json\/wp\/v2\/product_brand?post=5559"},{"taxonomy":"product_cat","embeddable":true,"href":"https:\/\/ecoshop.ee\/lv\/wp-json\/wp\/v2\/product_cat?post=5559"},{"taxonomy":"product_tag","embeddable":true,"href":"https:\/\/ecoshop.ee\/lv\/wp-json\/wp\/v2\/product_tag?post=5559"}],"curies":[{"name":"wp","href":"https:\/\/api.w.org\/{rel}","templated":true}]}}