{"id":5568,"date":"2024-07-13T21:25:29","date_gmt":"2024-07-13T18:25:29","guid":{"rendered":"https:\/\/ecoshop.ee\/?post_type=product&#038;p=5568"},"modified":"2024-11-09T01:29:16","modified_gmt":"2024-11-08T22:29:16","slug":"rakstaina-dabiga-korka-plecu-soma","status":"publish","type":"product","link":"https:\/\/ecoshop.ee\/lv\/kotid\/mustriline-naturaalsest-korgist-olakott\/","title":{"rendered":"Rakstaina dab\u012bg\u0101 kor\u0137a plecu soma"},"content":{"rendered":"<p>\u0160\u012b stil\u012bg\u0101 kor\u0137a plecu soma apvieno dab\u012bgo un iztur\u012bgo kor\u0137a materi\u0101lu ar ikonisko portug\u0101\u013cu gai\u013ca mot\u012bvu, radot unik\u0101lu un kultur\u0101li bag\u0101tu aksesu\u0101ru. M\u012bkstais, vieglais un ilgtsp\u0113j\u012bgais dizains nodro\u0161ina \u0113rtu n\u0113s\u0101\u0161anu, savuk\u0101rt uzticamais magn\u0113tiskais aizdares meh\u0101nisms pasarg\u0101 j\u016bsu mantas. Ar praktiskiem nodal\u012bjumiem un aizmugur\u0113jo kabatu \u0161\u012b soma ir ide\u0101li piem\u0113rota ikdienas lieto\u0161anai, pied\u0101v\u0101jot funkcionalit\u0101ti un eleganci.<\/p>\n<p>&nbsp;<\/p>\n<p><strong>Lielsused:<\/strong><\/p>\n<ul>\n<li>Garums: 23 cm<\/li>\n<li>Platums: 18 cm<\/li>\n<li>Biezums: 8 cm<\/li>\n<\/ul>","protected":false},"excerpt":{"rendered":"<p>See stiilne korgist \u00f5lakott \u00fchendab loodusliku ja vastupidava korgimaterjali ikoonilise Portugali kukemotiiviga, luues ainulaadse ja kultuuriliselt rikastatud aksessuaari. Pehme, kerge ja j\u00e4tkusuutlik&hellip;<\/p>","protected":false},"featured_media":5569,"comment_status":"open","ping_status":"closed","template":"","meta":{"wprm-recipe-roundup-name":"","wprm-recipe-roundup-description":""},"product_brand":[],"product_cat":[242],"product_tag":[202],"class_list":{"0":"post-5568","1":"product","2":"type-product","3":"status-publish","4":"has-post-thumbnail","6":"product_cat-kotid","7":"product_tag-kott","9":"first","10":"instock","11":"taxable","12":"shipping-taxable","13":"purchasable","14":"product-type-simple"},"supplier_id":9159,"supplier_sku":"","barcode":null,"atum_controlled":true,"out_stock_date":null,"out_stock_threshold":null,"inheritable":false,"inbound_stock":0,"stock_on_hold":0,"sold_today":0,"sales_last_days":0,"reserved_stock":0,"customer_returns":0,"warehouse_damage":0,"lost_in_post":0,"other_logs":0,"out_stock_days":0,"lost_sales":0,"has_location":false,"update_date":"2026-03-07T01:16:04","atum_locations":[],"atum_stock_status":"instock","restock_status":false,"low_stock_amount":"","sales_update_date":"2026-03-07T01:16:04","calc_backorders":null,"aioseo_notices":[],"_links":{"self":[{"href":"https:\/\/ecoshop.ee\/lv\/wp-json\/wp\/v2\/product\/5568","targetHints":{"allow":["GET"]}}],"collection":[{"href":"https:\/\/ecoshop.ee\/lv\/wp-json\/wp\/v2\/product"}],"about":[{"href":"https:\/\/ecoshop.ee\/lv\/wp-json\/wp\/v2\/types\/product"}],"replies":[{"embeddable":true,"href":"https:\/\/ecoshop.ee\/lv\/wp-json\/wp\/v2\/comments?post=5568"}],"version-history":[{"count":0,"href":"https:\/\/ecoshop.ee\/lv\/wp-json\/wp\/v2\/product\/5568\/revisions"}],"wp:featuredmedia":[{"embeddable":true,"href":"https:\/\/ecoshop.ee\/lv\/wp-json\/wp\/v2\/media\/5569"}],"wp:attachment":[{"href":"https:\/\/ecoshop.ee\/lv\/wp-json\/wp\/v2\/media?parent=5568"}],"wp:term":[{"taxonomy":"product_brand","embeddable":true,"href":"https:\/\/ecoshop.ee\/lv\/wp-json\/wp\/v2\/product_brand?post=5568"},{"taxonomy":"product_cat","embeddable":true,"href":"https:\/\/ecoshop.ee\/lv\/wp-json\/wp\/v2\/product_cat?post=5568"},{"taxonomy":"product_tag","embeddable":true,"href":"https:\/\/ecoshop.ee\/lv\/wp-json\/wp\/v2\/product_tag?post=5568"}],"curies":[{"name":"wp","href":"https:\/\/api.w.org\/{rel}","templated":true}]}}