{"id":5643,"date":"2024-07-14T22:02:27","date_gmt":"2024-07-14T19:02:27","guid":{"rendered":"https:\/\/ecoshop.ee\/?post_type=product&#038;p=5643"},"modified":"2025-12-25T19:36:49","modified_gmt":"2025-12-25T16:36:49","slug":"korka-kakla-siksna-sunim","status":"publish","type":"product","link":"https:\/\/ecoshop.ee\/lv\/tarvikud\/korgist-kaelarihm-koerale\/","title":{"rendered":"Kor\u0137a kaklasiksna sunim"},"content":{"rendered":"<p>\u0112rta un iztur\u012bga kor\u0137a kakla siksna maz\u0101kam sunim.<\/p>\n<p>&nbsp;<\/p>\n<p>Izm\u0113rs:<\/p>\n<ul>\n<li>Garums: 35 cm<\/li>\n<li>Platums: 2 cm<\/li>\n<li>Biezums: 0,38 cm<\/li>\n<\/ul>","protected":false},"excerpt":{"rendered":"<p>Mugav ja vastupidav korgist kaelarihm v\u00e4iksemale koerale. &nbsp; Suurus: Pikkus: 35 cm Laius: 2 cm Paksus: 0,38 cm<\/p>","protected":false},"featured_media":5644,"comment_status":"open","ping_status":"closed","template":"","meta":{"wprm-recipe-roundup-name":"","wprm-recipe-roundup-description":""},"product_brand":[],"product_cat":[244,245],"product_tag":[],"class_list":{"0":"post-5643","1":"product","2":"type-product","3":"status-publish","4":"has-post-thumbnail","6":"product_cat-rihmad","7":"product_cat-tarvikud","9":"first","10":"instock","11":"taxable","12":"shipping-taxable","13":"purchasable","14":"product-type-variable"},"supplier_id":null,"supplier_sku":"","barcode":null,"atum_controlled":true,"out_stock_date":null,"out_stock_threshold":null,"inheritable":false,"inbound_stock":0,"stock_on_hold":0,"sold_today":0,"sales_last_days":0,"reserved_stock":0,"customer_returns":0,"warehouse_damage":0,"lost_in_post":0,"other_logs":0,"out_stock_days":0,"lost_sales":0,"has_location":false,"update_date":"2026-03-07T01:16:04","atum_locations":[],"atum_stock_status":"instock","restock_status":false,"low_stock_amount":"","sales_update_date":"2026-03-07T01:16:04","calc_backorders":null,"aioseo_notices":[],"_links":{"self":[{"href":"https:\/\/ecoshop.ee\/lv\/wp-json\/wp\/v2\/product\/5643","targetHints":{"allow":["GET"]}}],"collection":[{"href":"https:\/\/ecoshop.ee\/lv\/wp-json\/wp\/v2\/product"}],"about":[{"href":"https:\/\/ecoshop.ee\/lv\/wp-json\/wp\/v2\/types\/product"}],"replies":[{"embeddable":true,"href":"https:\/\/ecoshop.ee\/lv\/wp-json\/wp\/v2\/comments?post=5643"}],"version-history":[{"count":0,"href":"https:\/\/ecoshop.ee\/lv\/wp-json\/wp\/v2\/product\/5643\/revisions"}],"wp:featuredmedia":[{"embeddable":true,"href":"https:\/\/ecoshop.ee\/lv\/wp-json\/wp\/v2\/media\/5644"}],"wp:attachment":[{"href":"https:\/\/ecoshop.ee\/lv\/wp-json\/wp\/v2\/media?parent=5643"}],"wp:term":[{"taxonomy":"product_brand","embeddable":true,"href":"https:\/\/ecoshop.ee\/lv\/wp-json\/wp\/v2\/product_brand?post=5643"},{"taxonomy":"product_cat","embeddable":true,"href":"https:\/\/ecoshop.ee\/lv\/wp-json\/wp\/v2\/product_cat?post=5643"},{"taxonomy":"product_tag","embeddable":true,"href":"https:\/\/ecoshop.ee\/lv\/wp-json\/wp\/v2\/product_tag?post=5643"}],"curies":[{"name":"wp","href":"https:\/\/api.w.org\/{rel}","templated":true}]}}