{"id":5656,"date":"2024-07-14T22:35:50","date_gmt":"2024-07-14T19:35:50","guid":{"rendered":"https:\/\/ecoshop.ee\/?post_type=product&#038;p=5656"},"modified":"2025-12-25T19:35:22","modified_gmt":"2025-12-25T16:35:22","slug":"forss-leoparda-raksta-korka-maks","status":"publish","type":"product","link":"https:\/\/ecoshop.ee\/lv\/rahakotid\/laheda-leopardi-mustriga-korgist-rahakott\/","title":{"rendered":"Stil\u012bgs leoparda raksta kor\u0137a maks"},"content":{"rendered":"<p>\u0160is stil\u012bgais leoparda raksta kor\u0137a maks var\u0113tu k\u013c\u016bt par j\u016bsu jauno favor\u012btu! \u0112rti p\u0101rn\u0113s\u0101jiet savas mon\u0113tas, skaidru naudu un kartes. Glab\u0101jiet savas mantas sak\u0101rtotas un stil\u012bgas ar \u0161o maku. Izgatavots no kor\u0137a materi\u0101la, kas ir videi draudz\u012bgs, veg\u0101nisks, \u013coti m\u012bksts, elast\u012bgs un iztur\u012bgs!<\/p>\n<p>&nbsp;<\/p>\n<p><strong>Apstiprin\u0101jums:<\/strong><\/p>\n<ul>\n<li>Kravas automa\u0161\u012bna<\/li>\n<\/ul>\n<p><strong>Lielsused:<\/strong><\/p>\n<ul>\n<li>Garums: 16 cm<\/li>\n<li>Platums: 9,5 cm<\/li>\n<li>Biezums: 2,5 cm<\/li>\n<\/ul>","protected":false},"excerpt":{"rendered":"<p>Laheda leopardi mustriga korgist rahakott v\u00f5ib olla teie uus lemmik! Kanna mugavalt kaasas m\u00fcnte, sularaha ja kaarte. Selle rahakotiga hoiad oma asjad&hellip;<\/p>","protected":false},"featured_media":5657,"comment_status":"open","ping_status":"closed","template":"","meta":{"wprm-recipe-roundup-name":"","wprm-recipe-roundup-description":""},"product_brand":[],"product_cat":[241],"product_tag":[219],"class_list":{"0":"post-5656","1":"product","2":"type-product","3":"status-publish","4":"has-post-thumbnail","6":"product_cat-rahakotid","7":"product_tag-rahakott","9":"first","10":"instock","11":"taxable","12":"shipping-taxable","13":"purchasable","14":"product-type-simple"},"supplier_id":9159,"supplier_sku":"","barcode":null,"atum_controlled":true,"out_stock_date":null,"out_stock_threshold":null,"inheritable":false,"inbound_stock":0,"stock_on_hold":0,"sold_today":0,"sales_last_days":0,"reserved_stock":0,"customer_returns":0,"warehouse_damage":0,"lost_in_post":0,"other_logs":0,"out_stock_days":0,"lost_sales":0,"has_location":false,"update_date":"2026-03-07T01:16:04","atum_locations":[],"atum_stock_status":"instock","restock_status":false,"low_stock_amount":"","sales_update_date":"2026-03-07T01:16:04","calc_backorders":null,"aioseo_notices":[],"_links":{"self":[{"href":"https:\/\/ecoshop.ee\/lv\/wp-json\/wp\/v2\/product\/5656","targetHints":{"allow":["GET"]}}],"collection":[{"href":"https:\/\/ecoshop.ee\/lv\/wp-json\/wp\/v2\/product"}],"about":[{"href":"https:\/\/ecoshop.ee\/lv\/wp-json\/wp\/v2\/types\/product"}],"replies":[{"embeddable":true,"href":"https:\/\/ecoshop.ee\/lv\/wp-json\/wp\/v2\/comments?post=5656"}],"version-history":[{"count":0,"href":"https:\/\/ecoshop.ee\/lv\/wp-json\/wp\/v2\/product\/5656\/revisions"}],"wp:featuredmedia":[{"embeddable":true,"href":"https:\/\/ecoshop.ee\/lv\/wp-json\/wp\/v2\/media\/5657"}],"wp:attachment":[{"href":"https:\/\/ecoshop.ee\/lv\/wp-json\/wp\/v2\/media?parent=5656"}],"wp:term":[{"taxonomy":"product_brand","embeddable":true,"href":"https:\/\/ecoshop.ee\/lv\/wp-json\/wp\/v2\/product_brand?post=5656"},{"taxonomy":"product_cat","embeddable":true,"href":"https:\/\/ecoshop.ee\/lv\/wp-json\/wp\/v2\/product_cat?post=5656"},{"taxonomy":"product_tag","embeddable":true,"href":"https:\/\/ecoshop.ee\/lv\/wp-json\/wp\/v2\/product_tag?post=5656"}],"curies":[{"name":"wp","href":"https:\/\/api.w.org\/{rel}","templated":true}]}}