{"id":5704,"date":"2024-07-16T13:23:32","date_gmt":"2024-07-16T10:23:32","guid":{"rendered":"https:\/\/ecoshop.ee\/?post_type=product&#038;p=5704"},"modified":"2025-12-25T19:35:22","modified_gmt":"2025-12-25T16:35:22","slug":"sieviesu-korka-maks-ar-ziedu-rakstu","status":"publish","type":"product","link":"https:\/\/ecoshop.ee\/lv\/rahakotid\/lillemustriga-korgist-naiste-rahakott\/","title":{"rendered":"Sievie\u0161u kor\u0137a maks ar ziedu rakstu"},"content":{"rendered":"<div class=\"flex-shrink-0 flex flex-col relative items-end\">\n<div>\n<div class=\"pt-0.5 juice:pt-0\">\n<div class=\"gizmo-bot-avatar flex h-6 w-6 items-center justify-center overflow-hidden rounded-full juice:h-8 juice:w-8\">\n<div class=\"relative p-1 rounded-sm flex items-center justify-center bg-token-main-surface-primary text-token-text-primary h-8 w-8\">Kauni lillemustriga korgist naiste rahakott, mille avar interj\u00f6\u00f6r v\u00f5imaldab teil h\u00f5lpsasti kanda k\u00f5iki vajalikke esemeid. Sellel on sisemine lukuga tasku, kaheksa krediitkaardi taskut ja kaks sisemist rahataskut. Valmistatud korgimaterjalist, mis on \u00f6koloogiline, v\u00e4ga pehme, paindlik ja vastupidav!<\/div>\n<\/div>\n<\/div>\n<\/div>\n<\/div>\n<div class=\"group\/conversation-turn relative flex w-full min-w-0 flex-col agent-turn\">\n<div class=\"flex-col gap-1 md:gap-3\">\n<div class=\"flex flex-grow flex-col max-w-full\">\n<div class=\"min-h-[20px] text-message flex flex-col items-start whitespace-pre-wrap break-words [.text-message+&amp;]:mt-5 juice:w-full juice:items-end overflow-x-auto gap-2\" dir=\"auto\" data-message-author-role=\"assistant\" data-message-id=\"22e4d8b6-7ffd-44bd-81e4-07045790b8c4\">\n<div class=\"flex w-full flex-col gap-1 juice:empty:hidden juice:first:pt-[3px]\">\n<div class=\"markdown prose w-full break-words dark:prose-invert dark\">\n<p>&nbsp;<\/p>\n<p><strong>Suurused:<\/strong><\/p>\n<ul>\n<li>Pikkus: 19 cm<\/li>\n<li>Laius: 10 cm<\/li>\n<li>Paksus: 3 cm<\/li>\n<\/ul>\n<\/div>\n<\/div>\n<\/div>\n<\/div>\n<\/div>\n<\/div>\n","protected":false},"excerpt":{"rendered":"<p>Kauni lillemustriga korgist naiste rahakott, mille avar interj\u00f6\u00f6r v\u00f5imaldab teil h\u00f5lpsasti kanda k\u00f5iki vajalikke esemeid. Sellel on sisemine lukuga tasku, kaheksa krediitkaardi&hellip;<\/p>","protected":false},"featured_media":5705,"comment_status":"open","ping_status":"closed","template":"","meta":{"wprm-recipe-roundup-name":"","wprm-recipe-roundup-description":""},"product_brand":[],"product_cat":[241],"product_tag":[219],"class_list":{"0":"post-5704","1":"product","2":"type-product","3":"status-publish","4":"has-post-thumbnail","6":"product_cat-rahakotid","7":"product_tag-rahakott","9":"first","10":"instock","11":"taxable","12":"shipping-taxable","13":"purchasable","14":"product-type-simple"},"supplier_id":9159,"supplier_sku":"","barcode":null,"atum_controlled":true,"out_stock_date":null,"out_stock_threshold":null,"inheritable":false,"inbound_stock":0,"stock_on_hold":0,"sold_today":0,"sales_last_days":0,"reserved_stock":0,"customer_returns":0,"warehouse_damage":0,"lost_in_post":0,"other_logs":0,"out_stock_days":0,"lost_sales":0,"has_location":false,"update_date":"2026-03-07T01:16:09","atum_locations":[],"atum_stock_status":"instock","restock_status":false,"low_stock_amount":"","sales_update_date":"2026-03-07T01:16:09","calc_backorders":null,"aioseo_notices":[],"_links":{"self":[{"href":"https:\/\/ecoshop.ee\/lv\/wp-json\/wp\/v2\/product\/5704","targetHints":{"allow":["GET"]}}],"collection":[{"href":"https:\/\/ecoshop.ee\/lv\/wp-json\/wp\/v2\/product"}],"about":[{"href":"https:\/\/ecoshop.ee\/lv\/wp-json\/wp\/v2\/types\/product"}],"replies":[{"embeddable":true,"href":"https:\/\/ecoshop.ee\/lv\/wp-json\/wp\/v2\/comments?post=5704"}],"version-history":[{"count":0,"href":"https:\/\/ecoshop.ee\/lv\/wp-json\/wp\/v2\/product\/5704\/revisions"}],"wp:featuredmedia":[{"embeddable":true,"href":"https:\/\/ecoshop.ee\/lv\/wp-json\/wp\/v2\/media\/5705"}],"wp:attachment":[{"href":"https:\/\/ecoshop.ee\/lv\/wp-json\/wp\/v2\/media?parent=5704"}],"wp:term":[{"taxonomy":"product_brand","embeddable":true,"href":"https:\/\/ecoshop.ee\/lv\/wp-json\/wp\/v2\/product_brand?post=5704"},{"taxonomy":"product_cat","embeddable":true,"href":"https:\/\/ecoshop.ee\/lv\/wp-json\/wp\/v2\/product_cat?post=5704"},{"taxonomy":"product_tag","embeddable":true,"href":"https:\/\/ecoshop.ee\/lv\/wp-json\/wp\/v2\/product_tag?post=5704"}],"curies":[{"name":"wp","href":"https:\/\/api.w.org\/{rel}","templated":true}]}}