{"id":5713,"date":"2024-07-16T14:01:55","date_gmt":"2024-07-16T11:01:55","guid":{"rendered":"https:\/\/ecoshop.ee\/?post_type=product&#038;p=5713"},"modified":"2025-12-25T19:43:04","modified_gmt":"2025-12-25T16:43:04","slug":"3-dalu-korka-sildvirsmu-komplekts","status":"publish","type":"product","link":"https:\/\/ecoshop.ee\/lv\/tarvikud\/3-osaline-korgist-kuumaaluste-komplekt\/","title":{"rendered":"3 da\u013cu kor\u0137a sildvirsmu komplekts"},"content":{"rendered":"<p>Iepaz\u012bstin\u0101m ar m\u016bsu innowatical tr\u012bsda\u013c\u012bgo modul\u0101ro kor\u0137a palikt\u0146u komplektu \u2014 lielisku papildin\u0101jumu jebkurai modernai virtuvei. \u0160aj\u0101 daudzpus\u012bgaj\u0101 komplekt\u0101 ietilpst tr\u012bs kor\u0137a palikt\u0146i ar unik\u0101lu, savstarp\u0113ji savienojamu dizainu, kas \u013cauj tos izmantot atsevi\u0161\u0137i vai kombin\u0101cij\u0101 da\u017e\u0101diem katlu izm\u0113riem un form\u0101m.<\/p>\n<p>Izgatavoti no augstas kvalit\u0101tes, ilgtsp\u0113j\u012bga kor\u0137a. \u0160ie galda palikt\u0146i nodro\u0161ina dabisku izol\u0101ciju, aizsarg\u0101jot j\u016bsu virsmas no karstuma rad\u012btiem boj\u0101jumiem. No\u0146emam\u0101s da\u013cas ir viegli uzglab\u0101t, un to \u0123eometriskais dizains pie\u0161\u0137ir modernu izskatu, kas iederas jebkur\u0101 interjer\u0101. Neatkar\u012bgi no t\u0101, vai pasniedzat vienu \u0113dienu vai r\u012bkojat mielastu, \u0161is kor\u0137a galda palikt\u0146u komplekts pie\u0161\u0137irs j\u016bsu galdam praktiskumu un atjaut\u012bbu.<\/p>\n<p>&nbsp;<\/p>\n<p><strong>Lielsused:<\/strong> (\u0101r\u0113jais kvadr\u0101ts)<\/p>\n<ul>\n<li>Garums: 20 cm<\/li>\n<li>Platums: 20 cm<\/li>\n<li>Augstums: 2 cm<\/li>\n<\/ul>","protected":false},"excerpt":{"rendered":"<p>Tutvustame meie innovaatilist 3-osalist ja modulaarset korgist kuumaaluste komplekti, mis on ideaalne t\u00e4iendus igasse kaasaegsesse k\u00f6\u00f6ki. See mitmek\u00fclgne komplekt sisaldab kolme korgist&hellip;<\/p>","protected":false},"featured_media":5714,"comment_status":"open","ping_status":"closed","template":"","meta":{"wprm-recipe-roundup-name":"","wprm-recipe-roundup-description":""},"product_brand":[],"product_cat":[245],"product_tag":[],"class_list":{"0":"post-5713","1":"product","2":"type-product","3":"status-publish","4":"has-post-thumbnail","6":"product_cat-tarvikud","8":"first","9":"instock","10":"taxable","11":"shipping-taxable","12":"purchasable","13":"product-type-simple"},"supplier_id":9159,"supplier_sku":"","barcode":null,"atum_controlled":true,"out_stock_date":null,"out_stock_threshold":null,"inheritable":false,"inbound_stock":0,"stock_on_hold":0,"sold_today":0,"sales_last_days":0,"reserved_stock":0,"customer_returns":0,"warehouse_damage":0,"lost_in_post":0,"other_logs":0,"out_stock_days":0,"lost_sales":0,"has_location":false,"update_date":"2026-03-07T01:16:09","atum_locations":[],"atum_stock_status":"instock","restock_status":false,"low_stock_amount":"","sales_update_date":"2026-03-07T01:16:09","calc_backorders":null,"aioseo_notices":[],"_links":{"self":[{"href":"https:\/\/ecoshop.ee\/lv\/wp-json\/wp\/v2\/product\/5713","targetHints":{"allow":["GET"]}}],"collection":[{"href":"https:\/\/ecoshop.ee\/lv\/wp-json\/wp\/v2\/product"}],"about":[{"href":"https:\/\/ecoshop.ee\/lv\/wp-json\/wp\/v2\/types\/product"}],"replies":[{"embeddable":true,"href":"https:\/\/ecoshop.ee\/lv\/wp-json\/wp\/v2\/comments?post=5713"}],"version-history":[{"count":0,"href":"https:\/\/ecoshop.ee\/lv\/wp-json\/wp\/v2\/product\/5713\/revisions"}],"wp:featuredmedia":[{"embeddable":true,"href":"https:\/\/ecoshop.ee\/lv\/wp-json\/wp\/v2\/media\/5714"}],"wp:attachment":[{"href":"https:\/\/ecoshop.ee\/lv\/wp-json\/wp\/v2\/media?parent=5713"}],"wp:term":[{"taxonomy":"product_brand","embeddable":true,"href":"https:\/\/ecoshop.ee\/lv\/wp-json\/wp\/v2\/product_brand?post=5713"},{"taxonomy":"product_cat","embeddable":true,"href":"https:\/\/ecoshop.ee\/lv\/wp-json\/wp\/v2\/product_cat?post=5713"},{"taxonomy":"product_tag","embeddable":true,"href":"https:\/\/ecoshop.ee\/lv\/wp-json\/wp\/v2\/product_tag?post=5713"}],"curies":[{"name":"wp","href":"https:\/\/api.w.org\/{rel}","templated":true}]}}